{"id":2810,"date":"2020-12-29T22:26:27","date_gmt":"2020-12-29T19:26:27","guid":{"rendered":"https:\/\/gaceramic.com\/?page_id=2810"},"modified":"2020-12-30T01:38:20","modified_gmt":"2020-12-29T22:38:20","slug":"%d8%a7%d9%84%d8%aa%d9%88%d8%b5%d9%8a%d9%84","status":"publish","type":"page","link":"https:\/\/gaceramic.com\/ar\/%d8%a7%d9%84%d8%aa%d9%88%d8%b5%d9%8a%d9%84\/","title":{"rendered":"\u0627\u0644\u062a\u0633\u0644\u064a\u0645"},"content":{"rendered":"<div data-elementor-type=\"wp-page\" data-elementor-id=\"2810\" class=\"elementor elementor-2810\">\n\t\t\t\t\t\t<section class=\"elementor-section elementor-top-section elementor-element elementor-element-2a11fc5 elementor-section-boxed elementor-section-height-default elementor-section-height-default\" data-id=\"2a11fc5\" data-element_type=\"section\">\n\t\t\t\t\t\t<div class=\"elementor-container elementor-column-gap-default\">\n\t\t\t\t\t<div class=\"elementor-column elementor-col-100 elementor-top-column elementor-element elementor-element-2208c0b\" data-id=\"2208c0b\" data-element_type=\"column\">\n\t\t\t<div class=\"elementor-widget-wrap elementor-element-populated\">\n\t\t\t\t\t\t<div class=\"elementor-element elementor-element-c404539 elementor-widget elementor-widget-heading\" data-id=\"c404539\" data-element_type=\"widget\" data-widget_type=\"heading.default\">\n\t\t\t\t<div class=\"elementor-widget-container\">\n\t\t\t<h2 class=\"elementor-heading-title elementor-size-medium\">\u0627\u0644\u062a\u0648\u0635\u064a\u0644<\/h2>\t\t<\/div>\n\t\t\t\t<\/div>\n\t\t\t\t\t<\/div>\n\t\t<\/div>\n\t\t\t\t\t<\/div>\n\t\t<\/section>\n\t\t\t\t<section class=\"elementor-section elementor-top-section elementor-element elementor-element-849da4f elementor-section-boxed elementor-section-height-default elementor-section-height-default\" data-id=\"849da4f\" data-element_type=\"section\">\n\t\t\t\t\t\t<div class=\"elementor-container elementor-column-gap-default\">\n\t\t\t\t\t<div class=\"elementor-column elementor-col-100 elementor-top-column elementor-element elementor-element-518e76c\" data-id=\"518e76c\" data-element_type=\"column\">\n\t\t\t<div class=\"elementor-widget-wrap elementor-element-populated\">\n\t\t\t\t\t\t<div class=\"elementor-element elementor-element-5152f10 elementor-widget elementor-widget-text-editor\" data-id=\"5152f10\" data-element_type=\"widget\" data-widget_type=\"text-editor.default\">\n\t\t\t\t<div class=\"elementor-widget-container\">\n\t\t\t\t\t\t\t<p>\u064a\u062a\u0645 \u062a\u0633\u0644\u064a\u0645 \u0627\u0644\u0637\u0644\u0628\u0627\u062a \u0641\u064a \u063a\u0636\u0648\u0646 12 \u064a\u0648\u0645\u0627\u064b \u0641\u064a \u0627\u0644\u0645\u062a\u0648\u0633\u0637 \u062d\u064a\u062b \u064a\u062a\u0645 \u0625\u0646\u062a\u0627\u062c\u0647\u0627 \u062e\u0635\u064a\u0635\u0627\u064b \u0644\u0643.<\/p>\n<p>\u0628\u0639\u062f \u062e\u0631\u0648\u062c \u0645\u0646\u062a\u062c\u0627\u062a\u0643 \u0645\u0646 \u0627\u0644\u0645\u0633\u062a\u0648\u062f\u0639\u060c \u0633\u064a\u062a\u0645 \u0625\u0628\u0644\u0627\u063a\u0643 \u0639\u0646 \u0637\u0631\u064a\u0642 \u0639\u0646\u0648\u0627\u0646 \u0628\u0631\u064a\u062f \u0625\u0644\u0643\u062a\u0631\u0648\u0646\u064a \u064a\u062d\u062a\u0648\u064a \u0639\u0644\u0649 \u0645\u0639\u0644\u0648\u0645\u0627\u062a \u062a\u062a\u0628\u0639 \u0627\u0644\u0634\u062d\u0646\u0629. \u064a\u062a\u0645 \u062a\u0633\u0644\u064a\u0645 \u0627\u0644\u0645\u0646\u062a\u062c\u0627\u062a \u0641\u064a \u063a\u0636\u0648\u0646 3 \u0623\u064a\u0627\u0645 \u0639\u0645\u0644 \u0628\u0639\u062f \u062a\u0633\u0644\u064a\u0645\u0647\u0627 \u0625\u0644\u0649 \u0634\u0631\u0643\u0629 \u0627\u0644\u0634\u062d\u0646 \u0627\u0644\u062a\u064a \u062a\u0639\u0627\u0642\u062f\u0646\u0627 \u0645\u0639\u0647\u0627.<\/p>\n<p>\u064a\u0645\u0643\u0646\u0643 \u0645\u062a\u0627\u0628\u0639\u0629 \u0637\u0644\u0628\u0627\u062a\u0643 \u0645\u0646 \u0642\u0633\u0645 \"\u0637\u0644\u0628\u0627\u062a\u064a\" \u0648\u0627\u0644\u062d\u0635\u0648\u0644 \u0639\u0644\u0649 \u0645\u0639\u0644\u0648\u0645\u0627\u062a \u062d\u0648\u0644 \u0622\u062e\u0631 \u062d\u0627\u0644\u0629 \u0644\u0634\u062d\u0646\u062a\u0643.<\/p>\n<p>\u0639\u0646\u062f\u0645\u0627 \u064a\u062a\u0645 \u0627\u0644\u062a\u0648\u0642\u064a\u0639 \u0639\u0644\u0649 \u0645\u0633\u062a\u0646\u062f \u0627\u0644\u062a\u0633\u0644\u064a\u0645 \u0627\u0644\u0645\u062a\u0639\u0644\u0642 \u0628\u0627\u0644\u0628\u0636\u0627\u0639\u0629 \u0627\u0644\u062a\u064a \u062a\u0635\u0644 \u0625\u0644\u0649 \u0639\u0646\u0648\u0627\u0646 \u0627\u0644\u062a\u0633\u0644\u064a\u0645 \u0645\u0646 \u0642\u0628\u0644 \u0627\u0644\u0639\u0645\u064a\u0644\u060c \u0641\u0633\u064a\u062a\u0645 \u0642\u0628\u0648\u0644 \u0627\u0633\u062a\u0644\u0627\u0645 \u0627\u0644\u0645\u0646\u062a\u062c\u0627\u062a \u0643\u0627\u0645\u0644\u0629\u064b \u0648\u063a\u064a\u0631 \u062a\u0627\u0644\u0641\u0629.<\/p>\n<p>\u0628\u0639\u062f \u0627\u0633\u062a\u0644\u0627\u0645 \u0627\u0644\u062d\u0645\u0648\u0644\u0629 \u0627\u0644\u062e\u0627\u0635\u0629 \u0628\u0643\u060c \u064a\u0631\u062c\u0649 \u0641\u062a\u062d\u0647\u0627 \u0648\u0641\u062d\u0635\u0647\u0627 \u0645\u0639 \u0645\u0633\u0624\u0648\u0644 \u0627\u0644\u0634\u062d\u0646.<\/p>\n<p>\u0625\u0630\u0627 \u0627\u062a\u0636\u062d \u0623\u0646 \u0628\u0639\u0636 \u0627\u0644\u0645\u0646\u062a\u062c\u0627\u062a \u0641\u064a \u0637\u0644\u0628\u0643 \u0645\u0641\u0642\u0648\u062f\u0629 \u0623\u0648 \u063a\u064a\u0631 \u0635\u062d\u064a\u062d\u0629 \u0623\u0648 \u062a\u0627\u0644\u0641\u0629 \u0623\u062b\u0646\u0627\u0621 \u0627\u0644\u0641\u062d\u0635\u060c \u0627\u0637\u0644\u0628 \u0645\u0646 \u0645\u0648\u0638\u0641 \u0627\u0644\u0634\u062d\u0646 \u0625\u0639\u062f\u0627\u062f \"\u062a\u0642\u0631\u064a\u0631 \u062a\u0642\u064a\u064a\u0645 \u0627\u0644\u062a\u0644\u0641\". \u064a\u0645\u0643\u0646\u0643 \u0625\u0631\u0633\u0627\u0644 \u0627\u0644\u0645\u0646\u062a\u062c \u0627\u0644\u062a\u0627\u0644\u0641 \u0625\u0644\u064a\u0646\u0627 \u0645\u0639 \u0627\u0644\u062a\u0642\u0631\u064a\u0631 \u0627\u0644\u0630\u064a \u0633\u064a\u0639\u062f\u0647 \u0645\u0648\u0638\u0641 \u0627\u0644\u0634\u062d\u0646 \u0648\u0637\u0644\u0628 \u0627\u0633\u062a\u0628\u062f\u0627\u0644 \u0627\u0644\u0645\u0646\u062a\u062c \u0623\u0648 \u0625\u0631\u062c\u0627\u0639\u0647. \u0623\u0639\u062f \u0637\u0631\u062f\u0643 \u0627\u0644\u062a\u0627\u0644\u0641 \u0625\u0644\u0649 \u0645\u0648\u0638\u0641 \u0627\u0644\u0634\u062d\u0646 \u0645\u0639 \u0627\u0644\u062a\u0642\u0631\u064a\u0631. \u0628\u0639\u062f \u0627\u0633\u062a\u0644\u0627\u0645\u0646\u0627 \u0644\u0644\u0645\u0646\u062a\u062c\u0627\u062a\u060c \u0633\u064a\u062a\u0645 \u0625\u062e\u0637\u0627\u0631\u0646\u0627 \u0628\u0627\u0644\u0637\u0631\u064a\u0642\u0629 \u0627\u0644\u062a\u064a \u064a\u062c\u0628 \u0627\u062a\u0628\u0627\u0639\u0647\u0627 \u0641\u064a\u0645\u0627 \u064a\u062a\u0639\u0644\u0642 \u0628\u0627\u0644\u0645\u0646\u062a\u062c \u0627\u0644\u0630\u064a \u0627\u0634\u062a\u0631\u064a\u062a\u0647.<\/p>\n<p>\u0644\u0627 \u064a\u0645\u0643\u0646 \u0637\u0644\u0628 \u0625\u0631\u062c\u0627\u0639 \u0623\u0648 \u0627\u0633\u062a\u0628\u062f\u0627\u0644 \u0645\u0646\u062a\u062c \u0645\u0643\u0633\u0648\u0631 \u0623\u0648 \u062a\u0627\u0644\u0641 \u0628\u062f\u0648\u0646 \u062a\u0642\u0631\u064a\u0631 \u0634\u062d\u0646.<\/p>\n<p>\u064a\u0639\u062f \u0627\u0644\u0645\u062d\u0636\u0631 \u0627\u0644\u0630\u064a \u062a\u0645 \u0625\u0639\u062f\u0627\u062f\u0647 \u0648\u0642\u062a \u0627\u0644\u062a\u0633\u0644\u064a\u0645 \u0627\u0644\u0623\u0648\u0644 \u0627\u0644\u0630\u064a \u064a\u0634\u0647\u062f \u0639\u0644\u064a\u0647 \u0645\u0633\u0624\u0648\u0644 \u0627\u0644\u0634\u062d\u0646\u0629 \u0645\u0647\u0645 \u062c\u062f\u0627\u064b \u0644\u0644\u0643\u0634\u0641 \u0639\u0646 \u0627\u0644\u0634\u062e\u0635 \u0627\u0644\u0645\u0633\u0624\u0648\u0644 \u0639\u0646 \u0627\u0644\u0645\u0641\u0642\u0648\u062f \u0623\u0648 \u0627\u0644\u062a\u0627\u0644\u0641. \u0642\u062f \u064a\u062a\u0645 \u0631\u0641\u0636 \u0627\u0644\u0625\u062e\u0637\u0627\u0631\u0627\u062a \u0627\u0644\u0646\u0627\u0642\u0635\u0629\/\u0627\u0644\u062a\u0627\u0644\u0641\u0629 \u0627\u0644\u062a\u064a \u0633\u062a\u0642\u062f\u0645\u0647\u0627 \u0628\u0639\u062f \u0627\u0633\u062a\u0644\u0627\u0645 \u0627\u0644\u0634\u062d\u0646\u0629 \u0628\u0646\u0627\u0621 \u0639\u0644\u0649 \u0627\u0644\u0641\u062d\u0635 \u0644\u0639\u062f\u0645 \u0648\u062c\u0648\u062f \u062a\u0642\u0631\u064a\u0631<\/p>\t\t\t\t\t\t<\/div>\n\t\t\t\t<\/div>\n\t\t\t\t\t<\/div>\n\t\t<\/div>\n\t\t\t\t\t<\/div>\n\t\t<\/section>\n\t\t\t\t<\/div>","protected":false},"excerpt":{"rendered":"<p>Teslimat Sipari\u015fler size \u00f6zel olarak \u00fcretilece\u011fi i\u00e7in ortalama 12 g\u00fcn i\u00e7inde teslim edilir. \u00dcr\u00fcnleriniz depodan \u00e7\u0131kt\u0131ktan sonra kargo takip bilgilerini i\u00e7eren bir e-posta adresi ile bilgilendirilirsiniz. \u00dcr\u00fcnler anla\u015fmal\u0131 oldu\u011fumuz kargo firmas\u0131na verildikten sonra 3 i\u015f g\u00fcn\u00fc i\u00e7inde teslim edilir. Sipari\u015flerinizin takibini \u2018Sipari\u015flerim\u2019 b\u00f6l\u00fcm\u00fcnden yapabilir ve kargonuzun son durumu hakk\u0131nda bilgi alabilirsiniz. Teslim adresine ula\u015fan kargo [&hellip;]<\/p>","protected":false},"author":1,"featured_media":0,"parent":0,"menu_order":0,"comment_status":"closed","ping_status":"closed","template":"","meta":{"_uag_custom_page_level_css":"","site-sidebar-layout":"no-sidebar","site-content-layout":"page-builder","ast-site-content-layout":"","site-content-style":"default","site-sidebar-style":"default","ast-global-header-display":"","ast-banner-title-visibility":"","ast-main-header-display":"","ast-hfb-above-header-display":"","ast-hfb-below-header-display":"","ast-hfb-mobile-header-display":"","site-post-title":"disabled","ast-breadcrumbs-content":"","ast-featured-img":"disabled","footer-sml-layout":"","theme-transparent-header-meta":"default","adv-header-id-meta":"","stick-header-meta":"","header-above-stick-meta":"","header-main-stick-meta":"","header-below-stick-meta":"","astra-migrate-meta-layouts":"default","ast-page-background-enabled":"default","ast-page-background-meta":{"desktop":{"background-color":"","background-image":"","background-repeat":"repeat","background-position":"center center","background-size":"auto","background-attachment":"scroll","background-type":"","background-media":"","overlay-type":"","overlay-color":"","overlay-opacity":"","overlay-gradient":""},"tablet":{"background-color":"","background-image":"","background-repeat":"repeat","background-position":"center center","background-size":"auto","background-attachment":"scroll","background-type":"","background-media":"","overlay-type":"","overlay-color":"","overlay-opacity":"","overlay-gradient":""},"mobile":{"background-color":"","background-image":"","background-repeat":"repeat","background-position":"center center","background-size":"auto","background-attachment":"scroll","background-type":"","background-media":"","overlay-type":"","overlay-color":"","overlay-opacity":"","overlay-gradient":""}},"ast-content-background-meta":{"desktop":{"background-color":"var(--ast-global-color-5)","background-image":"","background-repeat":"repeat","background-position":"center center","background-size":"auto","background-attachment":"scroll","background-type":"","background-media":"","overlay-type":"","overlay-color":"","overlay-opacity":"","overlay-gradient":""},"tablet":{"background-color":"var(--ast-global-color-5)","background-image":"","background-repeat":"repeat","background-position":"center center","background-size":"auto","background-attachment":"scroll","background-type":"","background-media":"","overlay-type":"","overlay-color":"","overlay-opacity":"","overlay-gradient":""},"mobile":{"background-color":"var(--ast-global-color-5)","background-image":"","background-repeat":"repeat","background-position":"center center","background-size":"auto","background-attachment":"scroll","background-type":"","background-media":"","overlay-type":"","overlay-color":"","overlay-opacity":"","overlay-gradient":""}},"footnotes":""},"class_list":["post-2810","page","type-page","status-publish","hentry"],"uagb_featured_image_src":{"full":false,"thumbnail":false,"medium":false,"medium_large":false,"large":false,"1536x1536":false,"2048x2048":false,"trp-custom-language-flag":false,"woocommerce_thumbnail":false,"woocommerce_single":false,"woocommerce_gallery_thumbnail":false,"variation_swatches_image_size":false,"variation_swatches_tooltip_size":false},"uagb_author_info":{"display_name":"gaceramic","author_link":"https:\/\/gaceramic.com\/ar\/author\/gaceramic\/"},"uagb_comment_info":0,"uagb_excerpt":"Teslimat Sipari\u015fler size \u00f6zel olarak \u00fcretilece\u011fi i\u00e7in ortalama 12 g\u00fcn i\u00e7inde teslim edilir. \u00dcr\u00fcnleriniz depodan \u00e7\u0131kt\u0131ktan sonra kargo takip bilgilerini i\u00e7eren bir e-posta adresi ile bilgilendirilirsiniz. \u00dcr\u00fcnler anla\u015fmal\u0131 oldu\u011fumuz kargo firmas\u0131na verildikten sonra 3 i\u015f g\u00fcn\u00fc i\u00e7inde teslim edilir. Sipari\u015flerinizin takibini \u2018Sipari\u015flerim\u2019 b\u00f6l\u00fcm\u00fcnden yapabilir ve kargonuzun son durumu hakk\u0131nda bilgi alabilirsiniz. Teslim adresine ula\u015fan kargo&hellip;","_links":{"self":[{"href":"https:\/\/gaceramic.com\/ar\/wp-json\/wp\/v2\/pages\/2810","targetHints":{"allow":["GET"]}}],"collection":[{"href":"https:\/\/gaceramic.com\/ar\/wp-json\/wp\/v2\/pages"}],"about":[{"href":"https:\/\/gaceramic.com\/ar\/wp-json\/wp\/v2\/types\/page"}],"author":[{"embeddable":true,"href":"https:\/\/gaceramic.com\/ar\/wp-json\/wp\/v2\/users\/1"}],"replies":[{"embeddable":true,"href":"https:\/\/gaceramic.com\/ar\/wp-json\/wp\/v2\/comments?post=2810"}],"version-history":[{"count":0,"href":"https:\/\/gaceramic.com\/ar\/wp-json\/wp\/v2\/pages\/2810\/revisions"}],"wp:attachment":[{"href":"https:\/\/gaceramic.com\/ar\/wp-json\/wp\/v2\/media?parent=2810"}],"curies":[{"name":"wp","href":"https:\/\/api.w.org\/{rel}","templated":true}]}}