{"id":2818,"date":"2020-12-29T22:29:47","date_gmt":"2020-12-29T19:29:47","guid":{"rendered":"https:\/\/gaceramic.com\/?page_id=2818"},"modified":"2020-12-30T01:41:01","modified_gmt":"2020-12-29T22:41:01","slug":"%d8%a7%d9%84%d8%a3%d8%b3%d8%a6%d9%84%d8%a9-%d8%a7%d9%84%d9%85%d8%aa%d8%af%d8%a7%d9%88%d9%84%d8%a9","status":"publish","type":"page","link":"https:\/\/gaceramic.com\/ar\/%d8%a7%d9%84%d8%a3%d8%b3%d8%a6%d9%84%d8%a9-%d8%a7%d9%84%d9%85%d8%aa%d8%af%d8%a7%d9%88%d9%84%d8%a9\/","title":{"rendered":"\u0627\u0644\u0623\u0633\u0626\u0644\u0629 \u0627\u0644\u0645\u062a\u062f\u0627\u0648\u0644\u0629"},"content":{"rendered":"<div data-elementor-type=\"wp-page\" data-elementor-id=\"2818\" class=\"elementor elementor-2818\">\n\t\t\t\t\t\t<section class=\"elementor-section elementor-top-section elementor-element elementor-element-bbb2b93 elementor-section-boxed elementor-section-height-default elementor-section-height-default\" data-id=\"bbb2b93\" data-element_type=\"section\">\n\t\t\t\t\t\t<div class=\"elementor-container elementor-column-gap-default\">\n\t\t\t\t\t<div class=\"elementor-column elementor-col-100 elementor-top-column elementor-element elementor-element-799705d\" data-id=\"799705d\" data-element_type=\"column\">\n\t\t\t<div class=\"elementor-widget-wrap elementor-element-populated\">\n\t\t\t\t\t\t<div class=\"elementor-element elementor-element-86090e8 elementor-widget elementor-widget-heading\" data-id=\"86090e8\" data-element_type=\"widget\" data-widget_type=\"heading.default\">\n\t\t\t\t<div class=\"elementor-widget-container\">\n\t\t\t<h2 class=\"elementor-heading-title elementor-size-medium\">\u0627\u0644\u0623\u0633\u0626\u0644\u0629 \u0627\u0644\u0645\u062a\u062f\u0627\u0648\u0644\u0629<\/h2>\t\t<\/div>\n\t\t\t\t<\/div>\n\t\t\t\t\t<\/div>\n\t\t<\/div>\n\t\t\t\t\t<\/div>\n\t\t<\/section>\n\t\t\t\t<section class=\"elementor-section elementor-top-section elementor-element elementor-element-200a4ff elementor-section-boxed elementor-section-height-default elementor-section-height-default\" data-id=\"200a4ff\" data-element_type=\"section\">\n\t\t\t\t\t\t<div class=\"elementor-container elementor-column-gap-default\">\n\t\t\t\t\t<div class=\"elementor-column elementor-col-100 elementor-top-column elementor-element elementor-element-0f1b941\" data-id=\"0f1b941\" data-element_type=\"column\">\n\t\t\t<div class=\"elementor-widget-wrap elementor-element-populated\">\n\t\t\t\t\t\t<div class=\"elementor-element elementor-element-2b660c0 elementor-widget elementor-widget-text-editor\" data-id=\"2b660c0\" data-element_type=\"widget\" data-widget_type=\"text-editor.default\">\n\t\t\t\t<div class=\"elementor-widget-container\">\n\t\t\t\t\t\t\t<p><strong>\u0643\u064a\u0641 \u064a\u0645\u0643\u0646\u0646\u064a \u0623\u0646 \u0623\u0635\u0628\u062d \u0639\u0636\u0648\u0627\u064b\u061f<\/strong><\/p><p>\u064a\u0645\u0643\u0646\u0643 \u0628\u0633\u0647\u0648\u0644\u0629 \u0625\u0646\u0634\u0627\u0621 \u0639\u0636\u0648\u064a\u0629 \u062c\u062f\u064a\u062f\u0629 \u0645\u0646 \u0642\u0633\u0645 \"\u062a\u0633\u062c\u064a\u0644 \u0627\u0644\u062f\u062e\u0648\u0644\" \u0639\u0644\u0649 \u0645\u0648\u0642\u0639\u0646\u0627 \u0627\u0644\u0625\u0644\u0643\u062a\u0631\u0648\u0646\u064a.<\/p><p><strong>\u0647\u0644 \u064a\u062c\u0628 \u0623\u0646 \u0623\u0643\u0648\u0646 \u0639\u0636\u0648\u0627\u064b \u0639\u0646\u062f \u0627\u0644\u0637\u0644\u0628\u061f<\/strong><\/p><p>\u0644\u0627\u060c \u064a\u0645\u0643\u0646\u0643 \u0625\u0636\u0627\u0641\u0629 \u0623\u064a \u0645\u0646\u062a\u062c \u062a\u0631\u064a\u062f\u0647 \u0625\u0644\u0649 \u0627\u0644\u0633\u0644\u0629 \u0648\u0625\u0646\u0634\u0627\u0621 \u0637\u0644\u0628\u0643 \u062f\u0648\u0646 \u0623\u0646 \u062a\u0643\u0648\u0646 \u0639\u0636\u0648\u0627\u064b.<\/p><p><strong>\u0647\u0644 \u0645\u0639\u0644\u0648\u0645\u0627\u062a \u0628\u0637\u0627\u0642\u062a\u064a \u0627\u0644\u0627\u0626\u062a\u0645\u0627\u0646\u064a\u0629 \u0622\u0645\u0646\u0629\u061f<\/strong><\/p><p>\u064a\u0633\u062a\u062e\u062f\u0645 \u0646\u0638\u0627\u0645 3D Secure \u0641\u064a \u0645\u0639\u0627\u0645\u0644\u0627\u062a \u0628\u0637\u0627\u0642\u062a\u0643 \u0627\u0644\u0645\u0635\u0631\u0641\u064a\u0629. \u0646\u0638\u0627\u0645 3D Secure \u0647\u0648 \u0646\u0638\u0627\u0645 \u0645\u0635\u0627\u062f\u0642\u0629 \u062a\u0645 \u062a\u0637\u0648\u064a\u0631\u0647 \u0645\u0646 \u0642\u0628\u0644 \u0645\u0624\u0633\u0633\u0627\u062a \u0627\u0644\u0628\u0637\u0627\u0642\u0627\u062a \u0644\u0636\u0645\u0627\u0646 \u0623\u0645\u0627\u0646 \u0627\u0644\u062a\u0633\u0648\u0642 \u0639\u0628\u0631 \u0627\u0644\u0625\u0646\u062a\u0631\u0646\u062a<\/p><p><strong>\u0643\u064a\u0641 \u064a\u0645\u0643\u0646\u0646\u064a \u062a\u062a\u0628\u0639 \u0637\u0644\u0628\u064a\u0627\u062a\u064a\u061f<\/strong><\/p><p>\u0639\u0646\u062f\u0645\u0627 \u064a\u062a\u0645 \u062a\u0633\u0644\u064a\u0645 \u0637\u0644\u0628\u0643 \u0644\u0644\u0634\u062d\u0646\u0629\u060c \u0633\u062a\u062a\u0644\u0642\u0649 \u0631\u0633\u0627\u0644\u0629 \u0645\u0639\u0644\u0648\u0645\u0627\u062a \u0648\u0631\u0633\u0627\u0644\u0629 \u0646\u0635\u064a\u0629 \u0642\u0635\u064a\u0631\u0629 \u0645\u0646 \u0634\u0631\u0643\u0629 \u0627\u0644\u0634\u062d\u0646.<\/p><p>\u0628\u0639\u062f \u062a\u0644\u0642\u064a \u0647\u0630\u0647 \u0627\u0644\u0631\u0633\u0627\u0644\u0629 \u0627\u0644\u0646\u0635\u064a\u0629 \u0627\u0644\u0642\u0635\u064a\u0631\u0629 \u0648\u0631\u0633\u0627\u0644\u0629 \u0627\u0644\u0645\u0639\u0644\u0648\u0645\u0627\u062a\u060c \u064a\u0645\u0643\u0646\u0643 \u062a\u062a\u0628\u0639 \u0634\u062d\u0646\u062a\u0643 \u0645\u0646 \u0639\u0644\u0627\u0645\u0629 \u0627\u0644\u062a\u0628\u0648\u064a\u0628 \"\u0637\u0644\u0628\u0627\u062a\u064a\".<\/p><p><strong>\u0645\u062a\u0649 \u0633\u064a\u062a\u0645 \u0625\u0631\u0633\u0627\u0644 \u0637\u0644\u0628\u064a\u061f<\/strong><\/p><p>\u0641\u064a \u0637\u0644\u0628\u0627\u062a\u0643 \u0639\u0628\u0631 \u0627\u0644\u0625\u0646\u062a\u0631\u0646\u062a\u060c \u064a\u062a\u0645 \u0627\u0644\u062f\u0641\u0639 \u0627\u0644\u0645\u0633\u0628\u0642 \u0644\u0644\u0645\u0646\u062a\u062c\u0627\u062a \u0627\u0644\u062a\u064a \u062a\u0631\u063a\u0628 \u0641\u064a \u0635\u0646\u0639\u0647\u0627 \u0628\u0623\u0644\u0648\u0627\u0646 \u0645\u062e\u062a\u0644\u0641\u0629 \u0648\u0645\u0648\u062f\u064a\u0644\u0627\u062a \u0645\u062e\u062a\u0644\u0641\u0629. \u0627\u0644\u0645\u0646\u062a\u062c\u0627\u062a \u0627\u0644\u0645\u0635\u0646\u0648\u0639\u0629 \u062d\u0633\u0628 \u0627\u0644\u0637\u0644\u0628 \u063a\u064a\u0631 \u0642\u0627\u0628\u0644\u0629 \u0644\u0644\u0627\u0633\u062a\u0631\u062f\u0627\u062f<\/p><p><strong>\u0645\u0627\u0630\u0627 \u0623\u0641\u0639\u0644 \u0625\u0630\u0627 \u0643\u0627\u0646 \u0637\u0644\u0628\u064a \u0645\u0639\u0637\u0644\u0627\u064b\u061f<\/strong><\/p><p>\u0628\u0639\u062f \u0627\u0633\u062a\u0644\u0627\u0645 \u0634\u062d\u0646\u062a\u0643\u060c \u064a\u0631\u062c\u0649 \u0641\u062a\u062d\u0647\u0627 \u0648\u0641\u062d\u0635\u0647\u0627 \u0645\u0639 \u0645\u0648\u0638\u0641 \u0627\u0644\u0634\u062d\u0646. \u0625\u0630\u0627 \u0627\u062a\u0636\u062d \u0623\u0646 \u0628\u0639\u0636 \u0627\u0644\u0645\u0646\u062a\u062c\u0627\u062a \u0641\u064a \u0637\u0644\u0628\u0643 \u0645\u0641\u0642\u0648\u062f\u0629 \u0623\u0648 \u063a\u064a\u0631 \u0635\u062d\u064a\u062d\u0629 \u0623\u0648 \u062a\u0627\u0644\u0641\u0629 \u0623\u062b\u0646\u0627\u0621 \u0627\u0644\u0641\u062d\u0635\u060c \u0627\u0637\u0644\u0628 \u0645\u0646 \u0645\u0648\u0638\u0641 \u0627\u0644\u0634\u062d\u0646 \u0625\u0639\u062f\u0627\u062f \"\u062a\u0642\u0631\u064a\u0631 \u062a\u0642\u064a\u064a\u0645 \u0627\u0644\u062a\u0644\u0641\". \u0639\u0646\u062f\u0645\u0627 \u064a\u062a\u0645 \u062a\u0648\u0642\u064a\u0639 \u0627\u0644\u0639\u0645\u064a\u0644 \u0639\u0644\u0649 \u0645\u0633\u062a\u0646\u062f \u0627\u0644\u062a\u0633\u0644\u064a\u0645 \u0627\u0644\u0645\u062a\u0639\u0644\u0642 \u0628\u0648\u0635\u0648\u0644 \u0627\u0644\u0634\u062d\u0646\u0629 \u0625\u0644\u0649 \u0639\u0646\u0648\u0627\u0646 \u0627\u0644\u062a\u0633\u0644\u064a\u0645\u060c \u0641\u0633\u064a\u062a\u0645 \u0642\u0628\u0648\u0644 \u0627\u0633\u062a\u0644\u0627\u0645 \u0627\u0644\u0645\u0646\u062a\u062c\u0627\u062a \u0643\u0627\u0645\u0644\u0629\u064b \u0648\u063a\u064a\u0631 \u062a\u0627\u0644\u0641\u0629. \u0625\u0630\u0627 \u0644\u0627\u062d\u0638\u062a \u0648\u062c\u0648\u062f \u0623\u064a \u062a\u0644\u0641 \u0641\u064a \u0627\u0644\u0637\u0631\u062f \u0639\u0646\u062f \u0627\u0633\u062a\u0644\u0627\u0645\u0643 \u0637\u0631\u062f \u0627\u0644\u0634\u062d\u0646\u0629 \u0645\u0646 \u0627\u0644\u0628\u0636\u0627\u0639\u0629\u060c \u064a\u064f\u0631\u062c\u0649 \u0627\u0644\u0627\u062a\u0635\u0627\u0644 \u0628\u0646\u0627 \u0641\u064a \u063a\u0636\u0648\u0646 24 \u0633\u0627\u0639\u0629. \u064a\u062c\u0628 \u0625\u0631\u0633\u0627\u0644 \u0648\u0635\u0641 \u0645\u0648\u062c\u0632 \u0644\u0644\u0636\u0631\u0631 \u0648\u0635\u0648\u0631 \u0644\u0644\u0639\u0628\u0648\u0629 \u0645\u0639 \u0627\u0644\u0645\u0644\u062e\u0635 \u0639\u0646 \u0637\u0631\u064a\u0642 \u0627\u0644\u0628\u0631\u064a\u062f \u0627\u0644\u0625\u0644\u0643\u062a\u0631\u0648\u0646\u064a \u0625\u0644\u0649 gulsumaydin0@gmail.com. \u0628\u0639\u062f \u0627\u0633\u062a\u0644\u0627\u0645\u0646\u0627 \u0644\u0644\u0645\u0646\u062a\u062c\u0627\u062a\u060c \u0633\u0646\u0628\u0644\u063a\u0643 \u0628\u0627\u0644\u0625\u062c\u0631\u0627\u0621 \u0627\u0644\u0648\u0627\u062c\u0628 \u0627\u062a\u0628\u0627\u0639\u0647 \u0641\u064a\u0645\u0627 \u064a\u062a\u0639\u0644\u0642 \u0628\u0627\u0644\u0645\u0646\u062a\u062c \u0627\u0644\u0630\u064a \u0627\u0634\u062a\u0631\u064a\u062a\u0647.<\/p><p><strong>\u0647\u0644 \u064a\u0645\u0643\u0646\u0646\u064a \u062f\u0641\u0639 \u0637\u0644\u0628\u064a\u0627\u062a\u064a \u0628\u062d\u0648\u0627\u0644\u0629 \u0628\u0631\u064a\u062f\u064a\u0629\u061f<\/strong><\/p><p>\u0646\u0639\u0645\u060c \u064a\u0645\u0643\u0646\u0643 \u0627\u0644\u062f\u0641\u0639 \u0639\u0646 \u0637\u0631\u064a\u0642 \u062a\u062d\u0648\u064a\u0644 \u0627\u0644\u0623\u0645\u0648\u0627\u0644.<\/p><p><strong>\u0647\u0644 \u064a\u0645\u0643\u0646\u0646\u064a \u0625\u0631\u062c\u0627\u0639 \u0627\u0644\u0645\u0646\u062a\u062c\u0627\u062a \u0627\u0644\u062a\u064a \u0627\u0634\u062a\u0631\u064a\u062a\u0647\u0627 \u0645\u0646 \u0645\u0648\u0642\u0639 \u0627\u0644\u062a\u0633\u0648\u0642 \u0639\u0628\u0631 \u0627\u0644\u0625\u0646\u062a\u0631\u0646\u062a\u061f<\/strong><\/p><p>\u0644\u0644\u062d\u0635\u0648\u0644 \u0639\u0644\u0649 \u062d\u0642 \u0627\u0644\u0625\u0631\u062c\u0627\u0639\u060c \u064a\u0644\u062a\u0632\u0645 \u0627\u0644\u0639\u0645\u064a\u0644 \u0628\u0625\u0639\u0627\u062f\u0629 \u0627\u0644\u0645\u0646\u062a\u062c \u062f\u0648\u0646 \u0627\u0633\u062a\u062e\u062f\u0627\u0645\u0647. \u0644\u0644\u0625\u0631\u062c\u0627\u0639\u060c \u064a\u062c\u0628 \u0627\u0644\u0627\u062a\u0635\u0627\u0644 \u0628\u0634\u0631\u0643\u062a\u0646\u0627 \u0639\u0628\u0631 \u0627\u0644\u0647\u0627\u062a\u0641 \u0623\u0648 \u0627\u0644\u0628\u0631\u064a\u062f \u0627\u0644\u0625\u0644\u0643\u062a\u0631\u0648\u0646\u064a \u0641\u064a \u063a\u0636\u0648\u0646 14 \u064a\u0648\u0645\u064b\u0627 \u0645\u0646 \u062a\u0627\u0631\u064a\u062e \u0627\u0633\u062a\u0644\u0627\u0645 \u0627\u0644\u0645\u0646\u062a\u062c. \u064a\u062c\u0628 \u062a\u0639\u0628\u0626\u0629 \u0627\u0644\u0645\u0646\u062a\u062c\u0627\u062a \u0627\u0644\u0645\u0631\u062a\u062c\u0639\u0629 \u0628\u0637\u0631\u064a\u0642\u0629 \u0644\u0627 \u062a\u062a\u0639\u0631\u0636 \u0644\u0644\u0643\u0633\u0631 \u0623\u062b\u0646\u0627\u0621 \u0627\u0644\u0634\u062d\u0646. \u062a\u0639\u0648\u062f \u0627\u0644\u062e\u0633\u0627\u0631\u0629 \u0641\u064a \u0627\u0644\u0642\u064a\u0645\u0629 \u0627\u0644\u062a\u062c\u0627\u0631\u064a\u0629 \u0644\u0644\u0645\u0646\u062a\u062c \u0627\u0644\u0645\u0643\u0633\u0648\u0631 \u0623\u062b\u0646\u0627\u0621 \u0627\u0644\u0634\u062d\u0646 \u0625\u0644\u0649 \u0627\u0644\u0639\u0645\u064a\u0644. \u064a\u062c\u0628 \u0623\u0646 \u062a\u062a\u0645 \u062c\u0645\u064a\u0639 \u0639\u0645\u0644\u064a\u0627\u062a \u0627\u0644\u0625\u0631\u062c\u0627\u0639 \u0627\u0644\u062a\u064a \u062a\u0642\u0648\u0645 \u0628\u0647\u0627 \u0645\u0646 \u062e\u0644\u0627\u0644 \u0634\u0631\u0643\u0629 \u0627\u0644\u0634\u062d\u0646 \u0627\u0644\u062a\u064a \u062a\u0645 \u062a\u0633\u0644\u064a\u0645\u0647\u0627 \u0639\u0646 \u0637\u0631\u064a\u0642 www.gaceramic.com. \u0644\u0627 \u062a\u064f\u0642\u0628\u0644 \u0627\u0644\u0645\u0646\u062a\u062c\u0627\u062a \u0627\u0644\u0645\u0631\u0633\u0644\u0629 \u0639\u0628\u0631 \u0634\u0631\u0643\u0627\u062a \u0634\u062d\u0646 \u0645\u062e\u062a\u0644\u0641\u0629. \u0631\u0633\u0648\u0645 \u0625\u0639\u0627\u062f\u0629 \u0627\u0644\u0634\u062d\u0646 \u062a\u0639\u0648\u062f \u0625\u0644\u0649 \u0627\u0644\u0639\u0645\u064a\u0644.<\/p><p><strong>\u0647\u0644 \u0644\u062f\u064a\u0643 \u062e\u064a\u0627\u0631 \u0627\u0644\u062f\u0641\u0639 \u0639\u0646\u062f \u0627\u0644\u0627\u0633\u062a\u0644\u0627\u0645\u061f<\/strong><\/p><p>\u064a\u0645\u0643\u0646\u0643 \u0625\u062c\u0631\u0627\u0621 \u0645\u062f\u0641\u0648\u0639\u0627\u062a\u0643 \u0639\u0646 \u0637\u0631\u064a\u0642 \u0628\u0637\u0627\u0642\u0629 \u0627\u0644\u0627\u0626\u062a\u0645\u0627\u0646 \u0648\u0628\u0637\u0627\u0642\u0629 \u0627\u0644\u062e\u0635\u0645 \u0641\u0642\u0637 \u0641\u064a \u0645\u0631\u062d\u0644\u0629 \u0625\u0646\u0634\u0627\u0621 \u0627\u0644\u0637\u0644\u0628.<\/p><p><strong>\u0647\u0644 \u0627\u0644\u062a\u0642\u0633\u064a\u0637 \u0645\u062a\u0627\u062d \u0628\u0628\u0637\u0627\u0642\u0629 \u0627\u0644\u0627\u0626\u062a\u0645\u0627\u0646\u061f<\/strong><\/p><p>\u0627\u0644\u062a\u0642\u0633\u064a\u0637 \u0645\u062a\u0627\u062d \u0644\u0628\u0637\u0627\u0642\u0627\u062a \u0627\u0626\u062a\u0645\u0627\u0646 World \u0648Bonus \u0648Axess \u0648Maximum \u0648 CardFinans \u0648Paraf.<\/p>\t\t\t\t\t\t<\/div>\n\t\t\t\t<\/div>\n\t\t\t\t\t<\/div>\n\t\t<\/div>\n\t\t\t\t\t<\/div>\n\t\t<\/section>\n\t\t\t\t<\/div>","protected":false},"excerpt":{"rendered":"<p>S\u0131k\u00e7a Sorulan Sorular Nas\u0131l \u00fcye olabilirim? Web sitemizin \u2018\u2019Giri\u015f yap\u2019\u2019 k\u0131sm\u0131ndan kolayca yeni \u00fcyelik olu\u015fturabilirsiniz. Sipari\u015f verirken \u00fcye olmak zorunda m\u0131y\u0131m? Hay\u0131r, \u00fcye olmadan diledi\u011finiz \u00fcr\u00fcn\u00fc sepete ekleyip sipari\u015finizi olu\u015fturabilirsiniz. Kredi Kart\u0131 bilgilerim g\u00fcvende mi? Banka kart\u0131 ile yapt\u0131\u011f\u0131n\u0131z i\u015flemlerde 3D Secure sistemi kullan\u0131l\u0131r. 3D Secure, online al\u0131\u015fveri\u015flerin g\u00fcvenli\u011fini sa\u011flamak amac\u0131yla kart kurulu\u015flar\u0131 taraf\u0131ndan geli\u015ftirilmi\u015f [&hellip;]<\/p>","protected":false},"author":1,"featured_media":0,"parent":0,"menu_order":0,"comment_status":"closed","ping_status":"closed","template":"","meta":{"_uag_custom_page_level_css":"","site-sidebar-layout":"no-sidebar","site-content-layout":"page-builder","ast-site-content-layout":"","site-content-style":"default","site-sidebar-style":"default","ast-global-header-display":"","ast-banner-title-visibility":"","ast-main-header-display":"","ast-hfb-above-header-display":"","ast-hfb-below-header-display":"","ast-hfb-mobile-header-display":"","site-post-title":"disabled","ast-breadcrumbs-content":"","ast-featured-img":"disabled","footer-sml-layout":"","theme-transparent-header-meta":"default","adv-header-id-meta":"","stick-header-meta":"","header-above-stick-meta":"","header-main-stick-meta":"","header-below-stick-meta":"","astra-migrate-meta-layouts":"default","ast-page-background-enabled":"default","ast-page-background-meta":{"desktop":{"background-color":"","background-image":"","background-repeat":"repeat","background-position":"center center","background-size":"auto","background-attachment":"scroll","background-type":"","background-media":"","overlay-type":"","overlay-color":"","overlay-opacity":"","overlay-gradient":""},"tablet":{"background-color":"","background-image":"","background-repeat":"repeat","background-position":"center center","background-size":"auto","background-attachment":"scroll","background-type":"","background-media":"","overlay-type":"","overlay-color":"","overlay-opacity":"","overlay-gradient":""},"mobile":{"background-color":"","background-image":"","background-repeat":"repeat","background-position":"center center","background-size":"auto","background-attachment":"scroll","background-type":"","background-media":"","overlay-type":"","overlay-color":"","overlay-opacity":"","overlay-gradient":""}},"ast-content-background-meta":{"desktop":{"background-color":"var(--ast-global-color-5)","background-image":"","background-repeat":"repeat","background-position":"center center","background-size":"auto","background-attachment":"scroll","background-type":"","background-media":"","overlay-type":"","overlay-color":"","overlay-opacity":"","overlay-gradient":""},"tablet":{"background-color":"var(--ast-global-color-5)","background-image":"","background-repeat":"repeat","background-position":"center center","background-size":"auto","background-attachment":"scroll","background-type":"","background-media":"","overlay-type":"","overlay-color":"","overlay-opacity":"","overlay-gradient":""},"mobile":{"background-color":"var(--ast-global-color-5)","background-image":"","background-repeat":"repeat","background-position":"center center","background-size":"auto","background-attachment":"scroll","background-type":"","background-media":"","overlay-type":"","overlay-color":"","overlay-opacity":"","overlay-gradient":""}},"footnotes":""},"class_list":["post-2818","page","type-page","status-publish","hentry"],"uagb_featured_image_src":{"full":false,"thumbnail":false,"medium":false,"medium_large":false,"large":false,"1536x1536":false,"2048x2048":false,"trp-custom-language-flag":false,"woocommerce_thumbnail":false,"woocommerce_single":false,"woocommerce_gallery_thumbnail":false,"variation_swatches_image_size":false,"variation_swatches_tooltip_size":false},"uagb_author_info":{"display_name":"gaceramic","author_link":"https:\/\/gaceramic.com\/ar\/author\/gaceramic\/"},"uagb_comment_info":0,"uagb_excerpt":"S\u0131k\u00e7a Sorulan Sorular Nas\u0131l \u00fcye olabilirim? Web sitemizin \u2018\u2019Giri\u015f yap\u2019\u2019 k\u0131sm\u0131ndan kolayca yeni \u00fcyelik olu\u015fturabilirsiniz. Sipari\u015f verirken \u00fcye olmak zorunda m\u0131y\u0131m? Hay\u0131r, \u00fcye olmadan diledi\u011finiz \u00fcr\u00fcn\u00fc sepete ekleyip sipari\u015finizi olu\u015fturabilirsiniz. Kredi Kart\u0131 bilgilerim g\u00fcvende mi? Banka kart\u0131 ile yapt\u0131\u011f\u0131n\u0131z i\u015flemlerde 3D Secure sistemi kullan\u0131l\u0131r. 3D Secure, online al\u0131\u015fveri\u015flerin g\u00fcvenli\u011fini sa\u011flamak amac\u0131yla kart kurulu\u015flar\u0131 taraf\u0131ndan geli\u015ftirilmi\u015f&hellip;","_links":{"self":[{"href":"https:\/\/gaceramic.com\/ar\/wp-json\/wp\/v2\/pages\/2818","targetHints":{"allow":["GET"]}}],"collection":[{"href":"https:\/\/gaceramic.com\/ar\/wp-json\/wp\/v2\/pages"}],"about":[{"href":"https:\/\/gaceramic.com\/ar\/wp-json\/wp\/v2\/types\/page"}],"author":[{"embeddable":true,"href":"https:\/\/gaceramic.com\/ar\/wp-json\/wp\/v2\/users\/1"}],"replies":[{"embeddable":true,"href":"https:\/\/gaceramic.com\/ar\/wp-json\/wp\/v2\/comments?post=2818"}],"version-history":[{"count":0,"href":"https:\/\/gaceramic.com\/ar\/wp-json\/wp\/v2\/pages\/2818\/revisions"}],"wp:attachment":[{"href":"https:\/\/gaceramic.com\/ar\/wp-json\/wp\/v2\/media?parent=2818"}],"curies":[{"name":"wp","href":"https:\/\/api.w.org\/{rel}","templated":true}]}}