{"id":2818,"date":"2020-12-29T22:29:47","date_gmt":"2020-12-29T19:29:47","guid":{"rendered":"https:\/\/gaceramic.com\/?page_id=2818"},"modified":"2020-12-30T01:41:01","modified_gmt":"2020-12-29T22:41:01","slug":"haufig-gestellte-fragen","status":"publish","type":"page","link":"https:\/\/gaceramic.com\/de\/haufig-gestellte-fragen\/","title":{"rendered":"H\u00e4ufig gestellte Fragen"},"content":{"rendered":"<div data-elementor-type=\"wp-page\" data-elementor-id=\"2818\" class=\"elementor elementor-2818\">\n\t\t\t\t\t\t<section class=\"elementor-section elementor-top-section elementor-element elementor-element-bbb2b93 elementor-section-boxed elementor-section-height-default elementor-section-height-default\" data-id=\"bbb2b93\" data-element_type=\"section\">\n\t\t\t\t\t\t<div class=\"elementor-container elementor-column-gap-default\">\n\t\t\t\t\t<div class=\"elementor-column elementor-col-100 elementor-top-column elementor-element elementor-element-799705d\" data-id=\"799705d\" data-element_type=\"column\">\n\t\t\t<div class=\"elementor-widget-wrap elementor-element-populated\">\n\t\t\t\t\t\t<div class=\"elementor-element elementor-element-86090e8 elementor-widget elementor-widget-heading\" data-id=\"86090e8\" data-element_type=\"widget\" data-widget_type=\"heading.default\">\n\t\t\t\t<div class=\"elementor-widget-container\">\n\t\t\t<h2 class=\"elementor-heading-title elementor-size-medium\">H\u00e4ufig gestellte Fragen<\/h2>\t\t<\/div>\n\t\t\t\t<\/div>\n\t\t\t\t\t<\/div>\n\t\t<\/div>\n\t\t\t\t\t<\/div>\n\t\t<\/section>\n\t\t\t\t<section class=\"elementor-section elementor-top-section elementor-element elementor-element-200a4ff elementor-section-boxed elementor-section-height-default elementor-section-height-default\" data-id=\"200a4ff\" data-element_type=\"section\">\n\t\t\t\t\t\t<div class=\"elementor-container elementor-column-gap-default\">\n\t\t\t\t\t<div class=\"elementor-column elementor-col-100 elementor-top-column elementor-element elementor-element-0f1b941\" data-id=\"0f1b941\" data-element_type=\"column\">\n\t\t\t<div class=\"elementor-widget-wrap elementor-element-populated\">\n\t\t\t\t\t\t<div class=\"elementor-element elementor-element-2b660c0 elementor-widget elementor-widget-text-editor\" data-id=\"2b660c0\" data-element_type=\"widget\" data-widget_type=\"text-editor.default\">\n\t\t\t\t<div class=\"elementor-widget-container\">\n\t\t\t\t\t\t\t<p><strong>Wie kann ich Mitglied werden?<\/strong><\/p><p>Sie k\u00f6nnen eine neue Mitgliedschaft ganz einfach \u00fcber den Bereich \"Login\" auf unserer Website erstellen.<\/p><p><strong>Muss ich bei der Bestellung Mitglied sein?<\/strong><\/p><p>Nein, Sie k\u00f6nnen jedes Produkt, das Sie m\u00f6chten, in den Warenkorb legen und Ihre Bestellung aufgeben, ohne Mitglied zu sein.<\/p><p><strong>Sind meine Kreditkartendaten sicher?<\/strong><\/p><p>Das 3D-Secure-System wird bei Ihren Bankkartentransaktionen verwendet. 3D Secure ist ein Authentifizierungssystem, das von Kartenorganisationen entwickelt wurde, um die Sicherheit beim Online-Shopping zu gew\u00e4hrleisten<\/p><p><strong>Wie kann ich meine Bestellungen verfolgen?<\/strong><\/p><p>Wenn Ihre Bestellung an die Fracht \u00fcbergeben wird, erhalten Sie eine Informationsnachricht und eine Informations-SMS von der Frachtgesellschaft.<\/p><p>Nach Erhalt dieser SMS und der Informationsnachricht k\u00f6nnen Sie Ihre Sendung auf der Registerkarte \"Meine Bestellungen\" verfolgen.<\/p><p><strong>Wann wird meine Bestellung versandt?<\/strong><\/p><p>Bei Ihren Online-Bestellungen wird eine Vorauszahlung f\u00fcr die Produkte verlangt, die Sie in verschiedenen Farben und verschiedenen Modellen anfertigen lassen m\u00f6chten. Ma\u00dfgefertigte Produkte sind nicht erstattungsf\u00e4hig<\/p><p><strong>Was soll ich tun, wenn meine Bestellung kaputt ist?<\/strong><\/p><p>Nach Erhalt Ihrer Sendung \u00f6ffnen Sie diese bitte und \u00fcberpr\u00fcfen sie mit dem Frachtf\u00fchrer. Sollte sich bei der Kontrolle herausstellen, dass einige der in Ihrer Bestellung enthaltenen Produkte fehlen, falsch sind oder besch\u00e4digt wurden, bitten Sie den Frachtf\u00fchrer, ein \"Schadensgutachten\" zu erstellen. Mit der Unterschrift des Kunden auf dem Zustellungsbeleg f\u00fcr die an der Lieferadresse eingetroffene Sendung wird best\u00e4tigt, dass die Produkte vollst\u00e4ndig und unbesch\u00e4digt angekommen sind. Wenn Sie bei der Entgegennahme des Pakets der Bestellung aus der Fracht einen Schaden am Paket feststellen, kontaktieren Sie uns bitte innerhalb von 24 Stunden. Eine zusammenfassende Beschreibung des Schadens und Fotos der Verpackung zusammen mit der Zusammenfassung sollten per E-Mail an gulsumaydin0@gmail.com geschickt werden. Nachdem wir die Produkte erhalten haben, werden wir Sie \u00fcber das weitere Vorgehen in Bezug auf das von Ihnen gekaufte Produkt informieren.<\/p><p><strong>Kann ich meine Bestellungen per Zahlungsanweisung bezahlen?<\/strong><\/p><p>Ja, Sie k\u00f6nnen per Bank\u00fcberweisung bezahlen.<\/p><p><strong>Kann ich die Produkte, die ich auf einer Online-Shopping-Website gekauft habe, zur\u00fcckgeben?<\/strong><\/p><p>F\u00fcr das R\u00fcckgaberecht ist der Kunde verpflichtet, das Produkt zur\u00fcckzugeben, ohne es zu benutzen. F\u00fcr die R\u00fcckgabe muss unser Unternehmen innerhalb von 14 Tagen ab dem Datum des Erhalts des Produkts telefonisch oder per E-Mail kontaktiert werden. Die zur\u00fcckgegebenen Produkte m\u00fcssen so verpackt sein, dass sie w\u00e4hrend des Transports nicht besch\u00e4digt werden k\u00f6nnen. Der Verlust des Handelswerts des Produkts, das w\u00e4hrend des Transports besch\u00e4digt wurde, geht zu Lasten des Kunden. Alle R\u00fccksendungen m\u00fcssen \u00fcber das von www.gaceramic.com beauftragte Transportunternehmen abgewickelt werden. Produkte, die \u00fcber andere Transportunternehmen verschickt werden, werden nicht angenommen. Die Kosten f\u00fcr die R\u00fccksendung gehen zu Lasten des Kunden.<\/p><p><strong>Haben Sie die M\u00f6glichkeit der Nachnahme?<\/strong><\/p><p>Sie k\u00f6nnen Ihre Zahlungen nur per Kreditkarte und Debitkarte bei der Auftragserstellung vornehmen.<\/p><p><strong>Ist eine Ratenzahlung per Kreditkarte m\u00f6glich?<\/strong><\/p><p>Ratenzahlungen sind f\u00fcr die Kreditkarten World, Bonus, Axess, Maximum, CardFinans und Paraf m\u00f6glich.<\/p>\t\t\t\t\t\t<\/div>\n\t\t\t\t<\/div>\n\t\t\t\t\t<\/div>\n\t\t<\/div>\n\t\t\t\t\t<\/div>\n\t\t<\/section>\n\t\t\t\t<\/div>","protected":false},"excerpt":{"rendered":"<p>S\u0131k\u00e7a Sorulan Sorular Nas\u0131l \u00fcye olabilirim? Web sitemizin \u2018\u2019Giri\u015f yap\u2019\u2019 k\u0131sm\u0131ndan kolayca yeni \u00fcyelik olu\u015fturabilirsiniz. Sipari\u015f verirken \u00fcye olmak zorunda m\u0131y\u0131m? Hay\u0131r, \u00fcye olmadan diledi\u011finiz \u00fcr\u00fcn\u00fc sepete ekleyip sipari\u015finizi olu\u015fturabilirsiniz. Kredi Kart\u0131 bilgilerim g\u00fcvende mi? Banka kart\u0131 ile yapt\u0131\u011f\u0131n\u0131z i\u015flemlerde 3D Secure sistemi kullan\u0131l\u0131r. 3D Secure, online al\u0131\u015fveri\u015flerin g\u00fcvenli\u011fini sa\u011flamak amac\u0131yla kart kurulu\u015flar\u0131 taraf\u0131ndan geli\u015ftirilmi\u015f [&hellip;]<\/p>","protected":false},"author":1,"featured_media":0,"parent":0,"menu_order":0,"comment_status":"closed","ping_status":"closed","template":"","meta":{"_uag_custom_page_level_css":"","site-sidebar-layout":"no-sidebar","site-content-layout":"page-builder","ast-site-content-layout":"","site-content-style":"default","site-sidebar-style":"default","ast-global-header-display":"","ast-banner-title-visibility":"","ast-main-header-display":"","ast-hfb-above-header-display":"","ast-hfb-below-header-display":"","ast-hfb-mobile-header-display":"","site-post-title":"disabled","ast-breadcrumbs-content":"","ast-featured-img":"disabled","footer-sml-layout":"","theme-transparent-header-meta":"default","adv-header-id-meta":"","stick-header-meta":"","header-above-stick-meta":"","header-main-stick-meta":"","header-below-stick-meta":"","astra-migrate-meta-layouts":"default","ast-page-background-enabled":"default","ast-page-background-meta":{"desktop":{"background-color":"","background-image":"","background-repeat":"repeat","background-position":"center center","background-size":"auto","background-attachment":"scroll","background-type":"","background-media":"","overlay-type":"","overlay-color":"","overlay-opacity":"","overlay-gradient":""},"tablet":{"background-color":"","background-image":"","background-repeat":"repeat","background-position":"center center","background-size":"auto","background-attachment":"scroll","background-type":"","background-media":"","overlay-type":"","overlay-color":"","overlay-opacity":"","overlay-gradient":""},"mobile":{"background-color":"","background-image":"","background-repeat":"repeat","background-position":"center center","background-size":"auto","background-attachment":"scroll","background-type":"","background-media":"","overlay-type":"","overlay-color":"","overlay-opacity":"","overlay-gradient":""}},"ast-content-background-meta":{"desktop":{"background-color":"var(--ast-global-color-5)","background-image":"","background-repeat":"repeat","background-position":"center center","background-size":"auto","background-attachment":"scroll","background-type":"","background-media":"","overlay-type":"","overlay-color":"","overlay-opacity":"","overlay-gradient":""},"tablet":{"background-color":"var(--ast-global-color-5)","background-image":"","background-repeat":"repeat","background-position":"center center","background-size":"auto","background-attachment":"scroll","background-type":"","background-media":"","overlay-type":"","overlay-color":"","overlay-opacity":"","overlay-gradient":""},"mobile":{"background-color":"var(--ast-global-color-5)","background-image":"","background-repeat":"repeat","background-position":"center center","background-size":"auto","background-attachment":"scroll","background-type":"","background-media":"","overlay-type":"","overlay-color":"","overlay-opacity":"","overlay-gradient":""}},"footnotes":""},"class_list":["post-2818","page","type-page","status-publish","hentry"],"uagb_featured_image_src":{"full":false,"thumbnail":false,"medium":false,"medium_large":false,"large":false,"1536x1536":false,"2048x2048":false,"trp-custom-language-flag":false,"woocommerce_thumbnail":false,"woocommerce_single":false,"woocommerce_gallery_thumbnail":false,"variation_swatches_image_size":false,"variation_swatches_tooltip_size":false},"uagb_author_info":{"display_name":"gaceramic","author_link":"https:\/\/gaceramic.com\/de\/author\/gaceramic\/"},"uagb_comment_info":0,"uagb_excerpt":"S\u0131k\u00e7a Sorulan Sorular Nas\u0131l \u00fcye olabilirim? Web sitemizin \u2018\u2019Giri\u015f yap\u2019\u2019 k\u0131sm\u0131ndan kolayca yeni \u00fcyelik olu\u015fturabilirsiniz. Sipari\u015f verirken \u00fcye olmak zorunda m\u0131y\u0131m? Hay\u0131r, \u00fcye olmadan diledi\u011finiz \u00fcr\u00fcn\u00fc sepete ekleyip sipari\u015finizi olu\u015fturabilirsiniz. Kredi Kart\u0131 bilgilerim g\u00fcvende mi? Banka kart\u0131 ile yapt\u0131\u011f\u0131n\u0131z i\u015flemlerde 3D Secure sistemi kullan\u0131l\u0131r. 3D Secure, online al\u0131\u015fveri\u015flerin g\u00fcvenli\u011fini sa\u011flamak amac\u0131yla kart kurulu\u015flar\u0131 taraf\u0131ndan geli\u015ftirilmi\u015f&hellip;","_links":{"self":[{"href":"https:\/\/gaceramic.com\/de\/wp-json\/wp\/v2\/pages\/2818","targetHints":{"allow":["GET"]}}],"collection":[{"href":"https:\/\/gaceramic.com\/de\/wp-json\/wp\/v2\/pages"}],"about":[{"href":"https:\/\/gaceramic.com\/de\/wp-json\/wp\/v2\/types\/page"}],"author":[{"embeddable":true,"href":"https:\/\/gaceramic.com\/de\/wp-json\/wp\/v2\/users\/1"}],"replies":[{"embeddable":true,"href":"https:\/\/gaceramic.com\/de\/wp-json\/wp\/v2\/comments?post=2818"}],"version-history":[{"count":0,"href":"https:\/\/gaceramic.com\/de\/wp-json\/wp\/v2\/pages\/2818\/revisions"}],"wp:attachment":[{"href":"https:\/\/gaceramic.com\/de\/wp-json\/wp\/v2\/media?parent=2818"}],"curies":[{"name":"wp","href":"https:\/\/api.w.org\/{rel}","templated":true}]}}