{"id":2974,"date":"2020-12-30T17:23:10","date_gmt":"2020-12-30T14:23:10","guid":{"rendered":"https:\/\/gaceramic.com\/?page_id=2974"},"modified":"2020-12-30T18:23:49","modified_gmt":"2020-12-30T15:23:49","slug":"fernabsatzvertrag","status":"publish","type":"page","link":"https:\/\/gaceramic.com\/de\/fernabsatzvertrag\/","title":{"rendered":"Fernabsatzvertrag"},"content":{"rendered":"<div data-elementor-type=\"wp-page\" data-elementor-id=\"2974\" class=\"elementor elementor-2974\">\n\t\t\t\t\t\t<section class=\"elementor-section elementor-top-section elementor-element elementor-element-bf60d1f elementor-section-boxed elementor-section-height-default elementor-section-height-default\" data-id=\"bf60d1f\" data-element_type=\"section\">\n\t\t\t\t\t\t<div class=\"elementor-container elementor-column-gap-default\">\n\t\t\t\t\t<div class=\"elementor-column elementor-col-100 elementor-top-column elementor-element elementor-element-c99e98f\" data-id=\"c99e98f\" data-element_type=\"column\">\n\t\t\t<div class=\"elementor-widget-wrap elementor-element-populated\">\n\t\t\t\t\t\t<div class=\"elementor-element elementor-element-0534d2e elementor-widget elementor-widget-heading\" data-id=\"0534d2e\" data-element_type=\"widget\" data-widget_type=\"heading.default\">\n\t\t\t\t<div class=\"elementor-widget-container\">\n\t\t\t<h2 class=\"elementor-heading-title elementor-size-medium\">Fernabsatzvertrag<\/h2>\t\t<\/div>\n\t\t\t\t<\/div>\n\t\t\t\t\t<\/div>\n\t\t<\/div>\n\t\t\t\t\t<\/div>\n\t\t<\/section>\n\t\t\t\t<section class=\"elementor-section elementor-top-section elementor-element elementor-element-1822cf9 elementor-section-boxed elementor-section-height-default elementor-section-height-default\" data-id=\"1822cf9\" data-element_type=\"section\">\n\t\t\t\t\t\t<div class=\"elementor-container elementor-column-gap-default\">\n\t\t\t\t\t<div class=\"elementor-column elementor-col-100 elementor-top-column elementor-element elementor-element-69b28ff\" data-id=\"69b28ff\" data-element_type=\"column\">\n\t\t\t<div class=\"elementor-widget-wrap elementor-element-populated\">\n\t\t\t\t\t\t<div class=\"elementor-element elementor-element-32e5be8 elementor-widget elementor-widget-text-editor\" data-id=\"32e5be8\" data-element_type=\"widget\" data-widget_type=\"text-editor.default\">\n\t\t\t\t<div class=\"elementor-widget-container\">\n\t\t\t\t\t\t\t<p align=\"justify\"><strong>ARTIKEL 1 INFORMATIONEN F\u00dcR DEN VERK\u00c4UFER<\/strong><\/p>\n<p><strong>Titel:<\/strong> \u00dcmm\u00fcg\u00fcls\u00fcm Ayd\u0131n Keramisches Atelier<br><strong>Adresse:<\/strong> Hasanpasa, \u015eair Sururi Sk. No:7, 34724 Kad\u0131k\u00f6y \/ Istanbul \/ T\u00fcrkei<br><strong>Telefon :<\/strong><span class=\"w8qArf\"> +9<\/span><span class=\"LrzXr zdqRlf kno-fv\"><a href=\"https:\/\/www.google.com\/search?q=ga+ceramic&amp;oq=ga+cer&amp;aqs=chrome.1.69i57j35i39l2j0j0i22i30j69i60l3.2997j0j7&amp;sourceid=chrome&amp;ie=UTF-8#\" data-dtype=\"d3ifr\" data-local-attribute=\"d3ph\" data-ved=\"2ahUKEwimxuPEwe7tAhXFy6QKHV3iA5QQkAgoADATegQIERAD\" target=\"_blank\" rel=\"noopener\"><span role=\"link\" aria-label=\"0505 955 87 93 Numaral\u0131 Telefonu Ara\">0 505 955 87 93<\/span><\/a><\/span><br><strong>E-Mail:<\/strong> gulsumaydin0@gmail.com<\/p>\n<p><strong>ARTIKEL 2 INFORMATIONEN F\u00dcR DEN K\u00c4UFER<\/strong><br><strong>Name Nachname \/ Titel :<\/strong><br><strong>Lieferadresse:<\/strong><br><strong>Adresse der Rechnung :<\/strong><br><strong>Telefon :<\/strong><br><strong>E-Mail:<\/strong><br><strong>IP-Adresse :<\/strong><\/p>\n<p><strong>ARTIKEL 3 GEGENSTAND<\/strong><\/p>\n<p>Gegenstand des vorliegenden Fernabsatzvertrags (\"Vertrag\") ist es, den Verbraucher\/K\u00e4ufer gem\u00e4\u00df den Bestimmungen des Gesetzes Nr. 6502 \u00fcber den Verbraucherschutz und der Verordnung \u00fcber Fernabsatzvertr\u00e4ge, die im Amtsblatt vom 27. November 2014 unter der Nummer 29188 ver\u00f6ffentlicht wurde, \u00fcber den Verkauf und die Lieferung der Produkte (\"Produkte\") zu informieren, deren Qualit\u00e4t und Verkaufspreis nachstehend angegeben sind.<\/p>\n<p><strong>ARTIKEL 4 PRODUKTINFORMATIONEN UND ZUS\u00c4TZLICHE KOSTEN<\/strong><\/p>\n<p><strong>4.1<\/strong>&nbsp;Die grundlegenden Merkmale der Ware \/ des Produkts \/ der Produkte (Typ, Menge, Marke \/ Modell, Farbe, Menge) sind auf der Website des VERK\u00c4UFERS verf\u00fcgbar. Sie k\u00f6nnen die grundlegenden Merkmale des Produkts auf der Website einsehen. Die auf der Website aufgef\u00fchrten und angezeigten\/angek\u00fcndigten Preise sind die Verkaufspreise (einschlie\u00dflich Mehrwertsteuer). Die angek\u00fcndigten Preise und\/oder Zusagen sind g\u00fcltig, bis sie aktualisiert und ge\u00e4ndert werden. Im Falle von Preisen, die f\u00fcr einen bestimmten Zeitraum angek\u00fcndigt werden, gelten sie bis zum Ende des angegebenen Zeitraums.<\/p>\n<p><strong>4.2<\/strong>&nbsp;Die Versand-\/Frachtkosten des Produkts werden berechnet und dem Kunden von dem beauftragten Frachtunternehmen in der Phase des Abschlusses der Bestellung mitgeteilt, nachdem die Lieferadresse best\u00e4tigt wurde. Die Versand-\/Frachtkosten der Ware gehen zu Lasten des K\u00c4UFERS.<\/p>\n<p><strong>ARTIKEL 5 ZAHLUNG UND LIEFERUNG<\/strong><\/p>\n<p><strong>5.1<\/strong>&nbsp;Bei dem\/den vertragsgegenst\u00e4ndlichen Produkt\/en handelt es sich um Produkte, die nach den W\u00fcnschen und\/oder pers\u00f6nlichen Bed\u00fcrfnissen des K\u00c4UFERS angefertigt werden, d.h. um Produkte, die vom VERK\u00c4UFER auf Bestellung speziell angefertigt werden, und die vollst\u00e4ndige Zahlung wird mit dem Zustandekommen des Vertrages erhalten. Zahlungen k\u00f6nnen per Bank\u00fcberweisung \/ EFT oder Kreditkarte innerhalb der auf der Website des VERK\u00c4UFERS angegebenen Bank- und Kontodaten erfolgen.<\/p>\n<p><strong>5.2<\/strong> Die Lieferzeit der Bestellung betr\u00e4gt etwa zw\u00f6lf (12) Tage nach der Zahlung des oben genannten Produktpreises. Das vertragsgegenst\u00e4ndliche Produkt wird an die vom K\u00c4UFER bei der Bestellung angegebene Adresse geliefert. Die Verantwortung liegt beim VERK\u00c4UFER bis zum Zeitpunkt der \u00dcbergabe des Produkts an das entsprechende Transportunternehmen. Falls die Produkte an eine andere Person als den K\u00c4UFER geliefert werden, kann der VERK\u00c4UFER nicht f\u00fcr die Weigerung der zu beliefernden Person\/Organisation verantwortlich gemacht werden.<\/p>\n<p><strong>5.3<\/strong>&nbsp;Der VERBRAUCHER \/ K\u00c4UFER ist verpflichtet, die Produkte zu \u00fcberpr\u00fcfen, sobald er sie erh\u00e4lt, und die M\u00e4ngel, die er am Produkt und\/oder an der Ladung zum Zeitpunkt der Lieferung des Produkts feststellt, unverz\u00fcglich zu protokollieren und den VERK\u00c4UFER sp\u00e4testens innerhalb von 24 Stunden nach der Lieferung zu benachrichtigen.<\/p>\n<p><strong>ARTIKEL 6 R\u00dcCKTRITTSRECHT<\/strong><\/p>\n<p><strong>6.1&nbsp;<\/strong>Der Verbraucher kann sein Recht auf R\u00fccktritt vom Vertrag aus\u00fcben, indem er das Produkt innerhalb von 14 (vierzehn) Tagen ab dem Datum der Lieferung des Produkts an ihn oder die Person\/Organisation an der von ihm angegebenen Adresse zur\u00fcckweist, und zwar ohne rechtliche und strafrechtliche Haftung und ohne Begr\u00fcndung, wenn der Verbraucher nicht daran gehindert ist, sein Widerrufsrecht in Fernabsatzvertr\u00e4gen \u00fcber den Verkauf von Waren auszu\u00fcben.<\/p>\n<p><strong>6.2<\/strong>&nbsp;In F\u00e4llen, in denen der Aus\u00fcbung des R\u00fccktrittsrechts nach den gesetzlichen Bestimmungen nichts im Wege steht, muss dem Verk\u00e4ufer innerhalb von 14 (vierzehn) Tagen eine schriftliche Mitteilung per Einschreiben, E-Mail oder Fax zugestellt werden, um das R\u00fccktrittsrecht auszu\u00fcben.<\/p>\n<p><strong>6.3<\/strong>&nbsp;Damit das Produkt in den F\u00e4llen, in denen es die Aus\u00fcbung des Widerrufsrechts nicht verhindert, gem\u00e4\u00df den gesetzlichen Bestimmungen zur\u00fcckgegeben werden kann, muss das R\u00fcckgabeformular des Produkts, f\u00fcr das das Widerrufsrecht in Anspruch genommen wird, vollst\u00e4ndig ausgef\u00fcllt und in das R\u00fcckgabepaket gelegt werden und&nbsp;<a href=\"http:\/\/www.esmadereboy.com\/\" target=\"_blank\" rel=\"noopener\">www.gaceramic.com<\/a>&nbsp;Die R\u00fccksendung muss \u00fcber die Adresse mitgeteilt werden.<\/p>\n<p><strong>6.4<\/strong>&nbsp;Die zur\u00fcckzusendenden Produkte m\u00fcssen zusammen mit der Schachtel, der Verpackung und eventuellem Zubeh\u00f6r geliefert werden.<\/p>\n<p><strong>6.5&nbsp;<\/strong>Der VERK\u00c4UFER ist verpflichtet, dem Verbraucher sp\u00e4testens innerhalb von 14 (vierzehn) Tagen nach Erhalt der R\u00fccktrittserkl\u00e4rung den Gesamtpreis und die Dokumente, die den Verbraucher verpflichten, zur\u00fcckzugeben.<\/p>\n<p><strong>6.6<\/strong>&nbsp;Der VERK\u00c4UFER muss dem VERBRAUCHER den vollen Preis des Produkts zur\u00fcckerstatten, wenn es f\u00fcr den VERBRAUCHER kein Hindernis gibt, sein Widerrufsrecht in \u00dcbereinstimmung mit der Gesetzgebung auszu\u00fcben, und zwar in \u00dcbereinstimmung mit dem Zahlungsmittel, das der Verbraucher beim Kauf verwendet hat, und ohne jegliche Kosten oder Verpflichtungen f\u00fcr den Verbraucher.<\/p>\n<p><strong>ARTIKEL 7 F\u00c4LLE, IN DENEN DAS WIDERRUFSRECHT NICHT AUSGE\u00dcBT WERDEN KANN<\/strong><\/p>\n<p>Das Widerrufsrecht kann nicht ausge\u00fcbt werden bei Vertr\u00e4gen zur Lieferung von Waren, die nach den W\u00fcnschen des Verbrauchers angefertigt werden oder eindeutig auf seine pers\u00f6nlichen Bed\u00fcrfnisse zugeschnitten sind, die auf Grund ihrer Beschaffenheit nicht f\u00fcr eine R\u00fccksendung geeignet sind und deren Verfalldatum \u00fcberschritten w\u00fcrde, sowie bei Vertr\u00e4gen \u00fcber Audio- oder Videoaufzeichnungen, Softwareprogramme und Computerverbrauchsmaterial, sofern die Verpackung vom Verbraucher ge\u00f6ffnet wurde.<\/p>\n<p>Sofern nicht ausdr\u00fccklich anders angegeben, handelt es sich bei den Produkten auf der Website des VERK\u00c4UFERS um Waren, die nach den W\u00fcnschen des Verbrauchers oder seinen pers\u00f6nlichen Bed\u00fcrfnissen angefertigt werden, d.h. um Waren, die speziell auf Bestellung des Verbrauchers hergestellt werden, und in diesem Zusammenhang geh\u00f6ren sie zu den Ausnahmen vom Widerrufsrecht gem\u00e4\u00df den einschl\u00e4gigen Rechtsvorschriften.<\/p>\n<p><strong>ARTIKEL 8 ALLGEMEINE BESTIMMUNGEN<\/strong><br><strong>8.1<\/strong>&nbsp;Der Verbraucher akzeptiert, erkl\u00e4rt und verpflichtet sich, dass er die Vorabinformationen \u00fcber die grundlegenden Eigenschaften des zu verkaufenden Produkts, den Verkaufspreis, die Zahlungsweise und die Lieferung in diesem Formular gelesen und zur Kenntnis genommen hat und die erforderliche schriftliche Best\u00e4tigung gegeben hat.<\/p>\n<p><strong>8.2<\/strong>&nbsp;Mit der schriftlichen Best\u00e4tigung dieses Formulars best\u00e4tigt der Verbraucher, dass er die Adresse, die grundlegenden Eigenschaften der bestellten Produkte, den Preis der Produkte einschlie\u00dflich der Steuern, die Zahlungs- und Lieferinformationen, die dem Verbraucher vom Verk\u00e4ufer vor dem Abschluss von Fernabsatzvertr\u00e4gen mitgeteilt werden m\u00fcssen, korrekt und vollst\u00e4ndig erhalten hat.<\/p>\n<p><strong>8.3<\/strong>&nbsp;Der Verk\u00e4ufer benachrichtigt den K\u00e4ufer vor Ablauf der vertraglichen Leistungsverpflichtung, wenn er davon ausgeht, dass die Produkte aus einem berechtigten Grund nicht vor Ablauf der Lieferfrist geliefert werden k\u00f6nnen, und erstattet dem K\u00e4ufer den Gesamtpreis innerhalb von 14 (vierzehn) Tagen nach Ablauf der Benachrichtigungsfrist.<\/p>\n<p><strong>8.4<\/strong>&nbsp;Wird der Preis f\u00fcr das Produkt aus irgendeinem Grund nicht bezahlt oder in den Bankunterlagen storniert, gilt der Verk\u00e4ufer als von der Verpflichtung zur Lieferung des Produkts befreit.<\/p>\n<p><strong>8.5<\/strong>&nbsp;Wenn der Preis der Produkte aus irgendeinem Grund nicht an den Verk\u00e4ufer gezahlt wird, muss der K\u00e4ufer die Produkte nach der Benachrichtigung des Verk\u00e4ufers an diesen zur\u00fcckgeben. Alle anderen vertragsrechtlichen Rechte des Verk\u00e4ufers, einschlie\u00dflich der Weiterverfolgung der Produktpreisforderung, sind ebenfalls und in jedem Fall vorbehalten.<\/p>\n<p><strong>8.6<\/strong>&nbsp;Der Verk\u00e4ufer kann nicht daf\u00fcr verantwortlich gemacht werden, wenn das bestellte Produkt aufgrund von Problemen, auf die das Transportunternehmen bei der Lieferung der Produkte an den Verbraucher gesto\u00dfen ist, nicht an den Verbraucher geliefert werden kann.<\/p>\n<p><strong>ARTIKEL 9 ZUST\u00c4NDIGES GERICHT<\/strong><\/p>\n<p>Verbraucher k\u00f6nnen innerhalb der vom Ministerium f\u00fcr Industrie und Handel im Dezember eines jeden Jahres festgelegten Grenzen Beschwerden und Einw\u00e4nde beim Schlichtungsausschuss f\u00fcr Verbraucherprobleme oder beim Verbrauchergericht des Ortes, an dem sie die Waren oder Dienstleistungen erworben haben oder an dem sie wohnen, vorbringen.<\/p>\n<p><strong>ARTIKEL 10 SONSTIGE BESTIMMUNGEN<\/strong><\/p>\n<p>Dieses Formblatt ist, wenn es vom Verbraucher genehmigt wurde, ein wesentlicher Bestandteil des Fernabsatzvertrags, und der Verbraucher wird mit dieser Vorabinformation auch \u00fcber alle oben genannten Punkte vorab informiert.<\/p>\n<p>Alle Erkl\u00e4rungen und Informationen in dieser Bestellung und den Vorabinformationen zum Vertrag sind ab dem Zeitpunkt g\u00fcltig, an dem sie von den Verbrauchern auf der Website des VERK\u00c4UFERS genehmigt werden, und sind ein wesentlicher Bestandteil des Fernabsatzvertrags. Wenn sie von den Verbrauchern akzeptiert werden, werden sie zusammen mit dem Fernabsatzvertrag zwischen unserem Unternehmen (Verk\u00e4ufer) und den Verbrauchern (K\u00e4ufern) verbindlich angewendet.<\/p>\n<p><strong>VERK\u00c4UFER :<\/strong> \u00dcmm\u00fcg\u00fcls\u00fcm Ayd\u0131n Keramisches Atelier<\/p>\n<p>Ich best\u00e4tige, dass ich die in diesem Fernabsatzvertrag genannten Vorabinformationen erhalten habe.<br><br><strong>K\u00c4UFER :<\/strong><br><strong>VOLLST\u00c4NDIGER NAME :<\/strong><br><strong>E-MAIL :<\/strong><\/p>\n<p><strong>ONAY :<\/strong><\/p>\t\t\t\t\t\t<\/div>\n\t\t\t\t<\/div>\n\t\t\t\t\t<\/div>\n\t\t<\/div>\n\t\t\t\t\t<\/div>\n\t\t<\/section>\n\t\t\t\t<\/div>","protected":false},"excerpt":{"rendered":"<p>Mesafeli Sat\u0131\u015f S\u00f6zle\u015fmesi MADDE 1 SATICI B\u0130LG\u0130LER\u0130 Unvan\u0131: \u00dcmm\u00fcg\u00fcls\u00fcm Ayd\u0131n Seramik St\u00fcdyoAdresi: Hasanpa\u015fa, \u015eair Sururi Sk. No:7, 34724 Kad\u0131k\u00f6y \/ \u0130stanbul \/ T\u00fcrkiyeTelefon : +90 505 955 87 93Eposta: gulsumaydin0@gmail.com MADDE 2 ALICI B\u0130LG\u0130LER\u0130Ad\u0131 Soyad\u0131 \/ Unvan\u0131 :Teslimat Adresi :Fatura Adresi :Telefon :Eposta :IP adresi : MADDE 3 KONU \u0130\u015fbu Mesafeli Sat\u0131\u015f S\u00f6zle\u015fmesinin (&#8220;S\u00f6zle\u015fme&#8221;) konusu [&hellip;]<\/p>","protected":false},"author":1,"featured_media":0,"parent":0,"menu_order":0,"comment_status":"closed","ping_status":"closed","template":"","meta":{"_uag_custom_page_level_css":"","site-sidebar-layout":"no-sidebar","site-content-layout":"page-builder","ast-site-content-layout":"","site-content-style":"default","site-sidebar-style":"default","ast-global-header-display":"","ast-banner-title-visibility":"","ast-main-header-display":"","ast-hfb-above-header-display":"","ast-hfb-below-header-display":"","ast-hfb-mobile-header-display":"","site-post-title":"disabled","ast-breadcrumbs-content":"","ast-featured-img":"disabled","footer-sml-layout":"","theme-transparent-header-meta":"default","adv-header-id-meta":"","stick-header-meta":"","header-above-stick-meta":"","header-main-stick-meta":"","header-below-stick-meta":"","astra-migrate-meta-layouts":"default","ast-page-background-enabled":"default","ast-page-background-meta":{"desktop":{"background-color":"","background-image":"","background-repeat":"repeat","background-position":"center center","background-size":"auto","background-attachment":"scroll","background-type":"","background-media":"","overlay-type":"","overlay-color":"","overlay-opacity":"","overlay-gradient":""},"tablet":{"background-color":"","background-image":"","background-repeat":"repeat","background-position":"center center","background-size":"auto","background-attachment":"scroll","background-type":"","background-media":"","overlay-type":"","overlay-color":"","overlay-opacity":"","overlay-gradient":""},"mobile":{"background-color":"","background-image":"","background-repeat":"repeat","background-position":"center center","background-size":"auto","background-attachment":"scroll","background-type":"","background-media":"","overlay-type":"","overlay-color":"","overlay-opacity":"","overlay-gradient":""}},"ast-content-background-meta":{"desktop":{"background-color":"var(--ast-global-color-5)","background-image":"","background-repeat":"repeat","background-position":"center center","background-size":"auto","background-attachment":"scroll","background-type":"","background-media":"","overlay-type":"","overlay-color":"","overlay-opacity":"","overlay-gradient":""},"tablet":{"background-color":"var(--ast-global-color-5)","background-image":"","background-repeat":"repeat","background-position":"center center","background-size":"auto","background-attachment":"scroll","background-type":"","background-media":"","overlay-type":"","overlay-color":"","overlay-opacity":"","overlay-gradient":""},"mobile":{"background-color":"var(--ast-global-color-5)","background-image":"","background-repeat":"repeat","background-position":"center center","background-size":"auto","background-attachment":"scroll","background-type":"","background-media":"","overlay-type":"","overlay-color":"","overlay-opacity":"","overlay-gradient":""}},"footnotes":""},"class_list":["post-2974","page","type-page","status-publish","hentry"],"uagb_featured_image_src":{"full":false,"thumbnail":false,"medium":false,"medium_large":false,"large":false,"1536x1536":false,"2048x2048":false,"trp-custom-language-flag":false,"woocommerce_thumbnail":false,"woocommerce_single":false,"woocommerce_gallery_thumbnail":false,"variation_swatches_image_size":false,"variation_swatches_tooltip_size":false},"uagb_author_info":{"display_name":"gaceramic","author_link":"https:\/\/gaceramic.com\/de\/author\/gaceramic\/"},"uagb_comment_info":0,"uagb_excerpt":"Mesafeli Sat\u0131\u015f S\u00f6zle\u015fmesi MADDE 1 SATICI B\u0130LG\u0130LER\u0130 Unvan\u0131: \u00dcmm\u00fcg\u00fcls\u00fcm Ayd\u0131n Seramik St\u00fcdyoAdresi: Hasanpa\u015fa, \u015eair Sururi Sk. No:7, 34724 Kad\u0131k\u00f6y \/ \u0130stanbul \/ T\u00fcrkiyeTelefon : +90 505 955 87 93Eposta: gulsumaydin0@gmail.com MADDE 2 ALICI B\u0130LG\u0130LER\u0130Ad\u0131 Soyad\u0131 \/ Unvan\u0131 :Teslimat Adresi :Fatura Adresi :Telefon :Eposta :IP adresi : MADDE 3 KONU \u0130\u015fbu Mesafeli Sat\u0131\u015f S\u00f6zle\u015fmesinin (&#8220;S\u00f6zle\u015fme&#8221;) konusu&hellip;","_links":{"self":[{"href":"https:\/\/gaceramic.com\/de\/wp-json\/wp\/v2\/pages\/2974","targetHints":{"allow":["GET"]}}],"collection":[{"href":"https:\/\/gaceramic.com\/de\/wp-json\/wp\/v2\/pages"}],"about":[{"href":"https:\/\/gaceramic.com\/de\/wp-json\/wp\/v2\/types\/page"}],"author":[{"embeddable":true,"href":"https:\/\/gaceramic.com\/de\/wp-json\/wp\/v2\/users\/1"}],"replies":[{"embeddable":true,"href":"https:\/\/gaceramic.com\/de\/wp-json\/wp\/v2\/comments?post=2974"}],"version-history":[{"count":0,"href":"https:\/\/gaceramic.com\/de\/wp-json\/wp\/v2\/pages\/2974\/revisions"}],"wp:attachment":[{"href":"https:\/\/gaceramic.com\/de\/wp-json\/wp\/v2\/media?parent=2974"}],"curies":[{"name":"wp","href":"https:\/\/api.w.org\/{rel}","templated":true}]}}