{"id":2743,"date":"2020-12-27T23:58:58","date_gmt":"2020-12-27T20:58:58","guid":{"rendered":"https:\/\/gaceramic.com\/?page_id=2743"},"modified":"2020-12-30T01:42:35","modified_gmt":"2020-12-29T22:42:35","slug":"cancellation-and-refund-conditions","status":"publish","type":"page","link":"https:\/\/gaceramic.com\/en\/cancellation-and-refund-conditions\/","title":{"rendered":"Cancellation and refund conditions"},"content":{"rendered":"<div data-elementor-type=\"wp-page\" data-elementor-id=\"2743\" class=\"elementor elementor-2743\">\n\t\t\t\t\t\t<section class=\"elementor-section elementor-top-section elementor-element elementor-element-febc7d3 elementor-section-boxed elementor-section-height-default elementor-section-height-default\" data-id=\"febc7d3\" data-element_type=\"section\">\n\t\t\t\t\t\t<div class=\"elementor-container elementor-column-gap-default\">\n\t\t\t\t\t<div class=\"elementor-column elementor-col-100 elementor-top-column elementor-element elementor-element-935b6f6\" data-id=\"935b6f6\" data-element_type=\"column\">\n\t\t\t<div class=\"elementor-widget-wrap elementor-element-populated\">\n\t\t\t\t\t\t<div class=\"elementor-element elementor-element-144bc8f elementor-widget elementor-widget-heading\" data-id=\"144bc8f\" data-element_type=\"widget\" data-widget_type=\"heading.default\">\n\t\t\t\t<div class=\"elementor-widget-container\">\n\t\t\t<h2 class=\"elementor-heading-title elementor-size-medium\">Cancellation and Refund Policy<\/h2>\t\t<\/div>\n\t\t\t\t<\/div>\n\t\t\t\t\t<\/div>\n\t\t<\/div>\n\t\t\t\t\t<\/div>\n\t\t<\/section>\n\t\t\t\t<section class=\"elementor-section elementor-top-section elementor-element elementor-element-916fa49 elementor-section-boxed elementor-section-height-default elementor-section-height-default\" data-id=\"916fa49\" data-element_type=\"section\">\n\t\t\t\t\t\t<div class=\"elementor-container elementor-column-gap-default\">\n\t\t\t\t\t<div class=\"elementor-column elementor-col-100 elementor-top-column elementor-element elementor-element-bd05edd\" data-id=\"bd05edd\" data-element_type=\"column\">\n\t\t\t<div class=\"elementor-widget-wrap elementor-element-populated\">\n\t\t\t\t\t\t<div class=\"elementor-element elementor-element-db7ff3e elementor-widget elementor-widget-text-editor\" data-id=\"db7ff3e\" data-element_type=\"widget\" data-widget_type=\"text-editor.default\">\n\t\t\t\t<div class=\"elementor-widget-container\">\n\t\t\t\t\t\t\t<div class=\"contentbox-header\">\n<h4>&nbsp;<\/h4>\n<\/div>\n<div class=\"contentbox-body\">\n<div class=\"row\">\n<div class=\"col-12\">\n<p>For return, the product must not be used or destroyed. You can return it as you received it within 14 days from the date of receipt. In case of your return request, our company must be notified by telephone or e-mail in advance. The product must be sent to us after you are informed by telephone or e-mail as a result of the evaluation.<\/p>\n<p>For the right of return, the customer is obliged to return the product without using it. Returned products must be packed in such a way that they will not be broken during cargo. The loss in the commercial value of the product broken during cargo belongs to the customer.<\/p>\n<p>You must send it together with the original invoice (all copies) of the product you want to return. All returns you will make must be made through the cargo company delivered by www.gaceramic.com. Products sent via different cargo companies are not accepted.&nbsp;<\/p>\n<p>When receiving your cargo, open and check the packages during delivery. If some products are missing, incorrect or damaged during the check, do not take delivery of the product. Request the cargo officer to prepare a 'damage assessment report'. You can send the damaged product back to us with the report to be prepared by the cargo officer and request the replacement or return of your product. The return process is initiated upon receipt of the returned product.<\/p>\n<p>Please note that we do not accept the return or exchange of broken or damaged products without a 'damage assessment report'.<\/p>\n<p>The customer is obliged to return the product as it was delivered to him. Return of used products is not accepted.<\/p>\n<p><strong>MONEY REFUND<\/strong><\/p>\n<p>If the customer returns the product or withdraws from the shopping, the product price will be refunded within ten (14) days from the moment the returned product reaches our return address. This process depends entirely on your bank. Refunds made in instalment sales are reflected by your bank to your credit card as a plus balance every month.<\/p>\n<p>If the invoice of the product to be returned is issued on behalf of the VAT payer (real or legal persons who are obliged to issue invoices), the product must be sent together with the return invoice when returning the product.<\/p>\n<p>The return invoice must be issued without including the shipping share (product unit price + VAT). Returns of orders whose invoice is issued to VAT payers (real or legal persons who are obliged to issue invoices) will not be completed unless a RETURN INVOICE is issued.<\/p>\n<\/div>\n<\/div>\n<\/div>\t\t\t\t\t\t<\/div>\n\t\t\t\t<\/div>\n\t\t\t\t\t<\/div>\n\t\t<\/div>\n\t\t\t\t\t<\/div>\n\t\t<\/section>\n\t\t\t\t<\/div>","protected":false},"excerpt":{"rendered":"<p>\u0130ptal ve \u0130ade Ko\u015fullar\u0131 &nbsp; \u0130ade i\u00e7in \u00fcr\u00fcn\u00fcn kullan\u0131lmam\u0131\u015f veya tahrip edilmemi\u015f olmas\u0131 gerekmektedir. Teslim al\u0131nd\u0131\u011f\u0131 tarihten itibaren 14 g\u00fcn i\u00e7inde teslim ald\u0131\u011f\u0131n\u0131z \u015fekli ile iade edebilirsiniz. \u0130ade talebiniz durumunda \u00f6nceden mutlaka firmam\u0131za telefon veya e-mail ile bildirilmelidir. Yap\u0131lan de\u011ferlendirme sonucu size telefon ya da \/e-posta yoluyla bilgi verildikten sonra \u00fcr\u00fcn\u00fcn taraf\u0131m\u0131za g\u00f6nderilmesi gerekmektedir. \u0130ade [&hellip;]<\/p>","protected":false},"author":1,"featured_media":0,"parent":0,"menu_order":0,"comment_status":"closed","ping_status":"closed","template":"elementor_header_footer","meta":{"_uag_custom_page_level_css":"","site-sidebar-layout":"no-sidebar","site-content-layout":"page-builder","ast-site-content-layout":"","site-content-style":"default","site-sidebar-style":"default","ast-global-header-display":"","ast-banner-title-visibility":"","ast-main-header-display":"","ast-hfb-above-header-display":"","ast-hfb-below-header-display":"","ast-hfb-mobile-header-display":"","site-post-title":"disabled","ast-breadcrumbs-content":"","ast-featured-img":"disabled","footer-sml-layout":"","theme-transparent-header-meta":"default","adv-header-id-meta":"","stick-header-meta":"","header-above-stick-meta":"","header-main-stick-meta":"","header-below-stick-meta":"","astra-migrate-meta-layouts":"default","ast-page-background-enabled":"default","ast-page-background-meta":{"desktop":{"background-color":"","background-image":"","background-repeat":"repeat","background-position":"center center","background-size":"auto","background-attachment":"scroll","background-type":"","background-media":"","overlay-type":"","overlay-color":"","overlay-opacity":"","overlay-gradient":""},"tablet":{"background-color":"","background-image":"","background-repeat":"repeat","background-position":"center center","background-size":"auto","background-attachment":"scroll","background-type":"","background-media":"","overlay-type":"","overlay-color":"","overlay-opacity":"","overlay-gradient":""},"mobile":{"background-color":"","background-image":"","background-repeat":"repeat","background-position":"center center","background-size":"auto","background-attachment":"scroll","background-type":"","background-media":"","overlay-type":"","overlay-color":"","overlay-opacity":"","overlay-gradient":""}},"ast-content-background-meta":{"desktop":{"background-color":"var(--ast-global-color-5)","background-image":"","background-repeat":"repeat","background-position":"center center","background-size":"auto","background-attachment":"scroll","background-type":"","background-media":"","overlay-type":"","overlay-color":"","overlay-opacity":"","overlay-gradient":""},"tablet":{"background-color":"var(--ast-global-color-5)","background-image":"","background-repeat":"repeat","background-position":"center center","background-size":"auto","background-attachment":"scroll","background-type":"","background-media":"","overlay-type":"","overlay-color":"","overlay-opacity":"","overlay-gradient":""},"mobile":{"background-color":"var(--ast-global-color-5)","background-image":"","background-repeat":"repeat","background-position":"center center","background-size":"auto","background-attachment":"scroll","background-type":"","background-media":"","overlay-type":"","overlay-color":"","overlay-opacity":"","overlay-gradient":""}},"footnotes":""},"class_list":["post-2743","page","type-page","status-publish","hentry"],"uagb_featured_image_src":{"full":false,"thumbnail":false,"medium":false,"medium_large":false,"large":false,"1536x1536":false,"2048x2048":false,"trp-custom-language-flag":false,"woocommerce_thumbnail":false,"woocommerce_single":false,"woocommerce_gallery_thumbnail":false,"variation_swatches_image_size":false,"variation_swatches_tooltip_size":false},"uagb_author_info":{"display_name":"gaceramic","author_link":"https:\/\/gaceramic.com\/en\/author\/gaceramic\/"},"uagb_comment_info":0,"uagb_excerpt":"\u0130ptal ve \u0130ade Ko\u015fullar\u0131 &nbsp; \u0130ade i\u00e7in \u00fcr\u00fcn\u00fcn kullan\u0131lmam\u0131\u015f veya tahrip edilmemi\u015f olmas\u0131 gerekmektedir. Teslim al\u0131nd\u0131\u011f\u0131 tarihten itibaren 14 g\u00fcn i\u00e7inde teslim ald\u0131\u011f\u0131n\u0131z \u015fekli ile iade edebilirsiniz. \u0130ade talebiniz durumunda \u00f6nceden mutlaka firmam\u0131za telefon veya e-mail ile bildirilmelidir. Yap\u0131lan de\u011ferlendirme sonucu size telefon ya da \/e-posta yoluyla bilgi verildikten sonra \u00fcr\u00fcn\u00fcn taraf\u0131m\u0131za g\u00f6nderilmesi gerekmektedir. \u0130ade&hellip;","_links":{"self":[{"href":"https:\/\/gaceramic.com\/en\/wp-json\/wp\/v2\/pages\/2743","targetHints":{"allow":["GET"]}}],"collection":[{"href":"https:\/\/gaceramic.com\/en\/wp-json\/wp\/v2\/pages"}],"about":[{"href":"https:\/\/gaceramic.com\/en\/wp-json\/wp\/v2\/types\/page"}],"author":[{"embeddable":true,"href":"https:\/\/gaceramic.com\/en\/wp-json\/wp\/v2\/users\/1"}],"replies":[{"embeddable":true,"href":"https:\/\/gaceramic.com\/en\/wp-json\/wp\/v2\/comments?post=2743"}],"version-history":[{"count":0,"href":"https:\/\/gaceramic.com\/en\/wp-json\/wp\/v2\/pages\/2743\/revisions"}],"wp:attachment":[{"href":"https:\/\/gaceramic.com\/en\/wp-json\/wp\/v2\/media?parent=2743"}],"curies":[{"name":"wp","href":"https:\/\/api.w.org\/{rel}","templated":true}]}}