{"id":2773,"date":"2020-12-29T18:21:19","date_gmt":"2020-12-29T15:21:19","guid":{"rendered":"https:\/\/gaceramic.com\/?page_id=2773"},"modified":"2020-12-30T17:13:07","modified_gmt":"2020-12-30T14:13:07","slug":"kisisel-verilerin-korunmasi","status":"publish","type":"page","link":"https:\/\/gaceramic.com\/en\/kisisel-verilerin-korunmasi\/","title":{"rendered":"Ki\u015fisel Verilerin Korunmas\u0131"},"content":{"rendered":"<div data-elementor-type=\"wp-page\" data-elementor-id=\"2773\" class=\"elementor elementor-2773\">\n\t\t\t\t\t\t<section class=\"elementor-section elementor-top-section elementor-element elementor-element-77ab8e4 elementor-section-boxed elementor-section-height-default elementor-section-height-default\" data-id=\"77ab8e4\" data-element_type=\"section\">\n\t\t\t\t\t\t<div class=\"elementor-container elementor-column-gap-default\">\n\t\t\t\t\t<div class=\"elementor-column elementor-col-100 elementor-top-column elementor-element elementor-element-0bf4808\" data-id=\"0bf4808\" data-element_type=\"column\">\n\t\t\t<div class=\"elementor-widget-wrap elementor-element-populated\">\n\t\t\t\t\t\t<div class=\"elementor-element elementor-element-d346bf5 elementor-widget elementor-widget-heading\" data-id=\"d346bf5\" data-element_type=\"widget\" data-widget_type=\"heading.default\">\n\t\t\t\t<div class=\"elementor-widget-container\">\n\t\t\t<h2 class=\"elementor-heading-title elementor-size-medium\">Ki\u015fisel Verilerin Korunmas\u0131 ve Gizlilik Politikas\u0131<\/h2>\t\t<\/div>\n\t\t\t\t<\/div>\n\t\t\t\t\t<\/div>\n\t\t<\/div>\n\t\t\t\t\t<\/div>\n\t\t<\/section>\n\t\t\t\t<section class=\"elementor-section elementor-top-section elementor-element elementor-element-a7ce77d elementor-section-boxed elementor-section-height-default elementor-section-height-default\" data-id=\"a7ce77d\" data-element_type=\"section\">\n\t\t\t\t\t\t<div class=\"elementor-container elementor-column-gap-default\">\n\t\t\t\t\t<div class=\"elementor-column elementor-col-100 elementor-top-column elementor-element elementor-element-6a1d2a4\" data-id=\"6a1d2a4\" data-element_type=\"column\">\n\t\t\t<div class=\"elementor-widget-wrap elementor-element-populated\">\n\t\t\t\t\t\t<div class=\"elementor-element elementor-element-3a5bbfe elementor-widget elementor-widget-text-editor\" data-id=\"3a5bbfe\" data-element_type=\"widget\" data-widget_type=\"text-editor.default\">\n\t\t\t\t<div class=\"elementor-widget-container\">\n\t\t\t\t\t\t\t<div class=\"contentbox-header\">\u00a0<\/div><div class=\"contentbox-body\"><div class=\"row\"><div class=\"col-12\"><p>GA Ceramic olarak, ki\u015fisel verilerinizin g\u00fcvenli\u011fi hususuna azami hassasiyet g\u00f6stermekteyiz. Bu kapsamda \u00fcr\u00fcn ve hizmetlerimizden faydalanan ki\u015filer dahil, \u015eirketimiz ile ili\u015fkili t\u00fcm ger\u00e7ek ki\u015filere ait her t\u00fcrl\u00fc ki\u015fisel verilerin T\u00fcrkiye Cumhuriyeti Anayasas\u0131 ve insan haklar\u0131na ili\u015fkin \u00fclkemizin taraf\u0131 oldu\u011fu uluslararas\u0131 s\u00f6zle\u015fmeler ile 6698 say\u0131l\u0131 Ki\u015fisel Verilerin Korunmas\u0131 Kanunu (&#8220;KVKK\u201d) ba\u015fta olmak \u00fczere ilgili mevzuata uygun olarak i\u015flenmesi ve verisi i\u015flenen ilgili ki\u015filerin haklar\u0131n\u0131 etkin \u015fekilde kullan\u0131lmas\u0131n\u0131n sa\u011flanmas\u0131 \u00f6nceli\u011fimizdir. Bu metin; KVKK gere\u011fince ve yap\u0131lan i\u015flemlerle ilgili sizi bilgilendirmek amac\u0131yla yap\u0131lmaktad\u0131r.<\/p><p>Kanun kapsam\u0131nda ki\u015fisel veri, kimli\u011fi belirli veya belirlenebilir ger\u00e7ek ki\u015fiye ili\u015fkin her t\u00fcrl\u00fc bilgiyi; ki\u015fisel verilerin i\u015flenmesi ise ki\u015fisel verilerin tamamen veya k\u0131smen otomatik olan ya da herhangi bir veri kay\u0131t sisteminin par\u00e7as\u0131 olmak kayd\u0131yla otomatik olmayan yollarla elde edilmesi, kaydedilmesi, depolanmas\u0131, saklanmas\u0131, de\u011fi\u015ftirilmesi, yeniden d\u00fczenlenmesi, a\u00e7\u0131klanmas\u0131, aktar\u0131lmas\u0131, devral\u0131nmas\u0131, elde edilebilir h\u00e2le getirilmesi, s\u0131n\u0131fland\u0131r\u0131lmas\u0131 ya da kullan\u0131lmas\u0131n\u0131n engellenmesi gibi veriler \u00fczerinde ger\u00e7ekle\u015ftirilen i\u015flemleri ifade etmektedir.<\/p><p>Web sitemizi kullanarak ve\/veya sundu\u011fumuz hizmetlerden yararlanarak\/yararlanmay\u0131 talep ederek veya ba\u015fkaca her t\u00fcrl\u00fc durumda, veri sahibi olarak, i\u015fbu Politika ile ki\u015fisel verilerinizin i\u015flenmesine ili\u015fkin ayd\u0131nlat\u0131lm\u0131\u015f ve burada belirtilen \u015fekilde verilerinizin toplanmas\u0131n\u0131, i\u015flenmesini veya aktar\u0131lmas\u0131n\u0131 onaylam\u0131\u015f olursunuz.<\/p><p><strong>Ki\u015fisel Verilerin \u0130\u015flenme Ama\u00e7lar\u0131 ve Hukuki Sebepler<\/strong><\/p><p>Taraf\u0131n\u0131za ait ki\u015fisel bilgiler; Web sitemizi veya mobil uygulamalar\u0131m\u0131z\u0131 ziyaretiniz, telefon veya e-posta yaz\u0131\u015fmalar\u0131ndaki payla\u015f\u0131mlar\u0131n\u0131z, i\u015f yerimizi ziyaretiniz gibi kaynaklardan toplanmaktad\u0131r.<\/p><p>Hizmetlerimizi ve kampanyalar\u0131m\u0131z\u0131 duyuran b\u00fcltenlerimize \u00fcye olman\u0131z, site ve uygulamalar \u00fczerinden bir \u00fcr\u00fcn sat\u0131n alman\u0131z ya da sat\u0131n ald\u0131\u011f\u0131n\u0131z \u00fcr\u00fcn\u00fc iptal etmeniz gibi hallerde, sizlere daha iyi hizmet verebilmek ad\u0131na ad, soyad, e-posta adresi, telefon numaras\u0131, cinsiyet, do\u011fum tarihi, ki\u015fisel ilgi alanlar\u0131, kimlik bilgileri, fatura, teslimat adresleri, internet sitemize ula\u015fmak i\u00e7in kulland\u0131\u011f\u0131n\u0131z IP adresiniz, kullan\u0131c\u0131 ad\u0131 ve parolan\u0131z, kredi\/banka kart\u0131 numaran\u0131z ve son kullanma tarihi ile g\u00fcvenlik numaras\u0131, sipari\u015f al\u0131c\u0131 bilgileri, internet sitemizde kulland\u0131\u011f\u0131n\u0131z kullan\u0131c\u0131 ad\u0131n\u0131z ve \u015fifreniz, kulland\u0131\u011f\u0131n\u0131z internet taray\u0131c\u0131s\u0131 tipi ve versiyonu gibi bilgisayar ve ba\u011flant\u0131 bilgileriniz, i\u015fletim sisteminiz, sizi internet sitemize ula\u015fman\u0131z\u0131 sa\u011flayan internet sitelerinin bilgileri ve al\u0131\u015fveri\u015f ge\u00e7mi\u015finiz, ikamet etti\u011finiz il ve il\u00e7e, mesle\u011finiz gibi baz\u0131 ki\u015fisel bilgilere ihtiya\u00e7 duymaktay\u0131z. Bu bilgiler haricinde, ma\u011fazalar\u0131m\u0131za ziyaret s\u0131kl\u0131\u011f\u0131 ve zamanlar\u0131, sipari\u015f verilme zamanlar\u0131 gibi ki\u015fisel bilgi i\u00e7ermeyen toplu istatistiksel veriler de ziyaret\u00e7i hareket ve tercihlerini analiz etmek ve anlamak amac\u0131yla i\u015flenmektedir.<\/p><p><strong>Verilerin Payla\u015f\u0131m\u0131 ve Aktar\u0131m\u0131<\/strong><\/p><p>\u015eirketimiz; sipari\u015fleri yerine getirmek, paketleri teslim etmek, m\u00fc\u015fteri hizmetleri sa\u011flamak, posta veya e-posta g\u00f6ndermek, kredi kart\u0131 \u00f6demelerini ger\u00e7ekle\u015ftirmek vb. yard\u0131mc\u0131 i\u015fler i\u00e7in arac\u0131 kurumlar ile i\u015fbirlikleri yapmaktad\u0131r. Ki\u015fisel verileriniz bu kurumlar ile g\u00f6revlerini yerine getirebilmeleri i\u00e7in Kanun\u2019a uygun olarak payla\u015f\u0131labilecek olup, ilgili kurumlar\u0131n bu verileri ba\u015fka herhangi bir faaliyet i\u00e7in kullanma haklar\u0131 bulunmad\u0131\u011f\u0131n\u0131 da belirtmek isteriz.<\/p><p><strong>Ki\u015fisel Veri Sahiplerinin Haklar\u0131<\/strong><\/p><p>*KVKK\u2019 nun 11. maddesine g\u00f6re haklar\u0131n\u0131z;<\/p><ul type=\"disc\"><li>Ki\u015fisel veri i\u015flenip i\u015flenmedi\u011fini \u00f6\u011frenme,<\/li><li>Ki\u015fisel verileri i\u015flenmi\u015fse buna ili\u015fkin bilgi talep etme,<\/li><li>Ki\u015fisel verilerin i\u015flenme amac\u0131n\u0131 ve bunlar\u0131n amac\u0131na uygun kullan\u0131l\u0131p kullan\u0131lmad\u0131\u011f\u0131n\u0131 \u00f6\u011frenme,<\/li><li>Yurt i\u00e7inde veya yurt d\u0131\u015f\u0131nda ki\u015fisel verilerin aktar\u0131ld\u0131\u011f\u0131 \u00fc\u00e7\u00fcnc\u00fc ki\u015fileri bilme,<\/li><li>Ki\u015fisel verilerin eksik veya yanl\u0131\u015f i\u015flenmi\u015f olmas\u0131 h\u00e2linde bunlar\u0131n d\u00fczeltilmesini isteme,<\/li><li>\u0130lgili kanunun 7 nci maddede \u00f6ng\u00f6r\u00fclen \u015fartlar \u00e7er\u00e7evesinde ki\u015fisel verilerin silinmesini veya yok edilmesini isteme,<\/li><li>D\u00fczeltme ve silme i\u015flemlerinin, ki\u015fisel verilerin aktar\u0131ld\u0131\u011f\u0131 \u00fc\u00e7\u00fcnc\u00fc ki\u015filere bildirilmesini isteme,<\/li><li>\u0130\u015flenen verilerin m\u00fcnhas\u0131ran otomatik sistemler vas\u0131tas\u0131yla analiz edilmesi suretiyle ki\u015finin kendisi aleyhine bir sonucun ortaya \u00e7\u0131kmas\u0131na itiraz etme,<\/li><li>Ki\u015fisel verilerin kanuna ayk\u0131r\u0131 olarak i\u015flenmesi sebebiyle zarara u\u011framas\u0131 h\u00e2linde zarar\u0131n giderilmesini talep etme,<\/li><\/ul><p>Kanundan kaynaklanan saklama y\u00fck\u00fcml\u00fcl\u00fc\u011f\u00fcm\u00fcz kapsam\u0131nda belirli bir s\u00fcre ile saklanmas\u0131 zorunlu olan ki\u015fisel verilerinizin silinmesini veya yok edilmesini talep etmeniz halinde, yasal zorunluluk gere\u011fi, yasal s\u00fcrenin sonunda bu talebiniz yerine getirilebilece\u011fini hat\u0131rlatmak isteriz.<\/p><p>KVKK\u2019n\u0131n d\u00fczenlemeleri gere\u011fince, yukar\u0131da belirtilen haklar\u0131n\u0131z\u0131 kullanmak ile ilgili talebinizi, yaz\u0131l\u0131 veya Ki\u015fisel Verileri Koruma Kurulu\u2019nun belirledi\u011fi\/belirleyece\u011fi di\u011fer y\u00f6ntemlerle ve ayr\u0131ca a\u015fa\u011f\u0131da belirtilen kanallar arac\u0131l\u0131\u011f\u0131 ile bize iletebilirsiniz.<\/p><p>Ba\u015fvurunuzu yaz\u0131l\u0131 olarak GA Ceramic. \/ Hasanpa\u015fa, \u015eair Sururi Sk. No:7, 34724 Kad\u0131k\u00f6y\/\u0130stanbul adresine kimli\u011finizi tespit edici belgeler ile bizzat elden ya da posta ile imzal\u0131 olarak iletebilir, ya da gulsumaydin0@gmail.com adresine elektronik posta ile g\u00f6nderebilirsiniz.<\/p><\/div><\/div><\/div>\t\t\t\t\t\t<\/div>\n\t\t\t\t<\/div>\n\t\t\t\t\t<\/div>\n\t\t<\/div>\n\t\t\t\t\t<\/div>\n\t\t<\/section>\n\t\t\t\t<\/div>","protected":false},"excerpt":{"rendered":"<p>Ki\u015fisel Verilerin Korunmas\u0131 ve Gizlilik Politikas\u0131 \u00a0 GA Ceramic olarak, ki\u015fisel verilerinizin g\u00fcvenli\u011fi hususuna azami hassasiyet g\u00f6stermekteyiz. Bu kapsamda \u00fcr\u00fcn ve hizmetlerimizden faydalanan ki\u015filer dahil, \u015eirketimiz ile ili\u015fkili t\u00fcm ger\u00e7ek ki\u015filere ait her t\u00fcrl\u00fc ki\u015fisel verilerin T\u00fcrkiye Cumhuriyeti Anayasas\u0131 ve insan haklar\u0131na ili\u015fkin \u00fclkemizin taraf\u0131 oldu\u011fu uluslararas\u0131 s\u00f6zle\u015fmeler ile 6698 say\u0131l\u0131 Ki\u015fisel Verilerin Korunmas\u0131 Kanunu [&hellip;]<\/p>","protected":false},"author":1,"featured_media":0,"parent":0,"menu_order":0,"comment_status":"closed","ping_status":"closed","template":"","meta":{"_uag_custom_page_level_css":"","site-sidebar-layout":"no-sidebar","site-content-layout":"page-builder","ast-site-content-layout":"","site-content-style":"default","site-sidebar-style":"default","ast-global-header-display":"","ast-banner-title-visibility":"","ast-main-header-display":"","ast-hfb-above-header-display":"","ast-hfb-below-header-display":"","ast-hfb-mobile-header-display":"","site-post-title":"disabled","ast-breadcrumbs-content":"","ast-featured-img":"disabled","footer-sml-layout":"","theme-transparent-header-meta":"default","adv-header-id-meta":"","stick-header-meta":"","header-above-stick-meta":"","header-main-stick-meta":"","header-below-stick-meta":"","astra-migrate-meta-layouts":"default","ast-page-background-enabled":"default","ast-page-background-meta":{"desktop":{"background-color":"","background-image":"","background-repeat":"repeat","background-position":"center center","background-size":"auto","background-attachment":"scroll","background-type":"","background-media":"","overlay-type":"","overlay-color":"","overlay-opacity":"","overlay-gradient":""},"tablet":{"background-color":"","background-image":"","background-repeat":"repeat","background-position":"center center","background-size":"auto","background-attachment":"scroll","background-type":"","background-media":"","overlay-type":"","overlay-color":"","overlay-opacity":"","overlay-gradient":""},"mobile":{"background-color":"","background-image":"","background-repeat":"repeat","background-position":"center center","background-size":"auto","background-attachment":"scroll","background-type":"","background-media":"","overlay-type":"","overlay-color":"","overlay-opacity":"","overlay-gradient":""}},"ast-content-background-meta":{"desktop":{"background-color":"var(--ast-global-color-5)","background-image":"","background-repeat":"repeat","background-position":"center center","background-size":"auto","background-attachment":"scroll","background-type":"","background-media":"","overlay-type":"","overlay-color":"","overlay-opacity":"","overlay-gradient":""},"tablet":{"background-color":"var(--ast-global-color-5)","background-image":"","background-repeat":"repeat","background-position":"center center","background-size":"auto","background-attachment":"scroll","background-type":"","background-media":"","overlay-type":"","overlay-color":"","overlay-opacity":"","overlay-gradient":""},"mobile":{"background-color":"var(--ast-global-color-5)","background-image":"","background-repeat":"repeat","background-position":"center center","background-size":"auto","background-attachment":"scroll","background-type":"","background-media":"","overlay-type":"","overlay-color":"","overlay-opacity":"","overlay-gradient":""}},"footnotes":""},"class_list":["post-2773","page","type-page","status-publish","hentry"],"uagb_featured_image_src":{"full":false,"thumbnail":false,"medium":false,"medium_large":false,"large":false,"1536x1536":false,"2048x2048":false,"trp-custom-language-flag":false,"woocommerce_thumbnail":false,"woocommerce_single":false,"woocommerce_gallery_thumbnail":false,"variation_swatches_image_size":false,"variation_swatches_tooltip_size":false},"uagb_author_info":{"display_name":"gaceramic","author_link":"https:\/\/gaceramic.com\/en\/author\/gaceramic\/"},"uagb_comment_info":0,"uagb_excerpt":"Ki\u015fisel Verilerin Korunmas\u0131 ve Gizlilik Politikas\u0131 \u00a0 GA Ceramic olarak, ki\u015fisel verilerinizin g\u00fcvenli\u011fi hususuna azami hassasiyet g\u00f6stermekteyiz. Bu kapsamda \u00fcr\u00fcn ve hizmetlerimizden faydalanan ki\u015filer dahil, \u015eirketimiz ile ili\u015fkili t\u00fcm ger\u00e7ek ki\u015filere ait her t\u00fcrl\u00fc ki\u015fisel verilerin T\u00fcrkiye Cumhuriyeti Anayasas\u0131 ve insan haklar\u0131na ili\u015fkin \u00fclkemizin taraf\u0131 oldu\u011fu uluslararas\u0131 s\u00f6zle\u015fmeler ile 6698 say\u0131l\u0131 Ki\u015fisel Verilerin Korunmas\u0131 Kanunu&hellip;","_links":{"self":[{"href":"https:\/\/gaceramic.com\/en\/wp-json\/wp\/v2\/pages\/2773","targetHints":{"allow":["GET"]}}],"collection":[{"href":"https:\/\/gaceramic.com\/en\/wp-json\/wp\/v2\/pages"}],"about":[{"href":"https:\/\/gaceramic.com\/en\/wp-json\/wp\/v2\/types\/page"}],"author":[{"embeddable":true,"href":"https:\/\/gaceramic.com\/en\/wp-json\/wp\/v2\/users\/1"}],"replies":[{"embeddable":true,"href":"https:\/\/gaceramic.com\/en\/wp-json\/wp\/v2\/comments?post=2773"}],"version-history":[{"count":0,"href":"https:\/\/gaceramic.com\/en\/wp-json\/wp\/v2\/pages\/2773\/revisions"}],"wp:attachment":[{"href":"https:\/\/gaceramic.com\/en\/wp-json\/wp\/v2\/media?parent=2773"}],"curies":[{"name":"wp","href":"https:\/\/api.w.org\/{rel}","templated":true}]}}