{"id":2810,"date":"2020-12-29T22:26:27","date_gmt":"2020-12-29T19:26:27","guid":{"rendered":"https:\/\/gaceramic.com\/?page_id=2810"},"modified":"2020-12-30T01:38:20","modified_gmt":"2020-12-29T22:38:20","slug":"delivery","status":"publish","type":"page","link":"https:\/\/gaceramic.com\/en\/delivery\/","title":{"rendered":"DELIVERY"},"content":{"rendered":"<div data-elementor-type=\"wp-page\" data-elementor-id=\"2810\" class=\"elementor elementor-2810\">\n\t\t\t\t\t\t<section class=\"elementor-section elementor-top-section elementor-element elementor-element-2a11fc5 elementor-section-boxed elementor-section-height-default elementor-section-height-default\" data-id=\"2a11fc5\" data-element_type=\"section\">\n\t\t\t\t\t\t<div class=\"elementor-container elementor-column-gap-default\">\n\t\t\t\t\t<div class=\"elementor-column elementor-col-100 elementor-top-column elementor-element elementor-element-2208c0b\" data-id=\"2208c0b\" data-element_type=\"column\">\n\t\t\t<div class=\"elementor-widget-wrap elementor-element-populated\">\n\t\t\t\t\t\t<div class=\"elementor-element elementor-element-c404539 elementor-widget elementor-widget-heading\" data-id=\"c404539\" data-element_type=\"widget\" data-widget_type=\"heading.default\">\n\t\t\t\t<div class=\"elementor-widget-container\">\n\t\t\t<h2 class=\"elementor-heading-title elementor-size-medium\">Delivery<\/h2>\t\t<\/div>\n\t\t\t\t<\/div>\n\t\t\t\t\t<\/div>\n\t\t<\/div>\n\t\t\t\t\t<\/div>\n\t\t<\/section>\n\t\t\t\t<section class=\"elementor-section elementor-top-section elementor-element elementor-element-849da4f elementor-section-boxed elementor-section-height-default elementor-section-height-default\" data-id=\"849da4f\" data-element_type=\"section\">\n\t\t\t\t\t\t<div class=\"elementor-container elementor-column-gap-default\">\n\t\t\t\t\t<div class=\"elementor-column elementor-col-100 elementor-top-column elementor-element elementor-element-518e76c\" data-id=\"518e76c\" data-element_type=\"column\">\n\t\t\t<div class=\"elementor-widget-wrap elementor-element-populated\">\n\t\t\t\t\t\t<div class=\"elementor-element elementor-element-5152f10 elementor-widget elementor-widget-text-editor\" data-id=\"5152f10\" data-element_type=\"widget\" data-widget_type=\"text-editor.default\">\n\t\t\t\t<div class=\"elementor-widget-container\">\n\t\t\t\t\t\t\t<p>Orders are delivered within an average of 12 days as they will be specially produced for you.<\/p>\n<p>After your products leave the warehouse, you will be informed by an e-mail address containing cargo tracking information. The products are delivered within 3 working days after they are given to the cargo company we have contracted with.<\/p>\n<p>You can follow your orders from the 'My Orders' section and get information about the latest status of your cargo.<\/p>\n<p>When the delivery document related to the cargo arriving at the delivery address is signed by the customer, it will be accepted that the products have been received in full and undamaged.<\/p>\n<p>After receiving your cargo, please open and check it with the cargo officer.<\/p>\n<p>If it turns out that some of the products in your order are missing, incorrect or damaged during the check, request the cargo officer to prepare a 'damage assessment report'. You can send the damaged product to us together with the report to be prepared by the cargo officer and request the replacement or return of your product. Return your damaged parcel to the cargo officer together with the report. After we receive the products, we will be notified by us about the way to be followed regarding the product you have purchased.<\/p>\n<p>The return or exchange of a broken or damaged product without a cargo report cannot be requested.<\/p>\n<p>The minutes prepared at the time of the first delivery, witnessed by the cargo official, are very important for revealing the person responsible for the missing or damage. Incomplete\/damage notifications you will make after receiving the cargo may be rejected depending on the examination since there is no report<\/p>\t\t\t\t\t\t<\/div>\n\t\t\t\t<\/div>\n\t\t\t\t\t<\/div>\n\t\t<\/div>\n\t\t\t\t\t<\/div>\n\t\t<\/section>\n\t\t\t\t<\/div>","protected":false},"excerpt":{"rendered":"<p>Teslimat Sipari\u015fler size \u00f6zel olarak \u00fcretilece\u011fi i\u00e7in ortalama 12 g\u00fcn i\u00e7inde teslim edilir. \u00dcr\u00fcnleriniz depodan \u00e7\u0131kt\u0131ktan sonra kargo takip bilgilerini i\u00e7eren bir e-posta adresi ile bilgilendirilirsiniz. \u00dcr\u00fcnler anla\u015fmal\u0131 oldu\u011fumuz kargo firmas\u0131na verildikten sonra 3 i\u015f g\u00fcn\u00fc i\u00e7inde teslim edilir. Sipari\u015flerinizin takibini \u2018Sipari\u015flerim\u2019 b\u00f6l\u00fcm\u00fcnden yapabilir ve kargonuzun son durumu hakk\u0131nda bilgi alabilirsiniz. Teslim adresine ula\u015fan kargo [&hellip;]<\/p>","protected":false},"author":1,"featured_media":0,"parent":0,"menu_order":0,"comment_status":"closed","ping_status":"closed","template":"","meta":{"_uag_custom_page_level_css":"","site-sidebar-layout":"no-sidebar","site-content-layout":"page-builder","ast-site-content-layout":"","site-content-style":"default","site-sidebar-style":"default","ast-global-header-display":"","ast-banner-title-visibility":"","ast-main-header-display":"","ast-hfb-above-header-display":"","ast-hfb-below-header-display":"","ast-hfb-mobile-header-display":"","site-post-title":"disabled","ast-breadcrumbs-content":"","ast-featured-img":"disabled","footer-sml-layout":"","theme-transparent-header-meta":"default","adv-header-id-meta":"","stick-header-meta":"","header-above-stick-meta":"","header-main-stick-meta":"","header-below-stick-meta":"","astra-migrate-meta-layouts":"default","ast-page-background-enabled":"default","ast-page-background-meta":{"desktop":{"background-color":"","background-image":"","background-repeat":"repeat","background-position":"center center","background-size":"auto","background-attachment":"scroll","background-type":"","background-media":"","overlay-type":"","overlay-color":"","overlay-opacity":"","overlay-gradient":""},"tablet":{"background-color":"","background-image":"","background-repeat":"repeat","background-position":"center center","background-size":"auto","background-attachment":"scroll","background-type":"","background-media":"","overlay-type":"","overlay-color":"","overlay-opacity":"","overlay-gradient":""},"mobile":{"background-color":"","background-image":"","background-repeat":"repeat","background-position":"center center","background-size":"auto","background-attachment":"scroll","background-type":"","background-media":"","overlay-type":"","overlay-color":"","overlay-opacity":"","overlay-gradient":""}},"ast-content-background-meta":{"desktop":{"background-color":"var(--ast-global-color-5)","background-image":"","background-repeat":"repeat","background-position":"center center","background-size":"auto","background-attachment":"scroll","background-type":"","background-media":"","overlay-type":"","overlay-color":"","overlay-opacity":"","overlay-gradient":""},"tablet":{"background-color":"var(--ast-global-color-5)","background-image":"","background-repeat":"repeat","background-position":"center center","background-size":"auto","background-attachment":"scroll","background-type":"","background-media":"","overlay-type":"","overlay-color":"","overlay-opacity":"","overlay-gradient":""},"mobile":{"background-color":"var(--ast-global-color-5)","background-image":"","background-repeat":"repeat","background-position":"center center","background-size":"auto","background-attachment":"scroll","background-type":"","background-media":"","overlay-type":"","overlay-color":"","overlay-opacity":"","overlay-gradient":""}},"footnotes":""},"class_list":["post-2810","page","type-page","status-publish","hentry"],"uagb_featured_image_src":{"full":false,"thumbnail":false,"medium":false,"medium_large":false,"large":false,"1536x1536":false,"2048x2048":false,"trp-custom-language-flag":false,"woocommerce_thumbnail":false,"woocommerce_single":false,"woocommerce_gallery_thumbnail":false,"variation_swatches_image_size":false,"variation_swatches_tooltip_size":false},"uagb_author_info":{"display_name":"gaceramic","author_link":"https:\/\/gaceramic.com\/en\/author\/gaceramic\/"},"uagb_comment_info":0,"uagb_excerpt":"Teslimat Sipari\u015fler size \u00f6zel olarak \u00fcretilece\u011fi i\u00e7in ortalama 12 g\u00fcn i\u00e7inde teslim edilir. \u00dcr\u00fcnleriniz depodan \u00e7\u0131kt\u0131ktan sonra kargo takip bilgilerini i\u00e7eren bir e-posta adresi ile bilgilendirilirsiniz. \u00dcr\u00fcnler anla\u015fmal\u0131 oldu\u011fumuz kargo firmas\u0131na verildikten sonra 3 i\u015f g\u00fcn\u00fc i\u00e7inde teslim edilir. Sipari\u015flerinizin takibini \u2018Sipari\u015flerim\u2019 b\u00f6l\u00fcm\u00fcnden yapabilir ve kargonuzun son durumu hakk\u0131nda bilgi alabilirsiniz. Teslim adresine ula\u015fan kargo&hellip;","_links":{"self":[{"href":"https:\/\/gaceramic.com\/en\/wp-json\/wp\/v2\/pages\/2810","targetHints":{"allow":["GET"]}}],"collection":[{"href":"https:\/\/gaceramic.com\/en\/wp-json\/wp\/v2\/pages"}],"about":[{"href":"https:\/\/gaceramic.com\/en\/wp-json\/wp\/v2\/types\/page"}],"author":[{"embeddable":true,"href":"https:\/\/gaceramic.com\/en\/wp-json\/wp\/v2\/users\/1"}],"replies":[{"embeddable":true,"href":"https:\/\/gaceramic.com\/en\/wp-json\/wp\/v2\/comments?post=2810"}],"version-history":[{"count":0,"href":"https:\/\/gaceramic.com\/en\/wp-json\/wp\/v2\/pages\/2810\/revisions"}],"wp:attachment":[{"href":"https:\/\/gaceramic.com\/en\/wp-json\/wp\/v2\/media?parent=2810"}],"curies":[{"name":"wp","href":"https:\/\/api.w.org\/{rel}","templated":true}]}}