{"id":2974,"date":"2020-12-30T17:23:10","date_gmt":"2020-12-30T14:23:10","guid":{"rendered":"https:\/\/gaceramic.com\/?page_id=2974"},"modified":"2020-12-30T18:23:49","modified_gmt":"2020-12-30T15:23:49","slug":"mesafeli-satis-sozlesmesi","status":"publish","type":"page","link":"https:\/\/gaceramic.com\/en\/mesafeli-satis-sozlesmesi\/","title":{"rendered":"Distance Sales Contract"},"content":{"rendered":"<div data-elementor-type=\"wp-page\" data-elementor-id=\"2974\" class=\"elementor elementor-2974\">\n\t\t\t\t\t\t<section class=\"elementor-section elementor-top-section elementor-element elementor-element-bf60d1f elementor-section-boxed elementor-section-height-default elementor-section-height-default\" data-id=\"bf60d1f\" data-element_type=\"section\">\n\t\t\t\t\t\t<div class=\"elementor-container elementor-column-gap-default\">\n\t\t\t\t\t<div class=\"elementor-column elementor-col-100 elementor-top-column elementor-element elementor-element-c99e98f\" data-id=\"c99e98f\" data-element_type=\"column\">\n\t\t\t<div class=\"elementor-widget-wrap elementor-element-populated\">\n\t\t\t\t\t\t<div class=\"elementor-element elementor-element-0534d2e elementor-widget elementor-widget-heading\" data-id=\"0534d2e\" data-element_type=\"widget\" data-widget_type=\"heading.default\">\n\t\t\t\t<div class=\"elementor-widget-container\">\n\t\t\t<h2 class=\"elementor-heading-title elementor-size-medium\">Distance Sales Contract<\/h2>\t\t<\/div>\n\t\t\t\t<\/div>\n\t\t\t\t\t<\/div>\n\t\t<\/div>\n\t\t\t\t\t<\/div>\n\t\t<\/section>\n\t\t\t\t<section class=\"elementor-section elementor-top-section elementor-element elementor-element-1822cf9 elementor-section-boxed elementor-section-height-default elementor-section-height-default\" data-id=\"1822cf9\" data-element_type=\"section\">\n\t\t\t\t\t\t<div class=\"elementor-container elementor-column-gap-default\">\n\t\t\t\t\t<div class=\"elementor-column elementor-col-100 elementor-top-column elementor-element elementor-element-69b28ff\" data-id=\"69b28ff\" data-element_type=\"column\">\n\t\t\t<div class=\"elementor-widget-wrap elementor-element-populated\">\n\t\t\t\t\t\t<div class=\"elementor-element elementor-element-32e5be8 elementor-widget elementor-widget-text-editor\" data-id=\"32e5be8\" data-element_type=\"widget\" data-widget_type=\"text-editor.default\">\n\t\t\t\t<div class=\"elementor-widget-container\">\n\t\t\t\t\t\t\t<p align=\"justify\"><strong>MADDE 1 SATICI B\u0130LG\u0130LER\u0130<\/strong><\/p>\n<p><strong>Unvan\u0131:<\/strong> \u00dcmm\u00fcg\u00fcls\u00fcm Ayd\u0131n Seramik St\u00fcdyo<br><strong>Adresi:<\/strong> Hasanpasa, \u015eair Sururi Sk. No:7, 34724 Kad\u0131k\u00f6y \/ Istanbul \/ Turkey<br><strong>Telefon :<\/strong><span class=\"w8qArf\"> +9<\/span><span class=\"LrzXr zdqRlf kno-fv\"><a href=\"https:\/\/www.google.com\/search?q=ga+ceramic&amp;oq=ga+cer&amp;aqs=chrome.1.69i57j35i39l2j0j0i22i30j69i60l3.2997j0j7&amp;sourceid=chrome&amp;ie=UTF-8#\" data-dtype=\"d3ifr\" data-local-attribute=\"d3ph\" data-ved=\"2ahUKEwimxuPEwe7tAhXFy6QKHV3iA5QQkAgoADATegQIERAD\" target=\"_blank\" rel=\"noopener\"><span role=\"link\" aria-label=\"Call 0505 955 87 93\">0 505 955 87 93<\/span><\/a><\/span><br><strong>Eposta:<\/strong> gulsumaydin0@gmail.com<\/p>\n<p><strong>MADDE 2 ALICI B\u0130LG\u0130LER\u0130<\/strong><br><strong>Ad\u0131 Soyad\u0131 \/ Unvan\u0131 :<\/strong><br><strong>Teslimat Adresi :<\/strong><br><strong>Fatura Adresi :<\/strong><br><strong>Telefon :<\/strong><br><strong>Eposta :<\/strong><br><strong>IP adresi :<\/strong><\/p>\n<p><strong>MADDE 3 KONU<\/strong><\/p>\n<p>\u0130\u015fbu Mesafeli Sat\u0131\u015f S\u00f6zle\u015fmesinin (&#8220;S\u00f6zle\u015fme&#8221;) konusu a\u015fa\u011f\u0131da nitelik ve sat\u0131\u015f fiyat\u0131 belirtilen \u00dcr\u00fcnlerin (&#8220;\u00dcr\u00fcnler&#8221;) sat\u0131\u015f\u0131 ve teslimi ile ilgili olarak 6502 say\u0131l\u0131 T\u00fcketicilerin Korunmas\u0131 Hakk\u0131nda Kanun ve 27 Kas\u0131m 2014 tarihli ve 29188 say\u0131l\u0131 Resmi Gazete&#8217;de yay\u0131mlanan Mesafeli S\u00f6zle\u015fmelere Dair Y\u00f6netmelik h\u00fck\u00fcmleri gere\u011fince T\u00fcketicinin\/Al\u0131c\u0131n\u0131n bilgilendirilmesidir.<\/p>\n<p><strong>MADDE 4 \u00dcR\u00dcN B\u0130LG\u0130LER\u0130 VE EK MASRAFLAR<\/strong><\/p>\n<p><strong>4.1<\/strong>&nbsp;Mal\u0131n \/ \u00dcr\u00fcn\/\u00dcr\u00fcnlerin temel \u00f6zellikleri (t\u00fcr\u00fc, miktar\u0131, marka\/modeli, rengi, adedi) SATICI\u2019 ya ait internet sitesinde yer almaktad\u0131r. \u00dcr\u00fcn\u00fcn temel \u00f6zelliklerini internet sitesinden inceleyebilirsiniz. Listelenen ve sitede g\u00f6sterilen\/ilan edilen fiyatlar (KDV Dahil) sat\u0131\u015f fiyat\u0131d\u0131r. \u0130lan edilen fiyatlar ve\/veya vaatler g\u00fcncelleme yap\u0131lana ve de\u011fi\u015ftirilene kadar ge\u00e7erlidir. S\u00fcreli olarak ilan edilen fiyatlar olmas\u0131 halinde belirtilen s\u00fcre sonuna kadar ge\u00e7erlidir.<\/p>\n<p><strong>4.2<\/strong>&nbsp;\u00dcr\u00fcn\u00fcn nakliye\/kargo masraflar\u0131, teslim adresinin teyit edilmesinden sonra sipari\u015fin tamamlanma a\u015famas\u0131nda anla\u015fmal\u0131 kargo firmas\u0131 taraf\u0131ndan hesaplanacak ve m\u00fc\u015fteriye bildirilecektir. \u00dcr\u00fcn\u00fcn nakliye\/kargo masraflar\u0131 ALICI\u2019 ya aittir.<\/p>\n<p><strong>MADDE 5 \u00d6DEME VE TESL\u0130MAT<\/strong><\/p>\n<p><strong>5.1<\/strong>&nbsp;S\u00f6zle\u015fme konusu \u00fcr\u00fcn\/\u00fcr\u00fcnler, ALICI\u2019 n\u0131n iste\u011fi ve\/veya ki\u015fisel ihtiya\u00e7lar\u0131 do\u011frultusunda haz\u0131rlanan, bir ba\u015fka deyi\u015fle SATICI taraf\u0131ndan sipari\u015f \u00fczerine \u00f6zel \u00fcretilen \u00fcr\u00fcnler olup \u00f6demenin tamam\u0131 s\u00f6zle\u015fmenin kurulmas\u0131 ile beraber al\u0131nacakt\u0131r. \u00d6demeler, SATICI\u2019 n\u0131n internet sitesinde belirtilen banka ve hesap bilgileri dahilinde havale \/ EFT yoluyla veya kredi kart\u0131 ile yap\u0131labilinir.<\/p>\n<p><strong>5.2<\/strong> Yukar\u0131da belirtilen \u00fcr\u00fcn bedeline ili\u015fkin \u00f6demenin yap\u0131lmas\u0131ndan sonra sipari\u015fin teslim s\u00fcresi yakla\u015f\u0131k on iki (12) g\u00fcnd\u00fcr. S\u00f6zle\u015fme konusu \u00fcr\u00fcn, sipari\u015f verilirken ALICI taraf\u0131ndan bildirilen adrese yap\u0131lacakt\u0131r. \u00dcr\u00fcn\u00fcn\u00fcn ilgili kargo firmas\u0131na teslim edilmesi an\u0131na kadar t\u00fcm sorumluluk SATICI\u2019 ya aittir.\u00dcr\u00fcnler&#8217;in, ALICI\u2019 haricinde ALICI\u2019 n\u0131n g\u00f6sterdi\u011fi ba\u015fka bir ki\u015fiye teslim edilecek olmas\u0131 durumunda, teslim edilecek ki\u015fi\/kurulu\u015fun teslimat\u0131 kabul etmemesinden dolay\u0131 SATICI sorumlu tutulamaz.<\/p>\n<p><strong>5.3<\/strong>&nbsp;T\u00dcKET\u0130C\u0130\/ALICI, \u00dcr\u00fcnleri teslim ald\u0131\u011f\u0131 anda kontrol etmek ve \u00fcr\u00fcn \u00fczerinde ve\/veya kargo \u00fczerinde g\u00f6rd\u00fc\u011f\u00fc ay\u0131plar\u0131 \u00fcr\u00fcn\u00fcn teslim an\u0131nda derhal tutanak alt\u0131na almak ve en ge\u00e7 teslimden itibaren 24 saat i\u00e7inde SATICI&#8217; ya bildirmesi gerekmektedir.<\/p>\n<p><strong>MADDE 6 CAYMA HAKKI<\/strong><\/p>\n<p><strong>6.1&nbsp;<\/strong>T\u00fcketici mal sat\u0131\u015f\u0131na ili\u015fkin mesafeli s\u00f6zle\u015fmelerde mevzuat gere\u011fi cayma hakk\u0131n\u0131 kullanmas\u0131na engel olmad\u0131\u011f\u0131 durumlarda \u00fcr\u00fcn\u00fcn, kendisine veya g\u00f6sterdi\u011fi adresteki ki\u015fi\/kurulu\u015fa teslim tarihinden itibaren 14 (on d\u00f6rt) g\u00fcn i\u00e7erisinde hi\u00e7bir hukuki ve cezai sorumluluk \u00fcstlenmeksizin ve hi\u00e7bir gerek\u00e7e g\u00f6stermeksizin mal\u0131 reddederek s\u00f6zle\u015fmeden cayma hakk\u0131n\u0131 kullanabilir.<\/p>\n<p><strong>6.2<\/strong>&nbsp;Mevzuat gere\u011fi cayma hakk\u0131n\u0131 kullan\u0131lmas\u0131na engel bulunmad\u0131\u011f\u0131 durumlarda cayma hakk\u0131n\u0131n kullan\u0131lmas\u0131 i\u00e7in 14 (on d\u00f6rt) g\u00fcnl\u00fck s\u00fcre i\u00e7inde Sat\u0131c\u0131&#8217;ya iadeli taahh\u00fctl\u00fc posta, elektronik posta veya faks ile yaz\u0131l\u0131 bildirimde bulunulmas\u0131 \u015fartt\u0131r.<\/p>\n<p><strong>6.3<\/strong>&nbsp;Mevzuat gere\u011fi cayma hakk\u0131n\u0131 kullanmas\u0131na engel olmad\u0131\u011f\u0131 durumlarda \u00fcr\u00fcn\u00fcn iadesinin yap\u0131labilmesi i\u00e7in, cayma hakk\u0131n\u0131n kullan\u0131ld\u0131\u011f\u0131 \u00fcr\u00fcn\u00fcn iade formunun eksiksiz olarak doldurularak iade paketine koyulmas\u0131 ve&nbsp;<a href=\"http:\/\/www.esmadereboy.com\/\" target=\"_blank\" rel=\"noopener\">www.gaceramic.com<\/a>&nbsp;adresi \u00fczerinden iade ile ilgili bilgilendirmenin yap\u0131lmas\u0131 gerekmektedir.<\/p>\n<p><strong>6.4<\/strong>&nbsp;\u0130ade edilecek \u00dcr\u00fcnlerin kutusu, ambalaj\u0131, varsa aksesuarlar\u0131 ile birlikte teslim edilmesi gerekmektedir.<\/p>\n<p><strong>6.5&nbsp;<\/strong>SATICI, cayma bildiriminin kendisine ula\u015fmas\u0131ndan itibaren en ge\u00e7 14 (on d\u00f6rt) g\u00fcnl\u00fck s\u00fcre i\u00e7erisinde toplam bedeli ve T\u00fcketiciyi bor\u00e7 alt\u0131na sokan belgeleri T\u00fcketiciye iade etmekle y\u00fck\u00fcml\u00fcd\u00fcr.<\/p>\n<p><strong>6.6<\/strong>&nbsp;SATICImevzuat gere\u011fi T\u00dcKET\u0130C\u0130\u2019 nin cayma hakk\u0131n\u0131 kullanmas\u0131na engel bulunmayan durumlarda \u00fcr\u00fcn\u00fcn t\u00fcm bedelini geri \u00f6demeli, t\u00fcketicinin sat\u0131n al\u0131rken kulland\u0131\u011f\u0131 \u00f6deme arac\u0131na uygun bir \u015fekilde ve t\u00fcketiciye herhangi bir masraf veya y\u00fck\u00fcml\u00fcl\u00fck getirmeden tek seferde yapmal\u0131d\u0131r.<\/p>\n<p><strong>MADDE 7 CAYMA HAKKI KULLANILAMAYACAK HALLER<\/strong><\/p>\n<p>T\u00fcketicinin istekleri veya a\u00e7\u0131k\u00e7a onun ki\u015fisel ihtiya\u00e7lar\u0131 do\u011frultusunda haz\u0131rlanan, niteli\u011fi itibariyle geri g\u00f6nderilmeye elveri\u015fli olmayan ve \u00e7abuk bozulma tehlikesi olan veya son kullanma tarihi ge\u00e7me ihtimali olan mallar\u0131n sat\u0131\u015f\u0131na ili\u015fkin s\u00f6zle\u015fmeler ve T\u00fcketici taraf\u0131ndan ambalaj\u0131n\u0131n a\u00e7\u0131lm\u0131\u015f olmas\u0131 \u015fart\u0131yla, ses veya g\u00f6r\u00fcnt\u00fc kay\u0131tlar\u0131na, yaz\u0131l\u0131m programlar\u0131na ve bilgisayar sarf malzemelerine ili\u015fkin s\u00f6zle\u015fmelerde cayma hakk\u0131 kullan\u0131lamaz.<\/p>\n<p>Aksi a\u00e7\u0131k\u00e7a bildirilmedik\u00e7e; SATICI\u2019 n\u0131n internet sitesinde yer alan \u00fcr\u00fcnler, T\u00fcketicinin istekleri veya onun ki\u015fisel ihtiya\u00e7lar\u0131 do\u011frultusunda haz\u0131rlanan, bir ba\u015fka deyi\u015fle t\u00fcketicinin sipari\u015fi \u00fczerine \u00f6zel \u00fcretilen mallar olup, bu kapsamda ilgili mevzuat gere\u011fi cayma hakk\u0131n\u0131n istisnalar\u0131 aras\u0131nda kalmaktad\u0131r.<\/p>\n<p><strong>MADDE 8 GENEL H\u00dcK\u00dcMLER<\/strong><br><strong>8.1<\/strong>&nbsp;T\u00fcketici, i\u015fbu Form&#8217;da sat\u0131\u015fa konu \u00dcr\u00fcn\u00fcn temel nitelikleri, sat\u0131\u015f fiyat\u0131 ve \u00f6deme \u015fekli ile teslimata ili\u015fkin \u00f6n bilgileri okuyup bilgi sahibi oldu\u011funu ve yaz\u0131l\u0131 olarak gerekli teyidi verdi\u011fini kabul, beyan ve taahh\u00fct eder.<\/p>\n<p><strong>8.2<\/strong>&nbsp;T\u00fcketici; i\u015fbu Form&#8217;u yaz\u0131l\u0131 olarak teyit etmekle, mesafeli s\u00f6zle\u015fmelerin akdinden \u00f6nce, Sat\u0131c\u0131 taraf\u0131ndan t\u00fcketiciye verilmesi gereken adres, sipari\u015fi verilen \u00dcr\u00fcnlere ait temel \u00f6zellikler, \u00dcr\u00fcnlerin vergiler dahil fiyat\u0131, \u00f6deme ve teslimat bilgilerini de do\u011fru ve eksiksiz olarak edindi\u011fini teyit etmi\u015f olur.<\/p>\n<p><strong>8.3<\/strong>&nbsp;Sat\u0131c\u0131, \u00dcr\u00fcnler&#8217;in teslim s\u00fcresinden \u00f6nce hakl\u0131 bir nedenle tedarik edilemeyece\u011finin anla\u015f\u0131lmas\u0131 \u00fczerine , s\u00f6zle\u015fmeden do\u011fan ifa y\u00fck\u00fcml\u00fcl\u00fc\u011f\u00fcn\u00fcn s\u00fcresi dolmadan Al\u0131c\u0131ya bildirir ve bildirim s\u00fcresinden itibaren 14 (on d\u00f6rt) g\u00fcnl\u00fck s\u00fcre i\u00e7inde toplam bedeli Al\u0131c\u0131ya iade eder.<\/p>\n<p><strong>8.4<\/strong>&nbsp;Herhangi bir nedenle \u00dcr\u00fcn bedeli \u00f6denmez veya banka kay\u0131tlar\u0131nda iptal edilir ise, Sat\u0131c\u0131 \u00dcr\u00fcn\u00fcn teslimi y\u00fck\u00fcml\u00fcl\u00fc\u011f\u00fcnden kurtulmu\u015f kabul edilir.<\/p>\n<p><strong>8.5<\/strong>&nbsp;\u00dcr\u00fcnlerin bedelinin herhangi bir sebepten dolay\u0131 Sat\u0131c\u0131ya \u00f6denmemesi halinde, Al\u0131c\u0131 Sat\u0131c\u0131&#8217;n\u0131n bildiriminden sonra \u00dcr\u00fcnleri Sat\u0131c\u0131ya iade eder. Sat\u0131c\u0131n\u0131n \u00dcr\u00fcn bedeli alaca\u011f\u0131n\u0131 takip d\u00e2hil di\u011fer t\u00fcm akdi-kanuni haklar\u0131 ayr\u0131ca ve her hal\u00fckarda sakl\u0131d\u0131r.<\/p>\n<p><strong>8.6<\/strong>&nbsp;Kargo firmas\u0131n\u0131n, \u00dcr\u00fcnleri T\u00fcketiciye teslimi a\u015famas\u0131nda kar\u015f\u0131la\u015faca\u011f\u0131 her t\u00fcrl\u00fc sorun nedeniyle, sipari\u015fi verilen \u00dcr\u00fcn\u00fcn T\u00fcketiciye teslim edilememesinden dolay\u0131 Sat\u0131c\u0131 sorumlu tutulamaz.<\/p>\n<p><strong>MADDE 9 YETK\u0130L\u0130 MAHKEME<\/strong><\/p>\n<p>T\u00fcketici \u015fik\u00e2yet ve itirazlar\u0131 konusunda ba\u015fvurular\u0131n\u0131, T.C. Sanayi ve Ticaret Bakanl\u0131\u011f\u0131 taraf\u0131ndan her y\u0131l Aral\u0131k ay\u0131nda belirlenen parasal s\u0131n\u0131rlar d\u00e2hilinde mal veya hizmeti sat\u0131n ald\u0131\u011f\u0131 veya ikametg\u00e2h\u0131n\u0131n bulundu\u011fu yerdeki t\u00fcketici sorunlar\u0131 hakem heyetine veya t\u00fcketici mahkemesine yapabilir.<\/p>\n<p><strong>MADDE 10 D\u0130\u011eER H\u00dcK\u00dcMLER<\/strong><\/p>\n<p>\u0130\u015fbu Form, T\u00fcketicinin onaylamas\u0131 halinde Mesafeli Sat\u0131\u015f S\u00f6zle\u015fmesinin ayr\u0131lmaz bir par\u00e7as\u0131n\u0131 olu\u015fturmakta, ayr\u0131ca i\u015fbu \u00d6n Bilgilendirmeler ile yukarda detayl\u0131 olarak belirtilen b\u00fct\u00fcn konularda T\u00fcketici \u00f6nceden bilgilendirilmi\u015f olmaktad\u0131r.<\/p>\n<p>\u0130\u015fbu Sipari\u015f ve S\u00f6zle\u015fme \u00d6n Bilgilendirmelerindeki b\u00fct\u00fcn a\u00e7\u0131klamalar ve bilgiler T\u00fcketiciler taraf\u0131ndan SATICI\u2019 n\u0131n internet sitesinde onayland\u0131\u011f\u0131 andan itibaren ge\u00e7erlidir ve Mesafeli Sat\u0131\u015f S\u00f6zle\u015fmesinin ayr\u0131lmaz bir par\u00e7as\u0131d\u0131r. T\u00fcketiciler taraf\u0131ndan kabul edildi\u011finde \u015eirketimiz (Sat\u0131c\u0131) ve T\u00fcketiciler (Al\u0131c\u0131lar) aras\u0131nda Mesafeli Sat\u0131\u015f S\u00f6zle\u015fmesi ile birlikte ba\u011flay\u0131c\u0131 olarak uygulan\u0131r.<\/p>\n<p><strong>SATICI :<\/strong> \u00dcmm\u00fcg\u00fcls\u00fcm Ayd\u0131n Seramik St\u00fcdyo<\/p>\n<p>\u0130\u015fbu Mesafeli Sat\u0131\u015f S\u00f6zle\u015fmesi&#8217;nde belirtilen \u00f6n bilgileri edindi\u011fimi teyit ederim.<br><br><strong>ALICI :<\/strong><br><strong>AD SOYAD :<\/strong><br><strong>E-POSTA :<\/strong><\/p>\n<p><strong>ONAY :<\/strong><\/p>\t\t\t\t\t\t<\/div>\n\t\t\t\t<\/div>\n\t\t\t\t\t<\/div>\n\t\t<\/div>\n\t\t\t\t\t<\/div>\n\t\t<\/section>\n\t\t\t\t<\/div>","protected":false},"excerpt":{"rendered":"<p>Mesafeli Sat\u0131\u015f S\u00f6zle\u015fmesi MADDE 1 SATICI B\u0130LG\u0130LER\u0130 Unvan\u0131: \u00dcmm\u00fcg\u00fcls\u00fcm Ayd\u0131n Seramik St\u00fcdyoAdresi: Hasanpa\u015fa, \u015eair Sururi Sk. No:7, 34724 Kad\u0131k\u00f6y \/ \u0130stanbul \/ T\u00fcrkiyeTelefon : +90 505 955 87 93Eposta: gulsumaydin0@gmail.com MADDE 2 ALICI B\u0130LG\u0130LER\u0130Ad\u0131 Soyad\u0131 \/ Unvan\u0131 :Teslimat Adresi :Fatura Adresi :Telefon :Eposta :IP adresi : MADDE 3 KONU \u0130\u015fbu Mesafeli Sat\u0131\u015f S\u00f6zle\u015fmesinin (&#8220;S\u00f6zle\u015fme&#8221;) konusu [&hellip;]<\/p>","protected":false},"author":1,"featured_media":0,"parent":0,"menu_order":0,"comment_status":"closed","ping_status":"closed","template":"","meta":{"_uag_custom_page_level_css":"","site-sidebar-layout":"no-sidebar","site-content-layout":"page-builder","ast-site-content-layout":"","site-content-style":"default","site-sidebar-style":"default","ast-global-header-display":"","ast-banner-title-visibility":"","ast-main-header-display":"","ast-hfb-above-header-display":"","ast-hfb-below-header-display":"","ast-hfb-mobile-header-display":"","site-post-title":"disabled","ast-breadcrumbs-content":"","ast-featured-img":"disabled","footer-sml-layout":"","theme-transparent-header-meta":"default","adv-header-id-meta":"","stick-header-meta":"","header-above-stick-meta":"","header-main-stick-meta":"","header-below-stick-meta":"","astra-migrate-meta-layouts":"default","ast-page-background-enabled":"default","ast-page-background-meta":{"desktop":{"background-color":"","background-image":"","background-repeat":"repeat","background-position":"center center","background-size":"auto","background-attachment":"scroll","background-type":"","background-media":"","overlay-type":"","overlay-color":"","overlay-opacity":"","overlay-gradient":""},"tablet":{"background-color":"","background-image":"","background-repeat":"repeat","background-position":"center center","background-size":"auto","background-attachment":"scroll","background-type":"","background-media":"","overlay-type":"","overlay-color":"","overlay-opacity":"","overlay-gradient":""},"mobile":{"background-color":"","background-image":"","background-repeat":"repeat","background-position":"center center","background-size":"auto","background-attachment":"scroll","background-type":"","background-media":"","overlay-type":"","overlay-color":"","overlay-opacity":"","overlay-gradient":""}},"ast-content-background-meta":{"desktop":{"background-color":"var(--ast-global-color-5)","background-image":"","background-repeat":"repeat","background-position":"center center","background-size":"auto","background-attachment":"scroll","background-type":"","background-media":"","overlay-type":"","overlay-color":"","overlay-opacity":"","overlay-gradient":""},"tablet":{"background-color":"var(--ast-global-color-5)","background-image":"","background-repeat":"repeat","background-position":"center center","background-size":"auto","background-attachment":"scroll","background-type":"","background-media":"","overlay-type":"","overlay-color":"","overlay-opacity":"","overlay-gradient":""},"mobile":{"background-color":"var(--ast-global-color-5)","background-image":"","background-repeat":"repeat","background-position":"center center","background-size":"auto","background-attachment":"scroll","background-type":"","background-media":"","overlay-type":"","overlay-color":"","overlay-opacity":"","overlay-gradient":""}},"footnotes":""},"class_list":["post-2974","page","type-page","status-publish","hentry"],"uagb_featured_image_src":{"full":false,"thumbnail":false,"medium":false,"medium_large":false,"large":false,"1536x1536":false,"2048x2048":false,"trp-custom-language-flag":false,"woocommerce_thumbnail":false,"woocommerce_single":false,"woocommerce_gallery_thumbnail":false,"variation_swatches_image_size":false,"variation_swatches_tooltip_size":false},"uagb_author_info":{"display_name":"gaceramic","author_link":"https:\/\/gaceramic.com\/en\/author\/gaceramic\/"},"uagb_comment_info":0,"uagb_excerpt":"Mesafeli Sat\u0131\u015f S\u00f6zle\u015fmesi MADDE 1 SATICI B\u0130LG\u0130LER\u0130 Unvan\u0131: \u00dcmm\u00fcg\u00fcls\u00fcm Ayd\u0131n Seramik St\u00fcdyoAdresi: Hasanpa\u015fa, \u015eair Sururi Sk. No:7, 34724 Kad\u0131k\u00f6y \/ \u0130stanbul \/ T\u00fcrkiyeTelefon : +90 505 955 87 93Eposta: gulsumaydin0@gmail.com MADDE 2 ALICI B\u0130LG\u0130LER\u0130Ad\u0131 Soyad\u0131 \/ Unvan\u0131 :Teslimat Adresi :Fatura Adresi :Telefon :Eposta :IP adresi : MADDE 3 KONU \u0130\u015fbu Mesafeli Sat\u0131\u015f S\u00f6zle\u015fmesinin (&#8220;S\u00f6zle\u015fme&#8221;) konusu&hellip;","_links":{"self":[{"href":"https:\/\/gaceramic.com\/en\/wp-json\/wp\/v2\/pages\/2974","targetHints":{"allow":["GET"]}}],"collection":[{"href":"https:\/\/gaceramic.com\/en\/wp-json\/wp\/v2\/pages"}],"about":[{"href":"https:\/\/gaceramic.com\/en\/wp-json\/wp\/v2\/types\/page"}],"author":[{"embeddable":true,"href":"https:\/\/gaceramic.com\/en\/wp-json\/wp\/v2\/users\/1"}],"replies":[{"embeddable":true,"href":"https:\/\/gaceramic.com\/en\/wp-json\/wp\/v2\/comments?post=2974"}],"version-history":[{"count":0,"href":"https:\/\/gaceramic.com\/en\/wp-json\/wp\/v2\/pages\/2974\/revisions"}],"wp:attachment":[{"href":"https:\/\/gaceramic.com\/en\/wp-json\/wp\/v2\/media?parent=2974"}],"curies":[{"name":"wp","href":"https:\/\/api.w.org\/{rel}","templated":true}]}}