{"id":2773,"date":"2020-12-29T18:21:19","date_gmt":"2020-12-29T15:21:19","guid":{"rendered":"https:\/\/gaceramic.com\/?page_id=2773"},"modified":"2020-12-30T17:13:07","modified_gmt":"2020-12-30T14:13:07","slug":"proteccion-de-datos-personales","status":"publish","type":"page","link":"https:\/\/gaceramic.com\/es\/proteccion-de-datos-personales\/","title":{"rendered":"Protecci\u00f3n de datos personales"},"content":{"rendered":"<div data-elementor-type=\"wp-page\" data-elementor-id=\"2773\" class=\"elementor elementor-2773\">\n\t\t\t\t\t\t<section class=\"elementor-section elementor-top-section elementor-element elementor-element-77ab8e4 elementor-section-boxed elementor-section-height-default elementor-section-height-default\" data-id=\"77ab8e4\" data-element_type=\"section\">\n\t\t\t\t\t\t<div class=\"elementor-container elementor-column-gap-default\">\n\t\t\t\t\t<div class=\"elementor-column elementor-col-100 elementor-top-column elementor-element elementor-element-0bf4808\" data-id=\"0bf4808\" data-element_type=\"column\">\n\t\t\t<div class=\"elementor-widget-wrap elementor-element-populated\">\n\t\t\t\t\t\t<div class=\"elementor-element elementor-element-d346bf5 elementor-widget elementor-widget-heading\" data-id=\"d346bf5\" data-element_type=\"widget\" data-widget_type=\"heading.default\">\n\t\t\t\t<div class=\"elementor-widget-container\">\n\t\t\t<h2 class=\"elementor-heading-title elementor-size-medium\">Protecci\u00f3n de datos personales y pol\u00edtica de privacidad<\/h2>\t\t<\/div>\n\t\t\t\t<\/div>\n\t\t\t\t\t<\/div>\n\t\t<\/div>\n\t\t\t\t\t<\/div>\n\t\t<\/section>\n\t\t\t\t<section class=\"elementor-section elementor-top-section elementor-element elementor-element-a7ce77d elementor-section-boxed elementor-section-height-default elementor-section-height-default\" data-id=\"a7ce77d\" data-element_type=\"section\">\n\t\t\t\t\t\t<div class=\"elementor-container elementor-column-gap-default\">\n\t\t\t\t\t<div class=\"elementor-column elementor-col-100 elementor-top-column elementor-element elementor-element-6a1d2a4\" data-id=\"6a1d2a4\" data-element_type=\"column\">\n\t\t\t<div class=\"elementor-widget-wrap elementor-element-populated\">\n\t\t\t\t\t\t<div class=\"elementor-element elementor-element-3a5bbfe elementor-widget elementor-widget-text-editor\" data-id=\"3a5bbfe\" data-element_type=\"widget\" data-widget_type=\"text-editor.default\">\n\t\t\t\t<div class=\"elementor-widget-container\">\n\t\t\t\t\t\t\t<div class=\"contentbox-header\">\u00a0<\/div><div class=\"contentbox-body\"><div class=\"row\"><div class=\"col-12\"><p>Como GA Ceramic, mostramos la m\u00e1xima sensibilidad hacia la seguridad de sus datos personales. En este contexto, es nuestra prioridad para procesar todo tipo de datos personales pertenecientes a todas las personas reales asociadas con nuestra empresa, incluidos los que se benefician de nuestros productos y servicios, de conformidad con la Constituci\u00f3n de la Rep\u00fablica de Turqu\u00eda y los convenios internacionales sobre derechos humanos de los que nuestro pa\u00eds es parte y la legislaci\u00f3n pertinente, especialmente la Ley N \u00ba 6698 sobre la Protecci\u00f3n de Datos Personales ( \"KVKK\"), y para garantizar que las personas pertinentes cuyos datos son procesados efectivamente el uso de sus derechos. Este texto; Se hace de conformidad con el KVKK y con el fin de informarle sobre las transacciones realizadas.<\/p><p>En el \u00e1mbito de aplicaci\u00f3n de la Ley, se entiende por datos personales todo tipo de informaci\u00f3n relativa a una persona f\u00edsica identificada o identificable; por tratamiento de datos personales se entienden las operaciones efectuadas sobre datos personales, tales como la obtenci\u00f3n, registro, conservaci\u00f3n, almacenamiento, modificaci\u00f3n, reorganizaci\u00f3n, divulgaci\u00f3n, transferencia, asunci\u00f3n, puesta a disposici\u00f3n, clasificaci\u00f3n o impedir el uso de datos personales por medios total o parcialmente automatizados o no automatizados, siempre que formen parte de cualquier sistema de registro de datos.<\/p><p>Al utilizar nuestro sitio web y\/o utilizar\/solicitar la utilizaci\u00f3n de los servicios que ofrecemos o en cualquier otro caso, como titular de los datos, usted, como titular de los datos, se da por enterado de la presente Pol\u00edtica relativa al tratamiento de sus datos personales y aprueba la recogida, tratamiento o cesi\u00f3n de sus datos en la forma aqu\u00ed especificada.<\/p><p><strong>Fines y fundamentos jur\u00eddicos del tratamiento de datos personales<\/strong><\/p><p>Su informaci\u00f3n personal se recopila a partir de fuentes como su visita a nuestro sitio web o aplicaciones m\u00f3viles, sus participaciones en la correspondencia telef\u00f3nica o por correo electr\u00f3nico, su visita a nuestro lugar de trabajo.<\/p><p>Su nombre, apellidos, direcci\u00f3n de correo electr\u00f3nico, n\u00famero de tel\u00e9fono, sexo, fecha de nacimiento, intereses personales, informaci\u00f3n de identidad, direcciones de facturaci\u00f3n y entrega, direcci\u00f3n IP que utiliza para acceder a nuestro sitio web, nombre de usuario y contrase\u00f1a para poder ofrecerle un mejor servicio en casos como la suscripci\u00f3n a nuestros boletines informativos que anuncian nuestros servicios y campa\u00f1as, la compra de un producto a trav\u00e9s del sitio y las solicitudes o la cancelaci\u00f3n del producto que ha adquirido, Necesitamos algunos datos personales, como el n\u00famero de su tarjeta de cr\u00e9dito\/d\u00e9bito y su fecha de caducidad y n\u00famero de seguridad, informaci\u00f3n sobre el destinatario del pedido, su nombre de usuario y contrase\u00f1a que utiliza en nuestro sitio web, informaci\u00f3n sobre su ordenador y conexi\u00f3n, como el tipo y versi\u00f3n del navegador de Internet que utiliza, su sistema operativo, informaci\u00f3n sobre los sitios web que le permiten acceder a nuestro sitio web y su historial de compras, su provincia y distrito de residencia, su profesi\u00f3n. Aparte de esta informaci\u00f3n, tambi\u00e9n se procesan datos estad\u00edsticos agregados que no contienen informaci\u00f3n personal, como la frecuencia y las horas de visita a nuestras tiendas y las horas de realizaci\u00f3n de pedidos, con el fin de analizar y comprender los movimientos y preferencias de los visitantes.<\/p><p><strong>Intercambio y transferencia de datos<\/strong><\/p><p>Nuestra Empresa colabora con instituciones intermediarias para el cumplimiento de pedidos, la entrega de paquetes, la prestaci\u00f3n de servicios de atenci\u00f3n al cliente, el env\u00edo de correo postal o electr\u00f3nico, la realizaci\u00f3n de pagos con tarjeta de cr\u00e9dito, etc. para trabajos auxiliares. Sus datos personales pueden ser compartidos con estas instituciones de acuerdo con la Ley para que puedan cumplir con sus funciones, y nos gustar\u00eda declarar que las instituciones pertinentes no tienen derecho a utilizar estos datos para ninguna otra actividad.<\/p><p><strong>Derechos de los interesados<\/strong><\/p><p>*Sus derechos seg\u00fan el art\u00edculo 11 del KVKK;<\/p><ul type=\"disc\"><li>Para saber si se est\u00e1n tratando datos personales,<\/li><li>Solicitar informaci\u00f3n si se han tratado datos personales,<\/li><li>Conocer la finalidad del tratamiento de los datos personales y si se utilizan de acuerdo con su finalidad,<\/li><li>Conocer a los terceros a los que se transfieren datos personales dentro o fuera del pa\u00eds,<\/li><li>Solicitar la rectificaci\u00f3n de los datos personales en caso de tratamiento incompleto o incorrecto,<\/li><li>Solicitar la supresi\u00f3n o destrucci\u00f3n de datos personales en el marco de las condiciones estipuladas en el art\u00edculo 7 de la ley pertinente,<\/li><li>Solicitar la notificaci\u00f3n de rectificaci\u00f3n y supresi\u00f3n a terceros a los que se transfieran datos personales,<\/li><li>Oponerse a la obtenci\u00f3n de un resultado en perjuicio de la propia persona mediante el an\u00e1lisis de los datos tratados exclusivamente a trav\u00e9s de sistemas automatizados,<\/li><li>En caso de perjuicio debido al tratamiento il\u00edcito de datos personales, a exigir la reparaci\u00f3n del da\u00f1o,<\/li><\/ul><p>Le recordamos que si solicita la supresi\u00f3n o destrucci\u00f3n de sus datos personales, que deben conservarse durante un determinado per\u00edodo de tiempo en el \u00e1mbito de nuestra obligaci\u00f3n de conservaci\u00f3n derivada de la ley, su solicitud podr\u00e1 ser atendida al t\u00e9rmino del plazo legal, seg\u00fan lo exija la obligaci\u00f3n legal.<\/p><p>De conformidad con la normativa de la KVKK, puede hacernos llegar su solicitud de ejercicio de los derechos antes mencionados por escrito o por otros m\u00e9todos determinados \/ que determine la Junta de Protecci\u00f3n de Datos Personales y tambi\u00e9n a trav\u00e9s de los canales que se especifican a continuaci\u00f3n.<\/p><p>Puede presentar su solicitud por escrito a GA Ceramic \/ Hasanpa\u015fa, \u015eair Sururi Sk. No:7, 34724 Kad\u0131k\u00f6y\/Estambul en persona o por correo postal con documentos firmados que identifiquen su identidad, o puede enviarla a gulsumaydin0@gmail.com por correo electr\u00f3nico.<\/p><\/div><\/div><\/div>\t\t\t\t\t\t<\/div>\n\t\t\t\t<\/div>\n\t\t\t\t\t<\/div>\n\t\t<\/div>\n\t\t\t\t\t<\/div>\n\t\t<\/section>\n\t\t\t\t<\/div>","protected":false},"excerpt":{"rendered":"<p>Ki\u015fisel Verilerin Korunmas\u0131 ve Gizlilik Politikas\u0131 \u00a0 GA Ceramic olarak, ki\u015fisel verilerinizin g\u00fcvenli\u011fi hususuna azami hassasiyet g\u00f6stermekteyiz. Bu kapsamda \u00fcr\u00fcn ve hizmetlerimizden faydalanan ki\u015filer dahil, \u015eirketimiz ile ili\u015fkili t\u00fcm ger\u00e7ek ki\u015filere ait her t\u00fcrl\u00fc ki\u015fisel verilerin T\u00fcrkiye Cumhuriyeti Anayasas\u0131 ve insan haklar\u0131na ili\u015fkin \u00fclkemizin taraf\u0131 oldu\u011fu uluslararas\u0131 s\u00f6zle\u015fmeler ile 6698 say\u0131l\u0131 Ki\u015fisel Verilerin Korunmas\u0131 Kanunu [&hellip;]<\/p>","protected":false},"author":1,"featured_media":0,"parent":0,"menu_order":0,"comment_status":"closed","ping_status":"closed","template":"","meta":{"_uag_custom_page_level_css":"","site-sidebar-layout":"no-sidebar","site-content-layout":"page-builder","ast-site-content-layout":"","site-content-style":"default","site-sidebar-style":"default","ast-global-header-display":"","ast-banner-title-visibility":"","ast-main-header-display":"","ast-hfb-above-header-display":"","ast-hfb-below-header-display":"","ast-hfb-mobile-header-display":"","site-post-title":"disabled","ast-breadcrumbs-content":"","ast-featured-img":"disabled","footer-sml-layout":"","theme-transparent-header-meta":"default","adv-header-id-meta":"","stick-header-meta":"","header-above-stick-meta":"","header-main-stick-meta":"","header-below-stick-meta":"","astra-migrate-meta-layouts":"default","ast-page-background-enabled":"default","ast-page-background-meta":{"desktop":{"background-color":"","background-image":"","background-repeat":"repeat","background-position":"center center","background-size":"auto","background-attachment":"scroll","background-type":"","background-media":"","overlay-type":"","overlay-color":"","overlay-opacity":"","overlay-gradient":""},"tablet":{"background-color":"","background-image":"","background-repeat":"repeat","background-position":"center center","background-size":"auto","background-attachment":"scroll","background-type":"","background-media":"","overlay-type":"","overlay-color":"","overlay-opacity":"","overlay-gradient":""},"mobile":{"background-color":"","background-image":"","background-repeat":"repeat","background-position":"center center","background-size":"auto","background-attachment":"scroll","background-type":"","background-media":"","overlay-type":"","overlay-color":"","overlay-opacity":"","overlay-gradient":""}},"ast-content-background-meta":{"desktop":{"background-color":"var(--ast-global-color-5)","background-image":"","background-repeat":"repeat","background-position":"center center","background-size":"auto","background-attachment":"scroll","background-type":"","background-media":"","overlay-type":"","overlay-color":"","overlay-opacity":"","overlay-gradient":""},"tablet":{"background-color":"var(--ast-global-color-5)","background-image":"","background-repeat":"repeat","background-position":"center center","background-size":"auto","background-attachment":"scroll","background-type":"","background-media":"","overlay-type":"","overlay-color":"","overlay-opacity":"","overlay-gradient":""},"mobile":{"background-color":"var(--ast-global-color-5)","background-image":"","background-repeat":"repeat","background-position":"center center","background-size":"auto","background-attachment":"scroll","background-type":"","background-media":"","overlay-type":"","overlay-color":"","overlay-opacity":"","overlay-gradient":""}},"footnotes":""},"class_list":["post-2773","page","type-page","status-publish","hentry"],"uagb_featured_image_src":{"full":false,"thumbnail":false,"medium":false,"medium_large":false,"large":false,"1536x1536":false,"2048x2048":false,"trp-custom-language-flag":false,"woocommerce_thumbnail":false,"woocommerce_single":false,"woocommerce_gallery_thumbnail":false,"variation_swatches_image_size":false,"variation_swatches_tooltip_size":false},"uagb_author_info":{"display_name":"gaceramic","author_link":"https:\/\/gaceramic.com\/es\/author\/gaceramic\/"},"uagb_comment_info":0,"uagb_excerpt":"Ki\u015fisel Verilerin Korunmas\u0131 ve Gizlilik Politikas\u0131 \u00a0 GA Ceramic olarak, ki\u015fisel verilerinizin g\u00fcvenli\u011fi hususuna azami hassasiyet g\u00f6stermekteyiz. Bu kapsamda \u00fcr\u00fcn ve hizmetlerimizden faydalanan ki\u015filer dahil, \u015eirketimiz ile ili\u015fkili t\u00fcm ger\u00e7ek ki\u015filere ait her t\u00fcrl\u00fc ki\u015fisel verilerin T\u00fcrkiye Cumhuriyeti Anayasas\u0131 ve insan haklar\u0131na ili\u015fkin \u00fclkemizin taraf\u0131 oldu\u011fu uluslararas\u0131 s\u00f6zle\u015fmeler ile 6698 say\u0131l\u0131 Ki\u015fisel Verilerin Korunmas\u0131 Kanunu&hellip;","_links":{"self":[{"href":"https:\/\/gaceramic.com\/es\/wp-json\/wp\/v2\/pages\/2773","targetHints":{"allow":["GET"]}}],"collection":[{"href":"https:\/\/gaceramic.com\/es\/wp-json\/wp\/v2\/pages"}],"about":[{"href":"https:\/\/gaceramic.com\/es\/wp-json\/wp\/v2\/types\/page"}],"author":[{"embeddable":true,"href":"https:\/\/gaceramic.com\/es\/wp-json\/wp\/v2\/users\/1"}],"replies":[{"embeddable":true,"href":"https:\/\/gaceramic.com\/es\/wp-json\/wp\/v2\/comments?post=2773"}],"version-history":[{"count":0,"href":"https:\/\/gaceramic.com\/es\/wp-json\/wp\/v2\/pages\/2773\/revisions"}],"wp:attachment":[{"href":"https:\/\/gaceramic.com\/es\/wp-json\/wp\/v2\/media?parent=2773"}],"curies":[{"name":"wp","href":"https:\/\/api.w.org\/{rel}","templated":true}]}}