{"id":2810,"date":"2020-12-29T22:26:27","date_gmt":"2020-12-29T19:26:27","guid":{"rendered":"https:\/\/gaceramic.com\/?page_id=2810"},"modified":"2020-12-30T01:38:20","modified_gmt":"2020-12-29T22:38:20","slug":"entrega","status":"publish","type":"page","link":"https:\/\/gaceramic.com\/es\/entrega\/","title":{"rendered":"ENTREGA"},"content":{"rendered":"<div data-elementor-type=\"wp-page\" data-elementor-id=\"2810\" class=\"elementor elementor-2810\">\n\t\t\t\t\t\t<section class=\"elementor-section elementor-top-section elementor-element elementor-element-2a11fc5 elementor-section-boxed elementor-section-height-default elementor-section-height-default\" data-id=\"2a11fc5\" data-element_type=\"section\">\n\t\t\t\t\t\t<div class=\"elementor-container elementor-column-gap-default\">\n\t\t\t\t\t<div class=\"elementor-column elementor-col-100 elementor-top-column elementor-element elementor-element-2208c0b\" data-id=\"2208c0b\" data-element_type=\"column\">\n\t\t\t<div class=\"elementor-widget-wrap elementor-element-populated\">\n\t\t\t\t\t\t<div class=\"elementor-element elementor-element-c404539 elementor-widget elementor-widget-heading\" data-id=\"c404539\" data-element_type=\"widget\" data-widget_type=\"heading.default\">\n\t\t\t\t<div class=\"elementor-widget-container\">\n\t\t\t<h2 class=\"elementor-heading-title elementor-size-medium\">Entrega<\/h2>\t\t<\/div>\n\t\t\t\t<\/div>\n\t\t\t\t\t<\/div>\n\t\t<\/div>\n\t\t\t\t\t<\/div>\n\t\t<\/section>\n\t\t\t\t<section class=\"elementor-section elementor-top-section elementor-element elementor-element-849da4f elementor-section-boxed elementor-section-height-default elementor-section-height-default\" data-id=\"849da4f\" data-element_type=\"section\">\n\t\t\t\t\t\t<div class=\"elementor-container elementor-column-gap-default\">\n\t\t\t\t\t<div class=\"elementor-column elementor-col-100 elementor-top-column elementor-element elementor-element-518e76c\" data-id=\"518e76c\" data-element_type=\"column\">\n\t\t\t<div class=\"elementor-widget-wrap elementor-element-populated\">\n\t\t\t\t\t\t<div class=\"elementor-element elementor-element-5152f10 elementor-widget elementor-widget-text-editor\" data-id=\"5152f10\" data-element_type=\"widget\" data-widget_type=\"text-editor.default\">\n\t\t\t\t<div class=\"elementor-widget-container\">\n\t\t\t\t\t\t\t<p>Los pedidos se entregan en un plazo medio de 12 d\u00edas, ya que se fabrican especialmente para usted.<\/p>\n<p>Despu\u00e9s de que sus productos salgan del almac\u00e9n, se le informar\u00e1 mediante una direcci\u00f3n de correo electr\u00f3nico con informaci\u00f3n sobre el seguimiento de la carga. Los productos se entregan en un plazo de 3 d\u00edas laborables desde que se entregan a la empresa de carga que hemos contratado.<\/p>\n<p>Puede seguir sus pedidos desde la secci\u00f3n \"Mis pedidos\" y obtener informaci\u00f3n sobre el \u00faltimo estado de su carga.<\/p>\n<p>Cuando el documento de entrega relativo a la carga que llega a la direcci\u00f3n de entrega est\u00e9 firmado por el cliente, se aceptar\u00e1 que los productos se han recibido \u00edntegros y sin da\u00f1os.<\/p>\n<p>Despu\u00e9s de recibir su carga, por favor, \u00e1brala y compru\u00e9bela con el oficial de carga.<\/p>\n<p>Si durante el control resulta que alguno de los productos de su pedido falta, es incorrecto o est\u00e1 da\u00f1ado, solicite al oficial de carga que prepare un \"informe de evaluaci\u00f3n de da\u00f1os\". Puede enviarnos el producto da\u00f1ado junto con el informe que preparar\u00e1 el oficial de carga y solicitar la sustituci\u00f3n o devoluci\u00f3n de su producto. Devuelva su paquete da\u00f1ado al oficial de carga junto con el informe. Una vez recibidos los productos, nos informar\u00e1 sobre el camino a seguir en relaci\u00f3n con el producto que ha adquirido.<\/p>\n<p>No se puede solicitar la devoluci\u00f3n o el cambio de un producto roto o da\u00f1ado sin un informe de carga.<\/p>\n<p>El acta levantada en el momento de la primera entrega, presenciada por el funcionario de la carga, es muy importante para descubrir al responsable de la falta o del da\u00f1o. Las notificaciones de faltas\/da\u00f1os que realice tras recibir la carga pueden ser rechazadas en funci\u00f3n del examen, ya que no existe un informe<\/p>\t\t\t\t\t\t<\/div>\n\t\t\t\t<\/div>\n\t\t\t\t\t<\/div>\n\t\t<\/div>\n\t\t\t\t\t<\/div>\n\t\t<\/section>\n\t\t\t\t<\/div>","protected":false},"excerpt":{"rendered":"<p>Teslimat Sipari\u015fler size \u00f6zel olarak \u00fcretilece\u011fi i\u00e7in ortalama 12 g\u00fcn i\u00e7inde teslim edilir. \u00dcr\u00fcnleriniz depodan \u00e7\u0131kt\u0131ktan sonra kargo takip bilgilerini i\u00e7eren bir e-posta adresi ile bilgilendirilirsiniz. \u00dcr\u00fcnler anla\u015fmal\u0131 oldu\u011fumuz kargo firmas\u0131na verildikten sonra 3 i\u015f g\u00fcn\u00fc i\u00e7inde teslim edilir. Sipari\u015flerinizin takibini \u2018Sipari\u015flerim\u2019 b\u00f6l\u00fcm\u00fcnden yapabilir ve kargonuzun son durumu hakk\u0131nda bilgi alabilirsiniz. Teslim adresine ula\u015fan kargo [&hellip;]<\/p>","protected":false},"author":1,"featured_media":0,"parent":0,"menu_order":0,"comment_status":"closed","ping_status":"closed","template":"","meta":{"_uag_custom_page_level_css":"","site-sidebar-layout":"no-sidebar","site-content-layout":"page-builder","ast-site-content-layout":"","site-content-style":"default","site-sidebar-style":"default","ast-global-header-display":"","ast-banner-title-visibility":"","ast-main-header-display":"","ast-hfb-above-header-display":"","ast-hfb-below-header-display":"","ast-hfb-mobile-header-display":"","site-post-title":"disabled","ast-breadcrumbs-content":"","ast-featured-img":"disabled","footer-sml-layout":"","theme-transparent-header-meta":"default","adv-header-id-meta":"","stick-header-meta":"","header-above-stick-meta":"","header-main-stick-meta":"","header-below-stick-meta":"","astra-migrate-meta-layouts":"default","ast-page-background-enabled":"default","ast-page-background-meta":{"desktop":{"background-color":"","background-image":"","background-repeat":"repeat","background-position":"center center","background-size":"auto","background-attachment":"scroll","background-type":"","background-media":"","overlay-type":"","overlay-color":"","overlay-opacity":"","overlay-gradient":""},"tablet":{"background-color":"","background-image":"","background-repeat":"repeat","background-position":"center center","background-size":"auto","background-attachment":"scroll","background-type":"","background-media":"","overlay-type":"","overlay-color":"","overlay-opacity":"","overlay-gradient":""},"mobile":{"background-color":"","background-image":"","background-repeat":"repeat","background-position":"center center","background-size":"auto","background-attachment":"scroll","background-type":"","background-media":"","overlay-type":"","overlay-color":"","overlay-opacity":"","overlay-gradient":""}},"ast-content-background-meta":{"desktop":{"background-color":"var(--ast-global-color-5)","background-image":"","background-repeat":"repeat","background-position":"center center","background-size":"auto","background-attachment":"scroll","background-type":"","background-media":"","overlay-type":"","overlay-color":"","overlay-opacity":"","overlay-gradient":""},"tablet":{"background-color":"var(--ast-global-color-5)","background-image":"","background-repeat":"repeat","background-position":"center center","background-size":"auto","background-attachment":"scroll","background-type":"","background-media":"","overlay-type":"","overlay-color":"","overlay-opacity":"","overlay-gradient":""},"mobile":{"background-color":"var(--ast-global-color-5)","background-image":"","background-repeat":"repeat","background-position":"center center","background-size":"auto","background-attachment":"scroll","background-type":"","background-media":"","overlay-type":"","overlay-color":"","overlay-opacity":"","overlay-gradient":""}},"footnotes":""},"class_list":["post-2810","page","type-page","status-publish","hentry"],"uagb_featured_image_src":{"full":false,"thumbnail":false,"medium":false,"medium_large":false,"large":false,"1536x1536":false,"2048x2048":false,"trp-custom-language-flag":false,"woocommerce_thumbnail":false,"woocommerce_single":false,"woocommerce_gallery_thumbnail":false,"variation_swatches_image_size":false,"variation_swatches_tooltip_size":false},"uagb_author_info":{"display_name":"gaceramic","author_link":"https:\/\/gaceramic.com\/es\/author\/gaceramic\/"},"uagb_comment_info":0,"uagb_excerpt":"Teslimat Sipari\u015fler size \u00f6zel olarak \u00fcretilece\u011fi i\u00e7in ortalama 12 g\u00fcn i\u00e7inde teslim edilir. \u00dcr\u00fcnleriniz depodan \u00e7\u0131kt\u0131ktan sonra kargo takip bilgilerini i\u00e7eren bir e-posta adresi ile bilgilendirilirsiniz. \u00dcr\u00fcnler anla\u015fmal\u0131 oldu\u011fumuz kargo firmas\u0131na verildikten sonra 3 i\u015f g\u00fcn\u00fc i\u00e7inde teslim edilir. Sipari\u015flerinizin takibini \u2018Sipari\u015flerim\u2019 b\u00f6l\u00fcm\u00fcnden yapabilir ve kargonuzun son durumu hakk\u0131nda bilgi alabilirsiniz. Teslim adresine ula\u015fan kargo&hellip;","_links":{"self":[{"href":"https:\/\/gaceramic.com\/es\/wp-json\/wp\/v2\/pages\/2810","targetHints":{"allow":["GET"]}}],"collection":[{"href":"https:\/\/gaceramic.com\/es\/wp-json\/wp\/v2\/pages"}],"about":[{"href":"https:\/\/gaceramic.com\/es\/wp-json\/wp\/v2\/types\/page"}],"author":[{"embeddable":true,"href":"https:\/\/gaceramic.com\/es\/wp-json\/wp\/v2\/users\/1"}],"replies":[{"embeddable":true,"href":"https:\/\/gaceramic.com\/es\/wp-json\/wp\/v2\/comments?post=2810"}],"version-history":[{"count":0,"href":"https:\/\/gaceramic.com\/es\/wp-json\/wp\/v2\/pages\/2810\/revisions"}],"wp:attachment":[{"href":"https:\/\/gaceramic.com\/es\/wp-json\/wp\/v2\/media?parent=2810"}],"curies":[{"name":"wp","href":"https:\/\/api.w.org\/{rel}","templated":true}]}}