{"id":2818,"date":"2020-12-29T22:29:47","date_gmt":"2020-12-29T19:29:47","guid":{"rendered":"https:\/\/gaceramic.com\/?page_id=2818"},"modified":"2020-12-30T01:41:01","modified_gmt":"2020-12-29T22:41:01","slug":"sikca-sorulan-sorular","status":"publish","type":"page","link":"https:\/\/gaceramic.com\/es\/sikca-sorulan-sorular\/","title":{"rendered":"S\u0131k\u00e7a Sorulan Sorular"},"content":{"rendered":"<div data-elementor-type=\"wp-page\" data-elementor-id=\"2818\" class=\"elementor elementor-2818\">\n\t\t\t\t\t\t<section class=\"elementor-section elementor-top-section elementor-element elementor-element-bbb2b93 elementor-section-boxed elementor-section-height-default elementor-section-height-default\" data-id=\"bbb2b93\" data-element_type=\"section\">\n\t\t\t\t\t\t<div class=\"elementor-container elementor-column-gap-default\">\n\t\t\t\t\t<div class=\"elementor-column elementor-col-100 elementor-top-column elementor-element elementor-element-799705d\" data-id=\"799705d\" data-element_type=\"column\">\n\t\t\t<div class=\"elementor-widget-wrap elementor-element-populated\">\n\t\t\t\t\t\t<div class=\"elementor-element elementor-element-86090e8 elementor-widget elementor-widget-heading\" data-id=\"86090e8\" data-element_type=\"widget\" data-widget_type=\"heading.default\">\n\t\t\t\t<div class=\"elementor-widget-container\">\n\t\t\t<h2 class=\"elementor-heading-title elementor-size-medium\">S\u0131k\u00e7a Sorulan Sorular<\/h2>\t\t<\/div>\n\t\t\t\t<\/div>\n\t\t\t\t\t<\/div>\n\t\t<\/div>\n\t\t\t\t\t<\/div>\n\t\t<\/section>\n\t\t\t\t<section class=\"elementor-section elementor-top-section elementor-element elementor-element-200a4ff elementor-section-boxed elementor-section-height-default elementor-section-height-default\" data-id=\"200a4ff\" data-element_type=\"section\">\n\t\t\t\t\t\t<div class=\"elementor-container elementor-column-gap-default\">\n\t\t\t\t\t<div class=\"elementor-column elementor-col-100 elementor-top-column elementor-element elementor-element-0f1b941\" data-id=\"0f1b941\" data-element_type=\"column\">\n\t\t\t<div class=\"elementor-widget-wrap elementor-element-populated\">\n\t\t\t\t\t\t<div class=\"elementor-element elementor-element-2b660c0 elementor-widget elementor-widget-text-editor\" data-id=\"2b660c0\" data-element_type=\"widget\" data-widget_type=\"text-editor.default\">\n\t\t\t\t<div class=\"elementor-widget-container\">\n\t\t\t\t\t\t\t<p><strong>Nas\u0131l \u00fcye olabilirim?<\/strong><\/p><p>Web sitemizin \u2018\u2019Giri\u015f yap\u2019\u2019 k\u0131sm\u0131ndan kolayca yeni \u00fcyelik olu\u015fturabilirsiniz.<\/p><p><strong>Sipari\u015f verirken \u00fcye olmak zorunda m\u0131y\u0131m?<\/strong><\/p><p>Hay\u0131r, \u00fcye olmadan diledi\u011finiz \u00fcr\u00fcn\u00fc sepete ekleyip sipari\u015finizi olu\u015fturabilirsiniz.<\/p><p><strong>Kredi Kart\u0131 bilgilerim g\u00fcvende mi?<\/strong><\/p><p>Banka kart\u0131 ile yapt\u0131\u011f\u0131n\u0131z i\u015flemlerde 3D Secure sistemi kullan\u0131l\u0131r. 3D Secure, online al\u0131\u015fveri\u015flerin g\u00fcvenli\u011fini sa\u011flamak amac\u0131yla kart kurulu\u015flar\u0131 taraf\u0131ndan geli\u015ftirilmi\u015f bir kimlik do\u011frulama sistemidir<\/p><p><strong>Sipari\u015flerimi nas\u0131l takip edebilirim?<\/strong><\/p><p>Sipari\u015finiz kargoya teslim edildi\u011finde bilgilendirme mesaj\u0131 ve kargo firmas\u0131ndan bilgi SMS\u2019i al\u0131rs\u0131n\u0131z.<\/p><p>Bu SMS ve bilgi mesaj\u0131 geldikten sonra kargonuzu \u2018\u2019Sipari\u015flerim\u2019\u2019 sekmesinden takip edebilirsiniz.<\/p><p><strong>Sipari\u015fim ne zaman kargolan\u0131r?<\/strong><\/p><p>Online sipari\u015flerinizde farkl\u0131 renkte ve farkl\u0131 modelde yapt\u0131rmak istedi\u011finiz \u00fcr\u00fcnler i\u00e7in \u00f6n \u00f6deme al\u0131nmaktad\u0131r. \u00d6zel \u00fcrettirdi\u011finiz \u00fcr\u00fcnlerin iadesi yap\u0131lmamaktad\u0131r<\/p><p><strong>Sipari\u015fim k\u0131r\u0131k \u00e7\u0131karsa ne yapmal\u0131y\u0131m?<\/strong><\/p><p>Kargonuzu teslim ald\u0131ktan sonra l\u00fctfen kargo yetkilisi ile a\u00e7\u0131p, kontrol ediniz. E\u011fer kontrol s\u0131ras\u0131nda sipari\u015finizdeki baz\u0131 \u00fcr\u00fcnlerin eksik, yanl\u0131\u015f veya hasarl\u0131 oldu\u011fu ortaya \u00e7\u0131karsa, kargo yetkilisinden \u2018hasar tespit tutana\u011f\u0131\u2019 haz\u0131rlamas\u0131n\u0131 talep ediniz. Teslim adresine ula\u015fan kargo ile ilgili teslim belgesi m\u00fc\u015fteri taraf\u0131ndan imzaland\u0131\u011f\u0131nda, \u00fcr\u00fcnlerin tam ve hasars\u0131z olarak teslim al\u0131nd\u0131\u011f\u0131 kabul edilecektir. \u015eayet sipari\u015fin paketini kargodan teslim ald\u0131\u011f\u0131n\u0131zda pakette herhangi bir hasar g\u00f6r\u00fcrseniz, 24 saat i\u00e7erisinde bizimle ileti\u015fime ge\u00e7iniz. Hasar\u0131 \u00f6zet olarak tan\u0131mlay\u0131p, s\u00f6z konusu \u00f6zet ile beraber ambalaj\u0131n foto\u011fraflar\u0131n\u0131 gulsumaydin0@gmail.com adresine e-posta ile g\u00f6nderilmesi gerekmektedir. \u00dcr\u00fcnler elimize ula\u015ft\u0131ktan sonra, sat\u0131n alm\u0131\u015f oldu\u011funuz \u00fcr\u00fcnle ilgili izlenecek yol, taraf\u0131m\u0131zdan bildirilecektir.<\/p><p><strong>Sipari\u015flerimi havale yolu ile \u00f6deme yapabiliyor muyum?<\/strong><\/p><p>Evet, havale yolu ile \u00f6deyerek ger\u00e7ekle\u015ftirebilirsiniz.<\/p><p><strong>Online al\u0131\u015fveri\u015f sitesinden sat\u0131n ald\u0131\u011f\u0131m \u00fcr\u00fcnlerde iade yapabilir miyim?<\/strong><\/p><p>\u0130ade hakk\u0131 i\u00e7in m\u00fc\u015fteri \u00fcr\u00fcn\u00fc kullanmadan geri vermekle y\u00fck\u00fcml\u00fcd\u00fcr. \u0130ade i\u00e7in \u00fcr\u00fcn\u00fcn teslim al\u0131nd\u0131\u011f\u0131 tarihten itibaren 14 g\u00fcn i\u00e7inde, firmam\u0131za telefon veya e-mail ile ula\u015f\u0131lmal\u0131d\u0131r. \u0130adeli \u00fcr\u00fcnler kargo s\u0131ras\u0131nda k\u0131r\u0131lmayacak \u015fekilde paketlenmelidir. Kargo s\u0131ras\u0131nda k\u0131r\u0131lan \u00fcr\u00fcn\u00fcn ticari de\u011ferindeki kayb\u0131 m\u00fc\u015fteriye aittir. Yapaca\u011f\u0131n\u0131z t\u00fcm iadeler www.gaceramic.com taraf\u0131ndan teslimat yap\u0131lan kargo \u015firketi arac\u0131l\u0131\u011f\u0131yla yap\u0131lmal\u0131d\u0131r. Farkl\u0131 kargo firmalar\u0131 arac\u0131l\u0131\u011f\u0131yla g\u00f6nderilen \u00fcr\u00fcnler kabul edilmez. \u0130ade kargo \u00fccreti m\u00fc\u015fteriye aittir.<\/p><p><strong>Kap\u0131da \u00f6deme se\u00e7ene\u011finiz var m\u0131d\u0131r?<\/strong><\/p><p>\u00d6demelerinizi sadece kredi kart\u0131 ve banka kart\u0131 ile sipari\u015f olu\u015fturma a\u015famas\u0131nda yapabilirsiniz.<\/p><p><strong>Kredi kart\u0131na taksit yap\u0131l\u0131yor mu?<\/strong><\/p><p>World, Bonus, Axess, Maximum, CardFinans ve Paraf kredi kartlar\u0131na taksit imk\u00e2n\u0131 bulunmaktad\u0131r.<\/p>\t\t\t\t\t\t<\/div>\n\t\t\t\t<\/div>\n\t\t\t\t\t<\/div>\n\t\t<\/div>\n\t\t\t\t\t<\/div>\n\t\t<\/section>\n\t\t\t\t<\/div>","protected":false},"excerpt":{"rendered":"<p>S\u0131k\u00e7a Sorulan Sorular Nas\u0131l \u00fcye olabilirim? Web sitemizin \u2018\u2019Giri\u015f yap\u2019\u2019 k\u0131sm\u0131ndan kolayca yeni \u00fcyelik olu\u015fturabilirsiniz. Sipari\u015f verirken \u00fcye olmak zorunda m\u0131y\u0131m? Hay\u0131r, \u00fcye olmadan diledi\u011finiz \u00fcr\u00fcn\u00fc sepete ekleyip sipari\u015finizi olu\u015fturabilirsiniz. Kredi Kart\u0131 bilgilerim g\u00fcvende mi? Banka kart\u0131 ile yapt\u0131\u011f\u0131n\u0131z i\u015flemlerde 3D Secure sistemi kullan\u0131l\u0131r. 3D Secure, online al\u0131\u015fveri\u015flerin g\u00fcvenli\u011fini sa\u011flamak amac\u0131yla kart kurulu\u015flar\u0131 taraf\u0131ndan geli\u015ftirilmi\u015f [&hellip;]<\/p>","protected":false},"author":1,"featured_media":0,"parent":0,"menu_order":0,"comment_status":"closed","ping_status":"closed","template":"","meta":{"_uag_custom_page_level_css":"","site-sidebar-layout":"no-sidebar","site-content-layout":"page-builder","ast-site-content-layout":"","site-content-style":"default","site-sidebar-style":"default","ast-global-header-display":"","ast-banner-title-visibility":"","ast-main-header-display":"","ast-hfb-above-header-display":"","ast-hfb-below-header-display":"","ast-hfb-mobile-header-display":"","site-post-title":"disabled","ast-breadcrumbs-content":"","ast-featured-img":"disabled","footer-sml-layout":"","theme-transparent-header-meta":"default","adv-header-id-meta":"","stick-header-meta":"","header-above-stick-meta":"","header-main-stick-meta":"","header-below-stick-meta":"","astra-migrate-meta-layouts":"default","ast-page-background-enabled":"default","ast-page-background-meta":{"desktop":{"background-color":"","background-image":"","background-repeat":"repeat","background-position":"center center","background-size":"auto","background-attachment":"scroll","background-type":"","background-media":"","overlay-type":"","overlay-color":"","overlay-opacity":"","overlay-gradient":""},"tablet":{"background-color":"","background-image":"","background-repeat":"repeat","background-position":"center center","background-size":"auto","background-attachment":"scroll","background-type":"","background-media":"","overlay-type":"","overlay-color":"","overlay-opacity":"","overlay-gradient":""},"mobile":{"background-color":"","background-image":"","background-repeat":"repeat","background-position":"center center","background-size":"auto","background-attachment":"scroll","background-type":"","background-media":"","overlay-type":"","overlay-color":"","overlay-opacity":"","overlay-gradient":""}},"ast-content-background-meta":{"desktop":{"background-color":"var(--ast-global-color-5)","background-image":"","background-repeat":"repeat","background-position":"center center","background-size":"auto","background-attachment":"scroll","background-type":"","background-media":"","overlay-type":"","overlay-color":"","overlay-opacity":"","overlay-gradient":""},"tablet":{"background-color":"var(--ast-global-color-5)","background-image":"","background-repeat":"repeat","background-position":"center center","background-size":"auto","background-attachment":"scroll","background-type":"","background-media":"","overlay-type":"","overlay-color":"","overlay-opacity":"","overlay-gradient":""},"mobile":{"background-color":"var(--ast-global-color-5)","background-image":"","background-repeat":"repeat","background-position":"center center","background-size":"auto","background-attachment":"scroll","background-type":"","background-media":"","overlay-type":"","overlay-color":"","overlay-opacity":"","overlay-gradient":""}},"footnotes":""},"class_list":["post-2818","page","type-page","status-publish","hentry"],"uagb_featured_image_src":{"full":false,"thumbnail":false,"medium":false,"medium_large":false,"large":false,"1536x1536":false,"2048x2048":false,"trp-custom-language-flag":false,"woocommerce_thumbnail":false,"woocommerce_single":false,"woocommerce_gallery_thumbnail":false,"variation_swatches_image_size":false,"variation_swatches_tooltip_size":false},"uagb_author_info":{"display_name":"gaceramic","author_link":"https:\/\/gaceramic.com\/es\/author\/gaceramic\/"},"uagb_comment_info":0,"uagb_excerpt":"S\u0131k\u00e7a Sorulan Sorular Nas\u0131l \u00fcye olabilirim? Web sitemizin \u2018\u2019Giri\u015f yap\u2019\u2019 k\u0131sm\u0131ndan kolayca yeni \u00fcyelik olu\u015fturabilirsiniz. Sipari\u015f verirken \u00fcye olmak zorunda m\u0131y\u0131m? Hay\u0131r, \u00fcye olmadan diledi\u011finiz \u00fcr\u00fcn\u00fc sepete ekleyip sipari\u015finizi olu\u015fturabilirsiniz. Kredi Kart\u0131 bilgilerim g\u00fcvende mi? Banka kart\u0131 ile yapt\u0131\u011f\u0131n\u0131z i\u015flemlerde 3D Secure sistemi kullan\u0131l\u0131r. 3D Secure, online al\u0131\u015fveri\u015flerin g\u00fcvenli\u011fini sa\u011flamak amac\u0131yla kart kurulu\u015flar\u0131 taraf\u0131ndan geli\u015ftirilmi\u015f&hellip;","_links":{"self":[{"href":"https:\/\/gaceramic.com\/es\/wp-json\/wp\/v2\/pages\/2818","targetHints":{"allow":["GET"]}}],"collection":[{"href":"https:\/\/gaceramic.com\/es\/wp-json\/wp\/v2\/pages"}],"about":[{"href":"https:\/\/gaceramic.com\/es\/wp-json\/wp\/v2\/types\/page"}],"author":[{"embeddable":true,"href":"https:\/\/gaceramic.com\/es\/wp-json\/wp\/v2\/users\/1"}],"replies":[{"embeddable":true,"href":"https:\/\/gaceramic.com\/es\/wp-json\/wp\/v2\/comments?post=2818"}],"version-history":[{"count":0,"href":"https:\/\/gaceramic.com\/es\/wp-json\/wp\/v2\/pages\/2818\/revisions"}],"wp:attachment":[{"href":"https:\/\/gaceramic.com\/es\/wp-json\/wp\/v2\/media?parent=2818"}],"curies":[{"name":"wp","href":"https:\/\/api.w.org\/{rel}","templated":true}]}}