{"id":2773,"date":"2020-12-29T18:21:19","date_gmt":"2020-12-29T15:21:19","guid":{"rendered":"https:\/\/gaceramic.com\/?page_id=2773"},"modified":"2020-12-30T17:13:07","modified_gmt":"2020-12-30T14:13:07","slug":"protection-des-donnees-personnelles","status":"publish","type":"page","link":"https:\/\/gaceramic.com\/fr\/protection-des-donnees-personnelles\/","title":{"rendered":"Protection des donn\u00e9es personnelles"},"content":{"rendered":"<div data-elementor-type=\"wp-page\" data-elementor-id=\"2773\" class=\"elementor elementor-2773\">\n\t\t\t\t\t\t<section class=\"elementor-section elementor-top-section elementor-element elementor-element-77ab8e4 elementor-section-boxed elementor-section-height-default elementor-section-height-default\" data-id=\"77ab8e4\" data-element_type=\"section\">\n\t\t\t\t\t\t<div class=\"elementor-container elementor-column-gap-default\">\n\t\t\t\t\t<div class=\"elementor-column elementor-col-100 elementor-top-column elementor-element elementor-element-0bf4808\" data-id=\"0bf4808\" data-element_type=\"column\">\n\t\t\t<div class=\"elementor-widget-wrap elementor-element-populated\">\n\t\t\t\t\t\t<div class=\"elementor-element elementor-element-d346bf5 elementor-widget elementor-widget-heading\" data-id=\"d346bf5\" data-element_type=\"widget\" data-widget_type=\"heading.default\">\n\t\t\t\t<div class=\"elementor-widget-container\">\n\t\t\t<h2 class=\"elementor-heading-title elementor-size-medium\">Protection des donn\u00e9es personnelles et politique de confidentialit\u00e9<\/h2>\t\t<\/div>\n\t\t\t\t<\/div>\n\t\t\t\t\t<\/div>\n\t\t<\/div>\n\t\t\t\t\t<\/div>\n\t\t<\/section>\n\t\t\t\t<section class=\"elementor-section elementor-top-section elementor-element elementor-element-a7ce77d elementor-section-boxed elementor-section-height-default elementor-section-height-default\" data-id=\"a7ce77d\" data-element_type=\"section\">\n\t\t\t\t\t\t<div class=\"elementor-container elementor-column-gap-default\">\n\t\t\t\t\t<div class=\"elementor-column elementor-col-100 elementor-top-column elementor-element elementor-element-6a1d2a4\" data-id=\"6a1d2a4\" data-element_type=\"column\">\n\t\t\t<div class=\"elementor-widget-wrap elementor-element-populated\">\n\t\t\t\t\t\t<div class=\"elementor-element elementor-element-3a5bbfe elementor-widget elementor-widget-text-editor\" data-id=\"3a5bbfe\" data-element_type=\"widget\" data-widget_type=\"text-editor.default\">\n\t\t\t\t<div class=\"elementor-widget-container\">\n\t\t\t\t\t\t\t<div class=\"contentbox-header\">\u00a0<\/div><div class=\"contentbox-body\"><div class=\"row\"><div class=\"col-12\"><p>En tant que GA Ceramic, nous sommes extr\u00eamement sensibles \u00e0 la s\u00e9curit\u00e9 de vos donn\u00e9es personnelles. Dans ce contexte, notre priorit\u00e9 est de traiter tous les types de donn\u00e9es personnelles appartenant \u00e0 toutes les personnes r\u00e9elles associ\u00e9es \u00e0 notre soci\u00e9t\u00e9, y compris celles qui b\u00e9n\u00e9ficient de nos produits et services, conform\u00e9ment \u00e0 la Constitution de la R\u00e9publique de Turquie et aux conventions internationales sur les droits de l'homme auxquelles notre pays est partie, ainsi qu'\u00e0 la l\u00e9gislation pertinente, en particulier la loi n\u00b0 6698 sur la protection des donn\u00e9es personnelles (\"KVKK\"), et de veiller \u00e0 ce que les personnes concern\u00e9es dont les donn\u00e9es sont trait\u00e9es fassent effectivement usage de leurs droits. Ce texte est r\u00e9dig\u00e9 conform\u00e9ment \u00e0 la loi sur la protection des donn\u00e9es \u00e0 caract\u00e8re personnel et dans le but de vous informer sur les transactions effectu\u00e9es.<\/p><p>Dans le cadre de la loi, les donn\u00e9es \u00e0 caract\u00e8re personnel d\u00e9signent tous les types d'informations relatives \u00e0 une personne physique identifi\u00e9e ou identifiable ; le traitement des donn\u00e9es \u00e0 caract\u00e8re personnel d\u00e9signe les op\u00e9rations effectu\u00e9es sur les donn\u00e9es \u00e0 caract\u00e8re personnel, telles que l'obtention, l'enregistrement, la conservation, le stockage, la modification, la r\u00e9organisation, la divulgation, le transfert, la prise en charge, la mise \u00e0 disposition, la classification ou la pr\u00e9vention de l'utilisation des donn\u00e9es \u00e0 caract\u00e8re personnel par des moyens enti\u00e8rement ou partiellement automatis\u00e9s ou non automatis\u00e9s, \u00e0 condition qu'ils fassent partie d'un syst\u00e8me d'enregistrement des donn\u00e9es.<\/p><p>En utilisant notre site web et\/ou en utilisant\/demandant \u00e0 utiliser les services que nous offrons ou dans tout autre cas, en tant que propri\u00e9taire des donn\u00e9es, vous prenez connaissance de la pr\u00e9sente politique concernant le traitement de vos donn\u00e9es personnelles et approuvez la collecte, le traitement ou le transfert de vos donn\u00e9es comme sp\u00e9cifi\u00e9 dans la pr\u00e9sente.<\/p><p><strong>Finalit\u00e9s et fondements juridiques du traitement des donn\u00e9es \u00e0 caract\u00e8re personnel<\/strong><\/p><p>Vos informations personnelles sont collect\u00e9es \u00e0 partir de sources telles que votre visite sur notre site web ou nos applications mobiles, vos parts de correspondance t\u00e9l\u00e9phonique ou \u00e9lectronique, votre visite sur notre lieu de travail.<\/p><p>Vos nom, pr\u00e9nom, adresse \u00e9lectronique, num\u00e9ro de t\u00e9l\u00e9phone, sexe, date de naissance, int\u00e9r\u00eats personnels, informations d'identit\u00e9, adresses de facturation et de livraison, adresse IP que vous utilisez pour acc\u00e9der \u00e0 notre site web, nom d'utilisateur et mot de passe afin de vous fournir un meilleur service dans des cas tels que l'abonnement \u00e0 nos bulletins d'information annon\u00e7ant nos services et campagnes, l'achat d'un produit sur le site et les applications ou l'annulation du produit que vous avez achet\u00e9, Nous avons besoin de certaines informations personnelles telles que votre num\u00e9ro de carte de cr\u00e9dit\/d\u00e9bit, sa date d'expiration et son num\u00e9ro de s\u00e9curit\u00e9, les informations relatives au destinataire de la commande, le nom d'utilisateur et le mot de passe que vous utilisez sur notre site web, les informations relatives \u00e0 votre ordinateur et \u00e0 votre connexion, telles que le type et la version du navigateur internet que vous utilisez, votre syst\u00e8me d'exploitation, les informations relatives aux sites web qui vous permettent d'acc\u00e9der \u00e0 notre site web et votre historique d'achats, votre province et votre district de r\u00e9sidence, votre profession. Outre ces informations, des donn\u00e9es statistiques agr\u00e9g\u00e9es ne contenant pas d'informations personnelles, telles que la fr\u00e9quence et l'heure des visites dans nos magasins et l'heure des commandes, sont \u00e9galement trait\u00e9es afin d'analyser et de comprendre les mouvements et les pr\u00e9f\u00e9rences des visiteurs.<\/p><p><strong>Partage et transfert des donn\u00e9es<\/strong><\/p><p>Notre soci\u00e9t\u00e9 collabore avec des institutions interm\u00e9diaires pour ex\u00e9cuter des commandes, livrer des colis, fournir un service \u00e0 la client\u00e8le, envoyer du courrier ou des e-mails, effectuer des paiements par carte de cr\u00e9dit, etc. pour des travaux auxiliaires. Vos donn\u00e9es personnelles peuvent \u00eatre partag\u00e9es avec ces institutions conform\u00e9ment \u00e0 la loi afin qu'elles puissent remplir leurs fonctions, et nous tenons \u00e0 pr\u00e9ciser que les institutions concern\u00e9es n'ont pas le droit d'utiliser ces donn\u00e9es pour une autre activit\u00e9.<\/p><p><strong>Droits des personnes concern\u00e9es<\/strong><\/p><p>*Vos droits selon l'article 11 de la KVKK ;<\/p><ul type=\"disc\"><li>Pour savoir si des donn\u00e9es \u00e0 caract\u00e8re personnel sont trait\u00e9es,<\/li><li>Demander des informations si des donn\u00e9es personnelles ont \u00e9t\u00e9 trait\u00e9es,<\/li><li>Conna\u00eetre la finalit\u00e9 du traitement des donn\u00e9es personnelles et savoir si elles sont utilis\u00e9es conform\u00e9ment \u00e0 leur finalit\u00e9,<\/li><li>Conna\u00eetre les tiers auxquels les donn\u00e9es personnelles sont transf\u00e9r\u00e9es au niveau national ou \u00e0 l'\u00e9tranger,<\/li><li>Demander la correction des donn\u00e9es personnelles en cas de traitement incomplet ou incorrect,<\/li><li>Demander l'effacement ou la destruction de donn\u00e9es personnelles dans le cadre des conditions stipul\u00e9es \u00e0 l'article 7 de la loi pertinente,<\/li><li>Demander la notification de la correction et de la suppression aux tiers auxquels les donn\u00e9es \u00e0 caract\u00e8re personnel sont transf\u00e9r\u00e9es,<\/li><li>S'opposer \u00e0 ce que l'analyse des donn\u00e9es trait\u00e9es, effectu\u00e9e exclusivement \u00e0 l'aide de syst\u00e8mes automatis\u00e9s, aboutisse \u00e0 un r\u00e9sultat pr\u00e9judiciable \u00e0 la personne elle-m\u00eame,<\/li><li>En cas de dommage d\u00fb \u00e0 un traitement ill\u00e9gal de donn\u00e9es \u00e0 caract\u00e8re personnel, demander r\u00e9paration du dommage,<\/li><\/ul><p>Nous vous rappelons que si vous demandez l'effacement ou la destruction de vos donn\u00e9es \u00e0 caract\u00e8re personnel, qui doivent \u00eatre conserv\u00e9es pendant une certaine p\u00e9riode dans le cadre de notre obligation de conservation d\u00e9coulant de la loi, votre demande peut \u00eatre satisfaite \u00e0 la fin de la p\u00e9riode l\u00e9gale, comme l'exige l'obligation l\u00e9gale.<\/p><p>Conform\u00e9ment \u00e0 la r\u00e9glementation du KVKK, vous pouvez nous envoyer votre demande d'exercice des droits susmentionn\u00e9s par \u00e9crit ou par d'autres m\u00e9thodes d\u00e9termin\u00e9es \/ \u00e0 d\u00e9terminer par la Commission de protection des donn\u00e9es personnelles, ainsi que par les canaux sp\u00e9cifi\u00e9s ci-dessous.<\/p><p>Vous pouvez soumettre votre candidature par \u00e9crit \u00e0 GA Ceramic \/ Hasanpa\u015fa, \u015eair Sururi Sk. No:7, 34724 Kad\u0131k\u00f6y\/Istanbul, en personne ou par courrier, accompagn\u00e9e de documents sign\u00e9s permettant d'identifier votre identit\u00e9, ou vous pouvez l'envoyer \u00e0 gulsumaydin0@gmail.com par courrier \u00e9lectronique.<\/p><\/div><\/div><\/div>\t\t\t\t\t\t<\/div>\n\t\t\t\t<\/div>\n\t\t\t\t\t<\/div>\n\t\t<\/div>\n\t\t\t\t\t<\/div>\n\t\t<\/section>\n\t\t\t\t<\/div>","protected":false},"excerpt":{"rendered":"<p>Ki\u015fisel Verilerin Korunmas\u0131 ve Gizlilik Politikas\u0131 \u00a0 GA Ceramic olarak, ki\u015fisel verilerinizin g\u00fcvenli\u011fi hususuna azami hassasiyet g\u00f6stermekteyiz. Bu kapsamda \u00fcr\u00fcn ve hizmetlerimizden faydalanan ki\u015filer dahil, \u015eirketimiz ile ili\u015fkili t\u00fcm ger\u00e7ek ki\u015filere ait her t\u00fcrl\u00fc ki\u015fisel verilerin T\u00fcrkiye Cumhuriyeti Anayasas\u0131 ve insan haklar\u0131na ili\u015fkin \u00fclkemizin taraf\u0131 oldu\u011fu uluslararas\u0131 s\u00f6zle\u015fmeler ile 6698 say\u0131l\u0131 Ki\u015fisel Verilerin Korunmas\u0131 Kanunu [&hellip;]<\/p>","protected":false},"author":1,"featured_media":0,"parent":0,"menu_order":0,"comment_status":"closed","ping_status":"closed","template":"","meta":{"_uag_custom_page_level_css":"","site-sidebar-layout":"no-sidebar","site-content-layout":"page-builder","ast-site-content-layout":"","site-content-style":"default","site-sidebar-style":"default","ast-global-header-display":"","ast-banner-title-visibility":"","ast-main-header-display":"","ast-hfb-above-header-display":"","ast-hfb-below-header-display":"","ast-hfb-mobile-header-display":"","site-post-title":"disabled","ast-breadcrumbs-content":"","ast-featured-img":"disabled","footer-sml-layout":"","theme-transparent-header-meta":"default","adv-header-id-meta":"","stick-header-meta":"","header-above-stick-meta":"","header-main-stick-meta":"","header-below-stick-meta":"","astra-migrate-meta-layouts":"default","ast-page-background-enabled":"default","ast-page-background-meta":{"desktop":{"background-color":"","background-image":"","background-repeat":"repeat","background-position":"center center","background-size":"auto","background-attachment":"scroll","background-type":"","background-media":"","overlay-type":"","overlay-color":"","overlay-opacity":"","overlay-gradient":""},"tablet":{"background-color":"","background-image":"","background-repeat":"repeat","background-position":"center center","background-size":"auto","background-attachment":"scroll","background-type":"","background-media":"","overlay-type":"","overlay-color":"","overlay-opacity":"","overlay-gradient":""},"mobile":{"background-color":"","background-image":"","background-repeat":"repeat","background-position":"center center","background-size":"auto","background-attachment":"scroll","background-type":"","background-media":"","overlay-type":"","overlay-color":"","overlay-opacity":"","overlay-gradient":""}},"ast-content-background-meta":{"desktop":{"background-color":"var(--ast-global-color-5)","background-image":"","background-repeat":"repeat","background-position":"center center","background-size":"auto","background-attachment":"scroll","background-type":"","background-media":"","overlay-type":"","overlay-color":"","overlay-opacity":"","overlay-gradient":""},"tablet":{"background-color":"var(--ast-global-color-5)","background-image":"","background-repeat":"repeat","background-position":"center center","background-size":"auto","background-attachment":"scroll","background-type":"","background-media":"","overlay-type":"","overlay-color":"","overlay-opacity":"","overlay-gradient":""},"mobile":{"background-color":"var(--ast-global-color-5)","background-image":"","background-repeat":"repeat","background-position":"center center","background-size":"auto","background-attachment":"scroll","background-type":"","background-media":"","overlay-type":"","overlay-color":"","overlay-opacity":"","overlay-gradient":""}},"footnotes":""},"class_list":["post-2773","page","type-page","status-publish","hentry"],"uagb_featured_image_src":{"full":false,"thumbnail":false,"medium":false,"medium_large":false,"large":false,"1536x1536":false,"2048x2048":false,"trp-custom-language-flag":false,"woocommerce_thumbnail":false,"woocommerce_single":false,"woocommerce_gallery_thumbnail":false,"variation_swatches_image_size":false,"variation_swatches_tooltip_size":false},"uagb_author_info":{"display_name":"gaceramic","author_link":"https:\/\/gaceramic.com\/fr\/author\/gaceramic\/"},"uagb_comment_info":0,"uagb_excerpt":"Ki\u015fisel Verilerin Korunmas\u0131 ve Gizlilik Politikas\u0131 \u00a0 GA Ceramic olarak, ki\u015fisel verilerinizin g\u00fcvenli\u011fi hususuna azami hassasiyet g\u00f6stermekteyiz. Bu kapsamda \u00fcr\u00fcn ve hizmetlerimizden faydalanan ki\u015filer dahil, \u015eirketimiz ile ili\u015fkili t\u00fcm ger\u00e7ek ki\u015filere ait her t\u00fcrl\u00fc ki\u015fisel verilerin T\u00fcrkiye Cumhuriyeti Anayasas\u0131 ve insan haklar\u0131na ili\u015fkin \u00fclkemizin taraf\u0131 oldu\u011fu uluslararas\u0131 s\u00f6zle\u015fmeler ile 6698 say\u0131l\u0131 Ki\u015fisel Verilerin Korunmas\u0131 Kanunu\u2026","_links":{"self":[{"href":"https:\/\/gaceramic.com\/fr\/wp-json\/wp\/v2\/pages\/2773","targetHints":{"allow":["GET"]}}],"collection":[{"href":"https:\/\/gaceramic.com\/fr\/wp-json\/wp\/v2\/pages"}],"about":[{"href":"https:\/\/gaceramic.com\/fr\/wp-json\/wp\/v2\/types\/page"}],"author":[{"embeddable":true,"href":"https:\/\/gaceramic.com\/fr\/wp-json\/wp\/v2\/users\/1"}],"replies":[{"embeddable":true,"href":"https:\/\/gaceramic.com\/fr\/wp-json\/wp\/v2\/comments?post=2773"}],"version-history":[{"count":0,"href":"https:\/\/gaceramic.com\/fr\/wp-json\/wp\/v2\/pages\/2773\/revisions"}],"wp:attachment":[{"href":"https:\/\/gaceramic.com\/fr\/wp-json\/wp\/v2\/media?parent=2773"}],"curies":[{"name":"wp","href":"https:\/\/api.w.org\/{rel}","templated":true}]}}