{"id":2810,"date":"2020-12-29T22:26:27","date_gmt":"2020-12-29T19:26:27","guid":{"rendered":"https:\/\/gaceramic.com\/?page_id=2810"},"modified":"2020-12-30T01:38:20","modified_gmt":"2020-12-29T22:38:20","slug":"livraison","status":"publish","type":"page","link":"https:\/\/gaceramic.com\/fr\/livraison\/","title":{"rendered":"LIVRAISON"},"content":{"rendered":"<div data-elementor-type=\"wp-page\" data-elementor-id=\"2810\" class=\"elementor elementor-2810\">\n\t\t\t\t\t\t<section class=\"elementor-section elementor-top-section elementor-element elementor-element-2a11fc5 elementor-section-boxed elementor-section-height-default elementor-section-height-default\" data-id=\"2a11fc5\" data-element_type=\"section\">\n\t\t\t\t\t\t<div class=\"elementor-container elementor-column-gap-default\">\n\t\t\t\t\t<div class=\"elementor-column elementor-col-100 elementor-top-column elementor-element elementor-element-2208c0b\" data-id=\"2208c0b\" data-element_type=\"column\">\n\t\t\t<div class=\"elementor-widget-wrap elementor-element-populated\">\n\t\t\t\t\t\t<div class=\"elementor-element elementor-element-c404539 elementor-widget elementor-widget-heading\" data-id=\"c404539\" data-element_type=\"widget\" data-widget_type=\"heading.default\">\n\t\t\t\t<div class=\"elementor-widget-container\">\n\t\t\t<h2 class=\"elementor-heading-title elementor-size-medium\">Livraison<\/h2>\t\t<\/div>\n\t\t\t\t<\/div>\n\t\t\t\t\t<\/div>\n\t\t<\/div>\n\t\t\t\t\t<\/div>\n\t\t<\/section>\n\t\t\t\t<section class=\"elementor-section elementor-top-section elementor-element elementor-element-849da4f elementor-section-boxed elementor-section-height-default elementor-section-height-default\" data-id=\"849da4f\" data-element_type=\"section\">\n\t\t\t\t\t\t<div class=\"elementor-container elementor-column-gap-default\">\n\t\t\t\t\t<div class=\"elementor-column elementor-col-100 elementor-top-column elementor-element elementor-element-518e76c\" data-id=\"518e76c\" data-element_type=\"column\">\n\t\t\t<div class=\"elementor-widget-wrap elementor-element-populated\">\n\t\t\t\t\t\t<div class=\"elementor-element elementor-element-5152f10 elementor-widget elementor-widget-text-editor\" data-id=\"5152f10\" data-element_type=\"widget\" data-widget_type=\"text-editor.default\">\n\t\t\t\t<div class=\"elementor-widget-container\">\n\t\t\t\t\t\t\t<p>Les commandes sont livr\u00e9es dans un d\u00e9lai moyen de 12 jours car elles sont produites sp\u00e9cialement pour vous.<\/p>\n<p>Une fois que vos produits ont quitt\u00e9 l'entrep\u00f4t, vous en \u00eates inform\u00e9 par une adresse \u00e9lectronique contenant des informations sur le suivi de la cargaison. Les produits sont livr\u00e9s dans les trois jours ouvrables suivant leur remise \u00e0 la soci\u00e9t\u00e9 de transport avec laquelle nous avons pass\u00e9 un contrat.<\/p>\n<p>Vous pouvez suivre vos commandes \u00e0 partir de la section \"Mes commandes\" et obtenir des informations sur l'\u00e9tat actuel de votre cargaison.<\/p>\n<p>Lorsque le document de livraison relatif \u00e0 la cargaison arrivant \u00e0 l'adresse de livraison est sign\u00e9 par le client, il est admis que les produits ont \u00e9t\u00e9 re\u00e7us dans leur int\u00e9gralit\u00e9 et non endommag\u00e9s.<\/p>\n<p>Apr\u00e8s avoir re\u00e7u votre cargaison, veuillez l'ouvrir et la v\u00e9rifier avec l'agent de fret.<\/p>\n<p>S'il s'av\u00e8re que certains produits de votre commande sont manquants, incorrects ou endommag\u00e9s lors du contr\u00f4le, demandez \u00e0 l'agent de fret d'\u00e9tablir un \"rapport d'\u00e9valuation des dommages\". Vous pouvez nous envoyer le produit endommag\u00e9 accompagn\u00e9 du rapport \u00e9tabli par l'agent de fret et demander le remplacement ou le retour de votre produit. Renvoyez votre colis endommag\u00e9 \u00e0 l'agent de fret accompagn\u00e9 du rapport. Apr\u00e8s r\u00e9ception des produits, nous vous informerons de la marche \u00e0 suivre concernant le produit que vous avez achet\u00e9.<\/p>\n<p>Le retour ou l'\u00e9change d'un produit cass\u00e9 ou endommag\u00e9 sans rapport de cargaison ne peut \u00eatre demand\u00e9.<\/p>\n<p>Le proc\u00e8s-verbal \u00e9tabli au moment de la premi\u00e8re livraison, en pr\u00e9sence de l'agent de fret, est tr\u00e8s important pour r\u00e9v\u00e9ler la personne responsable de la disparition ou de l'avarie. Les notifications incompl\u00e8tes\/endommag\u00e9es que vous ferez apr\u00e8s avoir re\u00e7u la cargaison peuvent \u00eatre rejet\u00e9es en fonction de l'examen, \u00e9tant donn\u00e9 qu'il n'y a pas de rapport.<\/p>\t\t\t\t\t\t<\/div>\n\t\t\t\t<\/div>\n\t\t\t\t\t<\/div>\n\t\t<\/div>\n\t\t\t\t\t<\/div>\n\t\t<\/section>\n\t\t\t\t<\/div>","protected":false},"excerpt":{"rendered":"<p>Teslimat Sipari\u015fler size \u00f6zel olarak \u00fcretilece\u011fi i\u00e7in ortalama 12 g\u00fcn i\u00e7inde teslim edilir. \u00dcr\u00fcnleriniz depodan \u00e7\u0131kt\u0131ktan sonra kargo takip bilgilerini i\u00e7eren bir e-posta adresi ile bilgilendirilirsiniz. \u00dcr\u00fcnler anla\u015fmal\u0131 oldu\u011fumuz kargo firmas\u0131na verildikten sonra 3 i\u015f g\u00fcn\u00fc i\u00e7inde teslim edilir. Sipari\u015flerinizin takibini \u2018Sipari\u015flerim\u2019 b\u00f6l\u00fcm\u00fcnden yapabilir ve kargonuzun son durumu hakk\u0131nda bilgi alabilirsiniz. Teslim adresine ula\u015fan kargo [&hellip;]<\/p>","protected":false},"author":1,"featured_media":0,"parent":0,"menu_order":0,"comment_status":"closed","ping_status":"closed","template":"","meta":{"_uag_custom_page_level_css":"","site-sidebar-layout":"no-sidebar","site-content-layout":"page-builder","ast-site-content-layout":"","site-content-style":"default","site-sidebar-style":"default","ast-global-header-display":"","ast-banner-title-visibility":"","ast-main-header-display":"","ast-hfb-above-header-display":"","ast-hfb-below-header-display":"","ast-hfb-mobile-header-display":"","site-post-title":"disabled","ast-breadcrumbs-content":"","ast-featured-img":"disabled","footer-sml-layout":"","theme-transparent-header-meta":"default","adv-header-id-meta":"","stick-header-meta":"","header-above-stick-meta":"","header-main-stick-meta":"","header-below-stick-meta":"","astra-migrate-meta-layouts":"default","ast-page-background-enabled":"default","ast-page-background-meta":{"desktop":{"background-color":"","background-image":"","background-repeat":"repeat","background-position":"center center","background-size":"auto","background-attachment":"scroll","background-type":"","background-media":"","overlay-type":"","overlay-color":"","overlay-opacity":"","overlay-gradient":""},"tablet":{"background-color":"","background-image":"","background-repeat":"repeat","background-position":"center center","background-size":"auto","background-attachment":"scroll","background-type":"","background-media":"","overlay-type":"","overlay-color":"","overlay-opacity":"","overlay-gradient":""},"mobile":{"background-color":"","background-image":"","background-repeat":"repeat","background-position":"center center","background-size":"auto","background-attachment":"scroll","background-type":"","background-media":"","overlay-type":"","overlay-color":"","overlay-opacity":"","overlay-gradient":""}},"ast-content-background-meta":{"desktop":{"background-color":"var(--ast-global-color-5)","background-image":"","background-repeat":"repeat","background-position":"center center","background-size":"auto","background-attachment":"scroll","background-type":"","background-media":"","overlay-type":"","overlay-color":"","overlay-opacity":"","overlay-gradient":""},"tablet":{"background-color":"var(--ast-global-color-5)","background-image":"","background-repeat":"repeat","background-position":"center center","background-size":"auto","background-attachment":"scroll","background-type":"","background-media":"","overlay-type":"","overlay-color":"","overlay-opacity":"","overlay-gradient":""},"mobile":{"background-color":"var(--ast-global-color-5)","background-image":"","background-repeat":"repeat","background-position":"center center","background-size":"auto","background-attachment":"scroll","background-type":"","background-media":"","overlay-type":"","overlay-color":"","overlay-opacity":"","overlay-gradient":""}},"footnotes":""},"class_list":["post-2810","page","type-page","status-publish","hentry"],"uagb_featured_image_src":{"full":false,"thumbnail":false,"medium":false,"medium_large":false,"large":false,"1536x1536":false,"2048x2048":false,"trp-custom-language-flag":false,"woocommerce_thumbnail":false,"woocommerce_single":false,"woocommerce_gallery_thumbnail":false,"variation_swatches_image_size":false,"variation_swatches_tooltip_size":false},"uagb_author_info":{"display_name":"gaceramic","author_link":"https:\/\/gaceramic.com\/fr\/author\/gaceramic\/"},"uagb_comment_info":0,"uagb_excerpt":"Teslimat Sipari\u015fler size \u00f6zel olarak \u00fcretilece\u011fi i\u00e7in ortalama 12 g\u00fcn i\u00e7inde teslim edilir. \u00dcr\u00fcnleriniz depodan \u00e7\u0131kt\u0131ktan sonra kargo takip bilgilerini i\u00e7eren bir e-posta adresi ile bilgilendirilirsiniz. \u00dcr\u00fcnler anla\u015fmal\u0131 oldu\u011fumuz kargo firmas\u0131na verildikten sonra 3 i\u015f g\u00fcn\u00fc i\u00e7inde teslim edilir. Sipari\u015flerinizin takibini \u2018Sipari\u015flerim\u2019 b\u00f6l\u00fcm\u00fcnden yapabilir ve kargonuzun son durumu hakk\u0131nda bilgi alabilirsiniz. Teslim adresine ula\u015fan kargo\u2026","_links":{"self":[{"href":"https:\/\/gaceramic.com\/fr\/wp-json\/wp\/v2\/pages\/2810","targetHints":{"allow":["GET"]}}],"collection":[{"href":"https:\/\/gaceramic.com\/fr\/wp-json\/wp\/v2\/pages"}],"about":[{"href":"https:\/\/gaceramic.com\/fr\/wp-json\/wp\/v2\/types\/page"}],"author":[{"embeddable":true,"href":"https:\/\/gaceramic.com\/fr\/wp-json\/wp\/v2\/users\/1"}],"replies":[{"embeddable":true,"href":"https:\/\/gaceramic.com\/fr\/wp-json\/wp\/v2\/comments?post=2810"}],"version-history":[{"count":0,"href":"https:\/\/gaceramic.com\/fr\/wp-json\/wp\/v2\/pages\/2810\/revisions"}],"wp:attachment":[{"href":"https:\/\/gaceramic.com\/fr\/wp-json\/wp\/v2\/media?parent=2810"}],"curies":[{"name":"wp","href":"https:\/\/api.w.org\/{rel}","templated":true}]}}