{"id":2810,"date":"2020-12-29T22:26:27","date_gmt":"2020-12-29T19:26:27","guid":{"rendered":"https:\/\/gaceramic.com\/?page_id=2810"},"modified":"2020-12-30T01:38:20","modified_gmt":"2020-12-29T22:38:20","slug":"teslimat","status":"publish","type":"page","link":"https:\/\/gaceramic.com\/it\/teslimat\/","title":{"rendered":"TESL\u0130MAT"},"content":{"rendered":"<div data-elementor-type=\"wp-page\" data-elementor-id=\"2810\" class=\"elementor elementor-2810\">\n\t\t\t\t\t\t<section class=\"elementor-section elementor-top-section elementor-element elementor-element-2a11fc5 elementor-section-boxed elementor-section-height-default elementor-section-height-default\" data-id=\"2a11fc5\" data-element_type=\"section\">\n\t\t\t\t\t\t<div class=\"elementor-container elementor-column-gap-default\">\n\t\t\t\t\t<div class=\"elementor-column elementor-col-100 elementor-top-column elementor-element elementor-element-2208c0b\" data-id=\"2208c0b\" data-element_type=\"column\">\n\t\t\t<div class=\"elementor-widget-wrap elementor-element-populated\">\n\t\t\t\t\t\t<div class=\"elementor-element elementor-element-c404539 elementor-widget elementor-widget-heading\" data-id=\"c404539\" data-element_type=\"widget\" data-widget_type=\"heading.default\">\n\t\t\t\t<div class=\"elementor-widget-container\">\n\t\t\t<h2 class=\"elementor-heading-title elementor-size-medium\">Consegna<\/h2>\t\t<\/div>\n\t\t\t\t<\/div>\n\t\t\t\t\t<\/div>\n\t\t<\/div>\n\t\t\t\t\t<\/div>\n\t\t<\/section>\n\t\t\t\t<section class=\"elementor-section elementor-top-section elementor-element elementor-element-849da4f elementor-section-boxed elementor-section-height-default elementor-section-height-default\" data-id=\"849da4f\" data-element_type=\"section\">\n\t\t\t\t\t\t<div class=\"elementor-container elementor-column-gap-default\">\n\t\t\t\t\t<div class=\"elementor-column elementor-col-100 elementor-top-column elementor-element elementor-element-518e76c\" data-id=\"518e76c\" data-element_type=\"column\">\n\t\t\t<div class=\"elementor-widget-wrap elementor-element-populated\">\n\t\t\t\t\t\t<div class=\"elementor-element elementor-element-5152f10 elementor-widget elementor-widget-text-editor\" data-id=\"5152f10\" data-element_type=\"widget\" data-widget_type=\"text-editor.default\">\n\t\t\t\t<div class=\"elementor-widget-container\">\n\t\t\t\t\t\t\t<p>Sipari\u015fler size \u00f6zel olarak \u00fcretilece\u011fi i\u00e7in ortalama 12 g\u00fcn i\u00e7inde teslim edilir.<\/p>\n<p>\u00dcr\u00fcnleriniz depodan \u00e7\u0131kt\u0131ktan sonra kargo takip bilgilerini i\u00e7eren bir e-posta adresi ile bilgilendirilirsiniz. \u00dcr\u00fcnler anla\u015fmal\u0131 oldu\u011fumuz kargo firmas\u0131na verildikten sonra 3 i\u015f g\u00fcn\u00fc i\u00e7inde teslim edilir.<\/p>\n<p>Sipari\u015flerinizin takibini \u2018Sipari\u015flerim\u2019 b\u00f6l\u00fcm\u00fcnden yapabilir ve kargonuzun son durumu hakk\u0131nda bilgi alabilirsiniz.<\/p>\n<p>Teslim adresine ula\u015fan kargo ile ilgili teslim belgesi m\u00fc\u015fteri taraf\u0131ndan imzaland\u0131\u011f\u0131nda, \u00fcr\u00fcnlerin tam ve hasars\u0131z olarak teslim al\u0131nd\u0131\u011f\u0131 kabul edilecektir.<\/p>\n<p>Kargonuzu teslim ald\u0131ktan sonra l\u00fctfen kargo yetkilisi ile a\u00e7\u0131p, kontrol ediniz.<\/p>\n<p>E\u011fer kontrol s\u0131ras\u0131nda sipari\u015finizdeki baz\u0131 \u00fcr\u00fcnlerin eksik, yanl\u0131\u015f veya hasarl\u0131 oldu\u011fu ortaya \u00e7\u0131karsa, kargo yetkilisinden \u2018hasar tespit tutana\u011f\u0131\u2019 haz\u0131rlamas\u0131n\u0131 talep ediniz. Kargo g\u00f6revlisinin haz\u0131rlayaca\u011f\u0131 tutanak ile birlikte hasarl\u0131 \u00fcr\u00fcn\u00fc taraf\u0131m\u0131za g\u00f6nderebilir, \u00fcr\u00fcn\u00fcn\u00fcz\u00fcn de\u011fi\u015fimini ya da iadesini isteyebilirsiniz. Hasarl\u0131 kolinizi tutulan tutanakla beraber kargo g\u00f6revlisine iade ediniz. \u00dcr\u00fcnler elimize ula\u015ft\u0131ktan sonra, sat\u0131n alm\u0131\u015f oldu\u011funuz \u00fcr\u00fcnle ilgili izlenecek yol, taraf\u0131m\u0131zdan bildirilecektir.<\/p>\n<p>Kargo tutana\u011f\u0131 olmayan k\u0131r\u0131k ya da hasarl\u0131 \u00fcr\u00fcn\u00fcn iadesi ya da de\u011fi\u015fimi talep edilemez.<\/p>\n<p>Kargo yetkilisi \u015fahitli\u011finde, ilk teslim an\u0131nda haz\u0131rlanan tutanaklar eksik veya hasar\u0131n sorumlusunun ortaya \u00e7\u0131kar\u0131lmas\u0131 i\u00e7in \u00e7ok \u00f6nemlidir. Kargoyu teslim ald\u0131ktan sonra yapaca\u011f\u0131n\u0131z eksik\/hasar bildirimleri, tutanak olmad\u0131\u011f\u0131ndan incelemeye ba\u011fl\u0131 olarak reddedilebilir<\/p>\t\t\t\t\t\t<\/div>\n\t\t\t\t<\/div>\n\t\t\t\t\t<\/div>\n\t\t<\/div>\n\t\t\t\t\t<\/div>\n\t\t<\/section>\n\t\t\t\t<\/div>","protected":false},"excerpt":{"rendered":"<p>Teslimat Sipari\u015fler size \u00f6zel olarak \u00fcretilece\u011fi i\u00e7in ortalama 12 g\u00fcn i\u00e7inde teslim edilir. \u00dcr\u00fcnleriniz depodan \u00e7\u0131kt\u0131ktan sonra kargo takip bilgilerini i\u00e7eren bir e-posta adresi ile bilgilendirilirsiniz. \u00dcr\u00fcnler anla\u015fmal\u0131 oldu\u011fumuz kargo firmas\u0131na verildikten sonra 3 i\u015f g\u00fcn\u00fc i\u00e7inde teslim edilir. Sipari\u015flerinizin takibini \u2018Sipari\u015flerim\u2019 b\u00f6l\u00fcm\u00fcnden yapabilir ve kargonuzun son durumu hakk\u0131nda bilgi alabilirsiniz. Teslim adresine ula\u015fan kargo [&hellip;]<\/p>","protected":false},"author":1,"featured_media":0,"parent":0,"menu_order":0,"comment_status":"closed","ping_status":"closed","template":"","meta":{"_uag_custom_page_level_css":"","site-sidebar-layout":"no-sidebar","site-content-layout":"page-builder","ast-site-content-layout":"","site-content-style":"default","site-sidebar-style":"default","ast-global-header-display":"","ast-banner-title-visibility":"","ast-main-header-display":"","ast-hfb-above-header-display":"","ast-hfb-below-header-display":"","ast-hfb-mobile-header-display":"","site-post-title":"disabled","ast-breadcrumbs-content":"","ast-featured-img":"disabled","footer-sml-layout":"","theme-transparent-header-meta":"default","adv-header-id-meta":"","stick-header-meta":"","header-above-stick-meta":"","header-main-stick-meta":"","header-below-stick-meta":"","astra-migrate-meta-layouts":"default","ast-page-background-enabled":"default","ast-page-background-meta":{"desktop":{"background-color":"","background-image":"","background-repeat":"repeat","background-position":"center center","background-size":"auto","background-attachment":"scroll","background-type":"","background-media":"","overlay-type":"","overlay-color":"","overlay-opacity":"","overlay-gradient":""},"tablet":{"background-color":"","background-image":"","background-repeat":"repeat","background-position":"center center","background-size":"auto","background-attachment":"scroll","background-type":"","background-media":"","overlay-type":"","overlay-color":"","overlay-opacity":"","overlay-gradient":""},"mobile":{"background-color":"","background-image":"","background-repeat":"repeat","background-position":"center center","background-size":"auto","background-attachment":"scroll","background-type":"","background-media":"","overlay-type":"","overlay-color":"","overlay-opacity":"","overlay-gradient":""}},"ast-content-background-meta":{"desktop":{"background-color":"var(--ast-global-color-5)","background-image":"","background-repeat":"repeat","background-position":"center center","background-size":"auto","background-attachment":"scroll","background-type":"","background-media":"","overlay-type":"","overlay-color":"","overlay-opacity":"","overlay-gradient":""},"tablet":{"background-color":"var(--ast-global-color-5)","background-image":"","background-repeat":"repeat","background-position":"center center","background-size":"auto","background-attachment":"scroll","background-type":"","background-media":"","overlay-type":"","overlay-color":"","overlay-opacity":"","overlay-gradient":""},"mobile":{"background-color":"var(--ast-global-color-5)","background-image":"","background-repeat":"repeat","background-position":"center center","background-size":"auto","background-attachment":"scroll","background-type":"","background-media":"","overlay-type":"","overlay-color":"","overlay-opacity":"","overlay-gradient":""}},"footnotes":""},"class_list":["post-2810","page","type-page","status-publish","hentry"],"uagb_featured_image_src":{"full":false,"thumbnail":false,"medium":false,"medium_large":false,"large":false,"1536x1536":false,"2048x2048":false,"trp-custom-language-flag":false,"woocommerce_thumbnail":false,"woocommerce_single":false,"woocommerce_gallery_thumbnail":false,"variation_swatches_image_size":false,"variation_swatches_tooltip_size":false},"uagb_author_info":{"display_name":"gaceramic","author_link":"https:\/\/gaceramic.com\/it\/author\/gaceramic\/"},"uagb_comment_info":0,"uagb_excerpt":"Teslimat Sipari\u015fler size \u00f6zel olarak \u00fcretilece\u011fi i\u00e7in ortalama 12 g\u00fcn i\u00e7inde teslim edilir. \u00dcr\u00fcnleriniz depodan \u00e7\u0131kt\u0131ktan sonra kargo takip bilgilerini i\u00e7eren bir e-posta adresi ile bilgilendirilirsiniz. \u00dcr\u00fcnler anla\u015fmal\u0131 oldu\u011fumuz kargo firmas\u0131na verildikten sonra 3 i\u015f g\u00fcn\u00fc i\u00e7inde teslim edilir. Sipari\u015flerinizin takibini \u2018Sipari\u015flerim\u2019 b\u00f6l\u00fcm\u00fcnden yapabilir ve kargonuzun son durumu hakk\u0131nda bilgi alabilirsiniz. Teslim adresine ula\u015fan kargo&hellip;","_links":{"self":[{"href":"https:\/\/gaceramic.com\/it\/wp-json\/wp\/v2\/pages\/2810","targetHints":{"allow":["GET"]}}],"collection":[{"href":"https:\/\/gaceramic.com\/it\/wp-json\/wp\/v2\/pages"}],"about":[{"href":"https:\/\/gaceramic.com\/it\/wp-json\/wp\/v2\/types\/page"}],"author":[{"embeddable":true,"href":"https:\/\/gaceramic.com\/it\/wp-json\/wp\/v2\/users\/1"}],"replies":[{"embeddable":true,"href":"https:\/\/gaceramic.com\/it\/wp-json\/wp\/v2\/comments?post=2810"}],"version-history":[{"count":0,"href":"https:\/\/gaceramic.com\/it\/wp-json\/wp\/v2\/pages\/2810\/revisions"}],"wp:attachment":[{"href":"https:\/\/gaceramic.com\/it\/wp-json\/wp\/v2\/media?parent=2810"}],"curies":[{"name":"wp","href":"https:\/\/api.w.org\/{rel}","templated":true}]}}