{"id":2743,"date":"2020-12-27T23:58:58","date_gmt":"2020-12-27T20:58:58","guid":{"rendered":"https:\/\/gaceramic.com\/?page_id=2743"},"modified":"2020-12-30T01:42:35","modified_gmt":"2020-12-29T22:42:35","slug":"iptal-ve-iade-kosullari","status":"publish","type":"page","link":"https:\/\/gaceramic.com\/ru\/iptal-ve-iade-kosullari\/","title":{"rendered":"\u0423\u0441\u043b\u043e\u0432\u0438\u044f \u0430\u043d\u043d\u0443\u043b\u0438\u0440\u043e\u0432\u0430\u043d\u0438\u044f \u0438 \u0432\u043e\u0437\u0432\u0440\u0430\u0442\u0430"},"content":{"rendered":"<div data-elementor-type=\"wp-page\" data-elementor-id=\"2743\" class=\"elementor elementor-2743\">\n\t\t\t\t\t\t<section class=\"elementor-section elementor-top-section elementor-element elementor-element-febc7d3 elementor-section-boxed elementor-section-height-default elementor-section-height-default\" data-id=\"febc7d3\" data-element_type=\"section\">\n\t\t\t\t\t\t<div class=\"elementor-container elementor-column-gap-default\">\n\t\t\t\t\t<div class=\"elementor-column elementor-col-100 elementor-top-column elementor-element elementor-element-935b6f6\" data-id=\"935b6f6\" data-element_type=\"column\">\n\t\t\t<div class=\"elementor-widget-wrap elementor-element-populated\">\n\t\t\t\t\t\t<div class=\"elementor-element elementor-element-144bc8f elementor-widget elementor-widget-heading\" data-id=\"144bc8f\" data-element_type=\"widget\" data-widget_type=\"heading.default\">\n\t\t\t\t<div class=\"elementor-widget-container\">\n\t\t\t<h2 class=\"elementor-heading-title elementor-size-medium\">\u0130ptal ve \u0130ade Ko\u015fullar\u0131<\/h2>\t\t<\/div>\n\t\t\t\t<\/div>\n\t\t\t\t\t<\/div>\n\t\t<\/div>\n\t\t\t\t\t<\/div>\n\t\t<\/section>\n\t\t\t\t<section class=\"elementor-section elementor-top-section elementor-element elementor-element-916fa49 elementor-section-boxed elementor-section-height-default elementor-section-height-default\" data-id=\"916fa49\" data-element_type=\"section\">\n\t\t\t\t\t\t<div class=\"elementor-container elementor-column-gap-default\">\n\t\t\t\t\t<div class=\"elementor-column elementor-col-100 elementor-top-column elementor-element elementor-element-bd05edd\" data-id=\"bd05edd\" data-element_type=\"column\">\n\t\t\t<div class=\"elementor-widget-wrap elementor-element-populated\">\n\t\t\t\t\t\t<div class=\"elementor-element elementor-element-db7ff3e elementor-widget elementor-widget-text-editor\" data-id=\"db7ff3e\" data-element_type=\"widget\" data-widget_type=\"text-editor.default\">\n\t\t\t\t<div class=\"elementor-widget-container\">\n\t\t\t\t\t\t\t<div class=\"contentbox-header\">\n<h4>&nbsp;<\/h4>\n<\/div>\n<div class=\"contentbox-body\">\n<div class=\"row\">\n<div class=\"col-12\">\n<p>\u0130ade i\u00e7in \u00fcr\u00fcn\u00fcn kullan\u0131lmam\u0131\u015f veya tahrip edilmemi\u015f olmas\u0131 gerekmektedir. Teslim al\u0131nd\u0131\u011f\u0131 tarihten itibaren 14 g\u00fcn i\u00e7inde teslim ald\u0131\u011f\u0131n\u0131z \u015fekli ile iade edebilirsiniz. \u0130ade talebiniz durumunda \u00f6nceden mutlaka firmam\u0131za telefon veya e-mail ile bildirilmelidir. Yap\u0131lan de\u011ferlendirme sonucu size telefon ya da \/e-posta yoluyla bilgi verildikten sonra \u00fcr\u00fcn\u00fcn taraf\u0131m\u0131za g\u00f6nderilmesi gerekmektedir.<\/p>\n<p>\u0130ade hakk\u0131 i\u00e7in m\u00fc\u015fteri \u00fcr\u00fcn\u00fc kullanmadan geri vermekle y\u00fck\u00fcml\u00fcd\u00fcr. \u0130adeli \u00fcr\u00fcnler kargo s\u0131ras\u0131nda k\u0131r\u0131lmayacak \u015fekilde paketlenmelidir. Kargo s\u0131ras\u0131nda k\u0131r\u0131lan \u00fcr\u00fcn\u00fcn ticari de\u011ferindeki kayb\u0131 m\u00fc\u015fteriye aittir.<\/p>\n<p>\u0130ade etmek istedi\u011finiz \u00fcr\u00fcn\u00fcn orijinal faturas\u0131 (t\u00fcm kopyalar\u0131) ile birlikte g\u00f6ndermeniz gerekmektedir. Yapaca\u011f\u0131n\u0131z t\u00fcm iadeler www.gaceramic.com taraf\u0131ndan teslimat yap\u0131lan kargo \u015firketi arac\u0131l\u0131\u011f\u0131yla yap\u0131lmal\u0131d\u0131r. Farkl\u0131 kargo firmalar\u0131 arac\u0131l\u0131\u011f\u0131yla g\u00f6nderilen \u00fcr\u00fcnler kabul edilmez.&nbsp;<\/p>\n<p>Kargonuzu teslim al\u0131rken, paketleri teslim s\u0131ras\u0131nda a\u00e7\u0131p kontrol ediniz. Kontrol s\u0131ras\u0131nda baz\u0131 \u00fcr\u00fcnlerin eksik, yanl\u0131\u015f veya hasarl\u0131 olmas\u0131 durumunda \u00fcr\u00fcn\u00fc teslim almay\u0131n\u0131z. Kargo yetkilisinden \u2018hasar tespit tutana\u011f\u0131\u2019 haz\u0131rlamas\u0131n\u0131 talep ediniz. Kargo g\u00f6revlisinin haz\u0131rlayaca\u011f\u0131 tutanak ile birlikte hasarl\u0131 \u00fcr\u00fcn\u00fc taraf\u0131m\u0131za geri g\u00f6nderebilir, \u00fcr\u00fcn\u00fcn\u00fcz\u00fcn de\u011fi\u015fimini ya da iadesini isteyebilirsiniz. \u0130ade edilen \u00fcr\u00fcn\u00fcn taraf\u0131m\u0131za ula\u015fmas\u0131yla birlikte iade s\u00fcreci ba\u015flat\u0131l\u0131r.<\/p>\n<p>Hasar tespit tutana\u011f\u0131\u2019 olmayan k\u0131r\u0131k ya da hasarl\u0131 \u00fcr\u00fcn\u00fcn iadesi ya da de\u011fi\u015fimini kabul etmedi\u011fimizi unutmay\u0131n\u0131z.<\/p>\n<p>M\u00fc\u015fteri \u00fcr\u00fcn\u00fc, kendisine teslim edildi\u011fi \u015fekilde geri vermekle y\u00fck\u00fcml\u00fcd\u00fcr. Kullan\u0131lm\u0131\u015f \u00fcr\u00fcn iadesi kabul edilmez.<\/p>\n<p><strong>PARA \u0130ADES\u0130<\/strong><\/p>\n<p>M\u00fc\u015fterinin \u00fcr\u00fcn\u00fc iade etmesi veya al\u0131\u015fveri\u015finden caymas\u0131 halinde, iade edilen \u00fcr\u00fcn iade adresimize ula\u015ft\u0131\u011f\u0131 andan itibaren on ( 14 ) g\u00fcn i\u00e7erisinde \u00fcr\u00fcn bedeli iade edilir. Bu s\u00fcre\u00e7 tamamen bankan\u0131za ba\u011fl\u0131d\u0131r. Taksitli sat\u0131\u015flarda yap\u0131lan iadeler bankan\u0131z taraf\u0131ndan kredi kart\u0131n\u0131za her ay art\u0131 bakiye olarak yans\u0131t\u0131lmaktad\u0131r.<\/p>\n<p>\u0130ade etmek istenilen \u00fcr\u00fcn\u00fcn faturas\u0131 KDV m\u00fckellefi (fatura d\u00fczenleme mecburiyeti olan ger\u00e7ek veya t\u00fczel ki\u015filere) ad\u0131na d\u00fczenlenmi\u015f ise, \u00fcr\u00fcn\u00fc iade ederken, iade faturas\u0131 ile birlikte g\u00f6nderilmesi gerekmektedir.<\/p>\n<p>\u0130ade faturas\u0131, kargo pay\u0131 d\u00e2hil edilmeden ( \u00fcr\u00fcn birim fiyat\u0131 + KDV \u015feklinde ) d\u00fczenlenmelidir. Faturas\u0131, KDV m\u00fckelleflerine (fatura d\u00fczenleme mecburiyeti olan ger\u00e7ek veya t\u00fczel ki\u015filere) d\u00fczenlenmi\u015f sipari\u015flerin iadeleri, \u0130ADE FATURASI d\u00fczenlenmedi\u011fi takdirde tamamlanamayacakt\u0131r.<\/p>\n<\/div>\n<\/div>\n<\/div>\t\t\t\t\t\t<\/div>\n\t\t\t\t<\/div>\n\t\t\t\t\t<\/div>\n\t\t<\/div>\n\t\t\t\t\t<\/div>\n\t\t<\/section>\n\t\t\t\t<\/div>","protected":false},"excerpt":{"rendered":"<p>\u0130ptal ve \u0130ade Ko\u015fullar\u0131 &nbsp; \u0130ade i\u00e7in \u00fcr\u00fcn\u00fcn kullan\u0131lmam\u0131\u015f veya tahrip edilmemi\u015f olmas\u0131 gerekmektedir. Teslim al\u0131nd\u0131\u011f\u0131 tarihten itibaren 14 g\u00fcn i\u00e7inde teslim ald\u0131\u011f\u0131n\u0131z \u015fekli ile iade edebilirsiniz. \u0130ade talebiniz durumunda \u00f6nceden mutlaka firmam\u0131za telefon veya e-mail ile bildirilmelidir. Yap\u0131lan de\u011ferlendirme sonucu size telefon ya da \/e-posta yoluyla bilgi verildikten sonra \u00fcr\u00fcn\u00fcn taraf\u0131m\u0131za g\u00f6nderilmesi gerekmektedir. \u0130ade [&hellip;]<\/p>","protected":false},"author":1,"featured_media":0,"parent":0,"menu_order":0,"comment_status":"closed","ping_status":"closed","template":"elementor_header_footer","meta":{"_uag_custom_page_level_css":"","site-sidebar-layout":"no-sidebar","site-content-layout":"page-builder","ast-site-content-layout":"","site-content-style":"default","site-sidebar-style":"default","ast-global-header-display":"","ast-banner-title-visibility":"","ast-main-header-display":"","ast-hfb-above-header-display":"","ast-hfb-below-header-display":"","ast-hfb-mobile-header-display":"","site-post-title":"disabled","ast-breadcrumbs-content":"","ast-featured-img":"disabled","footer-sml-layout":"","theme-transparent-header-meta":"default","adv-header-id-meta":"","stick-header-meta":"","header-above-stick-meta":"","header-main-stick-meta":"","header-below-stick-meta":"","astra-migrate-meta-layouts":"default","ast-page-background-enabled":"default","ast-page-background-meta":{"desktop":{"background-color":"","background-image":"","background-repeat":"repeat","background-position":"center center","background-size":"auto","background-attachment":"scroll","background-type":"","background-media":"","overlay-type":"","overlay-color":"","overlay-opacity":"","overlay-gradient":""},"tablet":{"background-color":"","background-image":"","background-repeat":"repeat","background-position":"center center","background-size":"auto","background-attachment":"scroll","background-type":"","background-media":"","overlay-type":"","overlay-color":"","overlay-opacity":"","overlay-gradient":""},"mobile":{"background-color":"","background-image":"","background-repeat":"repeat","background-position":"center center","background-size":"auto","background-attachment":"scroll","background-type":"","background-media":"","overlay-type":"","overlay-color":"","overlay-opacity":"","overlay-gradient":""}},"ast-content-background-meta":{"desktop":{"background-color":"var(--ast-global-color-5)","background-image":"","background-repeat":"repeat","background-position":"center center","background-size":"auto","background-attachment":"scroll","background-type":"","background-media":"","overlay-type":"","overlay-color":"","overlay-opacity":"","overlay-gradient":""},"tablet":{"background-color":"var(--ast-global-color-5)","background-image":"","background-repeat":"repeat","background-position":"center center","background-size":"auto","background-attachment":"scroll","background-type":"","background-media":"","overlay-type":"","overlay-color":"","overlay-opacity":"","overlay-gradient":""},"mobile":{"background-color":"var(--ast-global-color-5)","background-image":"","background-repeat":"repeat","background-position":"center center","background-size":"auto","background-attachment":"scroll","background-type":"","background-media":"","overlay-type":"","overlay-color":"","overlay-opacity":"","overlay-gradient":""}},"footnotes":""},"class_list":["post-2743","page","type-page","status-publish","hentry"],"uagb_featured_image_src":{"full":false,"thumbnail":false,"medium":false,"medium_large":false,"large":false,"1536x1536":false,"2048x2048":false,"trp-custom-language-flag":false,"woocommerce_thumbnail":false,"woocommerce_single":false,"woocommerce_gallery_thumbnail":false,"variation_swatches_image_size":false,"variation_swatches_tooltip_size":false},"uagb_author_info":{"display_name":"gaceramic","author_link":"https:\/\/gaceramic.com\/ru\/author\/gaceramic\/"},"uagb_comment_info":0,"uagb_excerpt":"\u0130ptal ve \u0130ade Ko\u015fullar\u0131 &nbsp; \u0130ade i\u00e7in \u00fcr\u00fcn\u00fcn kullan\u0131lmam\u0131\u015f veya tahrip edilmemi\u015f olmas\u0131 gerekmektedir. Teslim al\u0131nd\u0131\u011f\u0131 tarihten itibaren 14 g\u00fcn i\u00e7inde teslim ald\u0131\u011f\u0131n\u0131z \u015fekli ile iade edebilirsiniz. \u0130ade talebiniz durumunda \u00f6nceden mutlaka firmam\u0131za telefon veya e-mail ile bildirilmelidir. Yap\u0131lan de\u011ferlendirme sonucu size telefon ya da \/e-posta yoluyla bilgi verildikten sonra \u00fcr\u00fcn\u00fcn taraf\u0131m\u0131za g\u00f6nderilmesi gerekmektedir. \u0130ade&hellip;","_links":{"self":[{"href":"https:\/\/gaceramic.com\/ru\/wp-json\/wp\/v2\/pages\/2743","targetHints":{"allow":["GET"]}}],"collection":[{"href":"https:\/\/gaceramic.com\/ru\/wp-json\/wp\/v2\/pages"}],"about":[{"href":"https:\/\/gaceramic.com\/ru\/wp-json\/wp\/v2\/types\/page"}],"author":[{"embeddable":true,"href":"https:\/\/gaceramic.com\/ru\/wp-json\/wp\/v2\/users\/1"}],"replies":[{"embeddable":true,"href":"https:\/\/gaceramic.com\/ru\/wp-json\/wp\/v2\/comments?post=2743"}],"version-history":[{"count":0,"href":"https:\/\/gaceramic.com\/ru\/wp-json\/wp\/v2\/pages\/2743\/revisions"}],"wp:attachment":[{"href":"https:\/\/gaceramic.com\/ru\/wp-json\/wp\/v2\/media?parent=2743"}],"curies":[{"name":"wp","href":"https:\/\/api.w.org\/{rel}","templated":true}]}}