{"id":2818,"date":"2020-12-29T22:29:47","date_gmt":"2020-12-29T19:29:47","guid":{"rendered":"https:\/\/gaceramic.com\/?page_id=2818"},"modified":"2020-12-30T01:41:01","modified_gmt":"2020-12-29T22:41:01","slug":"%d1%87%d0%b0%d1%81%d1%82%d0%be-%d0%b7%d0%b0%d0%b4%d0%b0%d0%b2%d0%b0%d0%b5%d0%bc%d1%8b%d0%b5-%d0%b2%d0%be%d0%bf%d1%80%d0%be%d1%81%d1%8b","status":"publish","type":"page","link":"https:\/\/gaceramic.com\/ru\/%d1%87%d0%b0%d1%81%d1%82%d0%be-%d0%b7%d0%b0%d0%b4%d0%b0%d0%b2%d0%b0%d0%b5%d0%bc%d1%8b%d0%b5-%d0%b2%d0%be%d0%bf%d1%80%d0%be%d1%81%d1%8b\/","title":{"rendered":"\u0427\u0430\u0441\u0442\u043e \u0437\u0430\u0434\u0430\u0432\u0430\u0435\u043c\u044b\u0435 \u0432\u043e\u043f\u0440\u043e\u0441\u044b"},"content":{"rendered":"<div data-elementor-type=\"wp-page\" data-elementor-id=\"2818\" class=\"elementor elementor-2818\">\n\t\t\t\t\t\t<section class=\"elementor-section elementor-top-section elementor-element elementor-element-bbb2b93 elementor-section-boxed elementor-section-height-default elementor-section-height-default\" data-id=\"bbb2b93\" data-element_type=\"section\">\n\t\t\t\t\t\t<div class=\"elementor-container elementor-column-gap-default\">\n\t\t\t\t\t<div class=\"elementor-column elementor-col-100 elementor-top-column elementor-element elementor-element-799705d\" data-id=\"799705d\" data-element_type=\"column\">\n\t\t\t<div class=\"elementor-widget-wrap elementor-element-populated\">\n\t\t\t\t\t\t<div class=\"elementor-element elementor-element-86090e8 elementor-widget elementor-widget-heading\" data-id=\"86090e8\" data-element_type=\"widget\" data-widget_type=\"heading.default\">\n\t\t\t\t<div class=\"elementor-widget-container\">\n\t\t\t<h2 class=\"elementor-heading-title elementor-size-medium\">\u0427\u0430\u0441\u0442\u043e \u0437\u0430\u0434\u0430\u0432\u0430\u0435\u043c\u044b\u0435 \u0432\u043e\u043f\u0440\u043e\u0441\u044b<\/h2>\t\t<\/div>\n\t\t\t\t<\/div>\n\t\t\t\t\t<\/div>\n\t\t<\/div>\n\t\t\t\t\t<\/div>\n\t\t<\/section>\n\t\t\t\t<section class=\"elementor-section elementor-top-section elementor-element elementor-element-200a4ff elementor-section-boxed elementor-section-height-default elementor-section-height-default\" data-id=\"200a4ff\" data-element_type=\"section\">\n\t\t\t\t\t\t<div class=\"elementor-container elementor-column-gap-default\">\n\t\t\t\t\t<div class=\"elementor-column elementor-col-100 elementor-top-column elementor-element elementor-element-0f1b941\" data-id=\"0f1b941\" data-element_type=\"column\">\n\t\t\t<div class=\"elementor-widget-wrap elementor-element-populated\">\n\t\t\t\t\t\t<div class=\"elementor-element elementor-element-2b660c0 elementor-widget elementor-widget-text-editor\" data-id=\"2b660c0\" data-element_type=\"widget\" data-widget_type=\"text-editor.default\">\n\t\t\t\t<div class=\"elementor-widget-container\">\n\t\t\t\t\t\t\t<p><strong>\u041a\u0430\u043a \u044f \u043c\u043e\u0433\u0443 \u0441\u0442\u0430\u0442\u044c \u0447\u043b\u0435\u043d\u043e\u043c \u043a\u043b\u0443\u0431\u0430?<\/strong><\/p><p>\u0412\u044b \u043c\u043e\u0436\u0435\u0442\u0435 \u043b\u0435\u0433\u043a\u043e \u0441\u043e\u0437\u0434\u0430\u0442\u044c \u043d\u043e\u0432\u043e\u0435 \u0447\u043b\u0435\u043d\u0441\u0442\u0432\u043e \u043d\u0430 \u043d\u0430\u0448\u0435\u043c \u0441\u0430\u0439\u0442\u0435 \u0432 \u0440\u0430\u0437\u0434\u0435\u043b\u0435 \"\u0412\u0445\u043e\u0434\".<\/p><p><strong>\u041d\u0443\u0436\u043d\u043e \u043b\u0438 \u043c\u043d\u0435 \u0431\u044b\u0442\u044c \u0447\u043b\u0435\u043d\u043e\u043c \u043a\u043b\u0443\u0431\u0430 \u043f\u0440\u0438 \u043e\u0444\u043e\u0440\u043c\u043b\u0435\u043d\u0438\u0438 \u0437\u0430\u043a\u0430\u0437\u0430?<\/strong><\/p><p>\u041d\u0435\u0442, \u0432\u044b \u043c\u043e\u0436\u0435\u0442\u0435 \u0434\u043e\u0431\u0430\u0432\u0438\u0442\u044c \u043b\u044e\u0431\u043e\u0439 \u0442\u043e\u0432\u0430\u0440 \u0432 \u043a\u043e\u0440\u0437\u0438\u043d\u0443 \u0438 \u0441\u043e\u0437\u0434\u0430\u0442\u044c \u0437\u0430\u043a\u0430\u0437, \u043d\u0435 \u0431\u0443\u0434\u0443\u0447\u0438 \u0447\u043b\u0435\u043d\u043e\u043c \u043a\u043b\u0443\u0431\u0430.<\/p><p><strong>\u0411\u0435\u0437\u043e\u043f\u0430\u0441\u043d\u0430 \u043b\u0438 \u0438\u043d\u0444\u043e\u0440\u043c\u0430\u0446\u0438\u044f \u043e \u043c\u043e\u0435\u0439 \u043a\u0440\u0435\u0434\u0438\u0442\u043d\u043e\u0439 \u043a\u0430\u0440\u0442\u0435?<\/strong><\/p><p>\u0421\u0438\u0441\u0442\u0435\u043c\u0430 3D Secure \u0438\u0441\u043f\u043e\u043b\u044c\u0437\u0443\u0435\u0442\u0441\u044f \u043f\u0440\u0438 \u043f\u0440\u043e\u0432\u0435\u0434\u0435\u043d\u0438\u0438 \u043e\u043f\u0435\u0440\u0430\u0446\u0438\u0439 \u0441 \u0431\u0430\u043d\u043a\u043e\u0432\u0441\u043a\u0438\u043c\u0438 \u043a\u0430\u0440\u0442\u0430\u043c\u0438. 3D Secure - \u044d\u0442\u043e \u0441\u0438\u0441\u0442\u0435\u043c\u0430 \u0430\u0443\u0442\u0435\u043d\u0442\u0438\u0444\u0438\u043a\u0430\u0446\u0438\u0438, \u0440\u0430\u0437\u0440\u0430\u0431\u043e\u0442\u0430\u043d\u043d\u0430\u044f \u043e\u0440\u0433\u0430\u043d\u0438\u0437\u0430\u0446\u0438\u044f\u043c\u0438, \u0432\u044b\u043f\u0443\u0441\u043a\u0430\u044e\u0449\u0438\u043c\u0438 \u043a\u0430\u0440\u0442\u044b, \u0434\u043b\u044f \u043e\u0431\u0435\u0441\u043f\u0435\u0447\u0435\u043d\u0438\u044f \u0431\u0435\u0437\u043e\u043f\u0430\u0441\u043d\u043e\u0441\u0442\u0438 \u043f\u043e\u043a\u0443\u043f\u043e\u043a \u0432 \u0418\u043d\u0442\u0435\u0440\u043d\u0435\u0442\u0435.<\/p><p><strong>\u041a\u0430\u043a \u044f \u043c\u043e\u0433\u0443 \u043e\u0442\u0441\u043b\u0435\u0436\u0438\u0432\u0430\u0442\u044c \u0441\u0432\u043e\u0438 \u0437\u0430\u043a\u0430\u0437\u044b?<\/strong><\/p><p>\u041a\u043e\u0433\u0434\u0430 \u0432\u0430\u0448 \u0437\u0430\u043a\u0430\u0437 \u0431\u0443\u0434\u0435\u0442 \u0434\u043e\u0441\u0442\u0430\u0432\u043b\u0435\u043d \u043a \u0433\u0440\u0443\u0437\u0443, \u0432\u044b \u043f\u043e\u043b\u0443\u0447\u0438\u0442\u0435 \u0438\u043d\u0444\u043e\u0440\u043c\u0430\u0446\u0438\u043e\u043d\u043d\u043e\u0435 \u0441\u043e\u043e\u0431\u0449\u0435\u043d\u0438\u0435 \u0438 \u0438\u043d\u0444\u043e\u0440\u043c\u0430\u0446\u0438\u043e\u043d\u043d\u043e\u0435 SMS \u043e\u0442 \u043a\u043e\u043c\u043f\u0430\u043d\u0438\u0438-\u0433\u0440\u0443\u0437\u043e\u043f\u0435\u0440\u0435\u0432\u043e\u0437\u0447\u0438\u043a\u0430.<\/p><p>\u041f\u043e\u0441\u043b\u0435 \u043f\u043e\u043b\u0443\u0447\u0435\u043d\u0438\u044f SMS \u0438 \u0438\u043d\u0444\u043e\u0440\u043c\u0430\u0446\u0438\u043e\u043d\u043d\u043e\u0433\u043e \u0441\u043e\u043e\u0431\u0449\u0435\u043d\u0438\u044f \u0432\u044b \u043c\u043e\u0436\u0435\u0442\u0435 \u043e\u0442\u0441\u043b\u0435\u0436\u0438\u0432\u0430\u0442\u044c \u0441\u0432\u043e\u0439 \u0433\u0440\u0443\u0437 \u043d\u0430 \u0432\u043a\u043b\u0430\u0434\u043a\u0435 \"\u041c\u043e\u0438 \u0437\u0430\u043a\u0430\u0437\u044b\".<\/p><p><strong>\u041a\u043e\u0433\u0434\u0430 \u0431\u0443\u0434\u0435\u0442 \u043e\u0442\u043f\u0440\u0430\u0432\u043b\u0435\u043d \u043c\u043e\u0439 \u0437\u0430\u043a\u0430\u0437?<\/strong><\/p><p>\u041f\u0440\u0438 \u043e\u0444\u043e\u0440\u043c\u043b\u0435\u043d\u0438\u0438 \u043e\u043d\u043b\u0430\u0439\u043d-\u0437\u0430\u043a\u0430\u0437\u043e\u0432 \u0431\u0435\u0440\u0435\u0442\u0441\u044f \u043f\u0440\u0435\u0434\u043e\u043f\u043b\u0430\u0442\u0430 \u0437\u0430 \u0438\u0437\u0434\u0435\u043b\u0438\u044f, \u043a\u043e\u0442\u043e\u0440\u044b\u0435 \u0432\u044b \u0445\u043e\u0442\u0438\u0442\u0435 \u0441\u0434\u0435\u043b\u0430\u0442\u044c \u0432 \u0440\u0430\u0437\u043d\u044b\u0445 \u0446\u0432\u0435\u0442\u0430\u0445 \u0438 \u0440\u0430\u0437\u043d\u044b\u0445 \u043c\u043e\u0434\u0435\u043b\u044f\u0445. \u0418\u0437\u0434\u0435\u043b\u0438\u044f, \u0438\u0437\u0433\u043e\u0442\u043e\u0432\u043b\u0435\u043d\u043d\u044b\u0435 \u043d\u0430 \u0437\u0430\u043a\u0430\u0437, \u0432\u043e\u0437\u0432\u0440\u0430\u0442\u0443 \u043d\u0435 \u043f\u043e\u0434\u043b\u0435\u0436\u0430\u0442<\/p><p><strong>\u0427\u0442\u043e \u0434\u0435\u043b\u0430\u0442\u044c, \u0435\u0441\u043b\u0438 \u043c\u043e\u0439 \u0437\u0430\u043a\u0430\u0437 \u0441\u043b\u043e\u043c\u0430\u043d?<\/strong><\/p><p>\u041f\u043e\u0441\u043b\u0435 \u043f\u043e\u043b\u0443\u0447\u0435\u043d\u0438\u044f \u0433\u0440\u0443\u0437\u0430, \u043f\u043e\u0436\u0430\u043b\u0443\u0439\u0441\u0442\u0430, \u043e\u0442\u043a\u0440\u043e\u0439\u0442\u0435 \u0438 \u043f\u0440\u043e\u0432\u0435\u0440\u044c\u0442\u0435 \u0435\u0433\u043e \u0432\u043c\u0435\u0441\u0442\u0435 \u0441 \u0441\u043e\u0442\u0440\u0443\u0434\u043d\u0438\u043a\u043e\u043c \u0433\u0440\u0443\u0437\u043e\u0432\u043e\u0433\u043e \u043e\u0442\u0434\u0435\u043b\u0430. \u0415\u0441\u043b\u0438 \u043f\u0440\u0438 \u043f\u0440\u043e\u0432\u0435\u0440\u043a\u0435 \u043e\u043a\u0430\u0436\u0435\u0442\u0441\u044f, \u0447\u0442\u043e \u043d\u0435\u043a\u043e\u0442\u043e\u0440\u044b\u0435 \u0442\u043e\u0432\u0430\u0440\u044b \u0438\u0437 \u0432\u0430\u0448\u0435\u0433\u043e \u0437\u0430\u043a\u0430\u0437\u0430 \u043e\u0442\u0441\u0443\u0442\u0441\u0442\u0432\u0443\u044e\u0442, \u043d\u0435\u043f\u0440\u0430\u0432\u0438\u043b\u044c\u043d\u043e \u043e\u0444\u043e\u0440\u043c\u043b\u0435\u043d\u044b \u0438\u043b\u0438 \u043f\u043e\u0432\u0440\u0435\u0436\u0434\u0435\u043d\u044b, \u043f\u043e\u043f\u0440\u043e\u0441\u0438\u0442\u0435 \u0441\u043e\u0442\u0440\u0443\u0434\u043d\u0438\u043a\u0430 \u0433\u0440\u0443\u0437\u043e\u0432\u043e\u0433\u043e \u043e\u0442\u0434\u0435\u043b\u0430 \u0441\u043e\u0441\u0442\u0430\u0432\u0438\u0442\u044c \"\u0430\u043a\u0442 \u043e\u0446\u0435\u043d\u043a\u0438 \u0443\u0449\u0435\u0440\u0431\u0430\". \u041a\u043e\u0433\u0434\u0430 \u0434\u043e\u043a\u0443\u043c\u0435\u043d\u0442 \u043e \u0434\u043e\u0441\u0442\u0430\u0432\u043a\u0435 \u0433\u0440\u0443\u0437\u0430 \u043f\u043e \u0430\u0434\u0440\u0435\u0441\u0443 \u0434\u043e\u0441\u0442\u0430\u0432\u043a\u0438 \u0431\u0443\u0434\u0435\u0442 \u043f\u043e\u0434\u043f\u0438\u0441\u0430\u043d \u043a\u043b\u0438\u0435\u043d\u0442\u043e\u043c, \u0431\u0443\u0434\u0435\u0442 \u0441\u0447\u0438\u0442\u0430\u0442\u044c\u0441\u044f, \u0447\u0442\u043e \u0442\u043e\u0432\u0430\u0440 \u043f\u043e\u043b\u0443\u0447\u0435\u043d \u0432 \u043f\u043e\u043b\u043d\u043e\u043c \u043e\u0431\u044a\u0435\u043c\u0435 \u0438 \u0431\u0435\u0437 \u043f\u043e\u0432\u0440\u0435\u0436\u0434\u0435\u043d\u0438\u0439. \u0415\u0441\u043b\u0438 \u043f\u0440\u0438 \u043f\u043e\u043b\u0443\u0447\u0435\u043d\u0438\u0438 \u0433\u0440\u0443\u0437\u0430 \u0441 \u0437\u0430\u043a\u0430\u0437\u043e\u043c \u0432\u044b \u043e\u0431\u043d\u0430\u0440\u0443\u0436\u0438\u043b\u0438 \u043f\u043e\u0432\u0440\u0435\u0436\u0434\u0435\u043d\u0438\u044f \u0443\u043f\u0430\u043a\u043e\u0432\u043a\u0438, \u043f\u043e\u0436\u0430\u043b\u0443\u0439\u0441\u0442\u0430, \u0441\u0432\u044f\u0436\u0438\u0442\u0435\u0441\u044c \u0441 \u043d\u0430\u043c\u0438 \u0432 \u0442\u0435\u0447\u0435\u043d\u0438\u0435 24 \u0447\u0430\u0441\u043e\u0432. \u041a\u0440\u0430\u0442\u043a\u043e\u0435 \u043e\u043f\u0438\u0441\u0430\u043d\u0438\u0435 \u043f\u043e\u0432\u0440\u0435\u0436\u0434\u0435\u043d\u0438\u0439 \u0438 \u0444\u043e\u0442\u043e\u0433\u0440\u0430\u0444\u0438\u0438 \u0443\u043f\u0430\u043a\u043e\u0432\u043a\u0438 \u0432\u043c\u0435\u0441\u0442\u0435 \u0441 \u0440\u0435\u0437\u044e\u043c\u0435 \u043d\u0435\u043e\u0431\u0445\u043e\u0434\u0438\u043c\u043e \u043e\u0442\u043f\u0440\u0430\u0432\u0438\u0442\u044c \u043f\u043e \u044d\u043b\u0435\u043a\u0442\u0440\u043e\u043d\u043d\u043e\u0439 \u043f\u043e\u0447\u0442\u0435 \u043d\u0430 \u0430\u0434\u0440\u0435\u0441 gulsumaydin0@gmail.com. \u041f\u043e\u0441\u043b\u0435 \u043f\u043e\u043b\u0443\u0447\u0435\u043d\u0438\u044f \u0442\u043e\u0432\u0430\u0440\u0430 \u043c\u044b \u043f\u0440\u043e\u0438\u043d\u0444\u043e\u0440\u043c\u0438\u0440\u0443\u0435\u043c \u0432\u0430\u0441 \u043e \u043f\u043e\u0440\u044f\u0434\u043a\u0435 \u0434\u0435\u0439\u0441\u0442\u0432\u0438\u0439 \u0432 \u043e\u0442\u043d\u043e\u0448\u0435\u043d\u0438\u0438 \u043f\u0440\u0438\u043e\u0431\u0440\u0435\u0442\u0435\u043d\u043d\u043e\u0433\u043e \u0432\u0430\u043c\u0438 \u0442\u043e\u0432\u0430\u0440\u0430.<\/p><p><strong>\u041c\u043e\u0433\u0443 \u043b\u0438 \u044f \u043e\u043f\u043b\u0430\u0442\u0438\u0442\u044c \u0441\u0432\u043e\u0438 \u0437\u0430\u043a\u0430\u0437\u044b \u0434\u0435\u043d\u0435\u0436\u043d\u044b\u043c \u043f\u0435\u0440\u0435\u0432\u043e\u0434\u043e\u043c?<\/strong><\/p><p>\u0414\u0430, \u0432\u044b \u043c\u043e\u0436\u0435\u0442\u0435 \u0437\u0430\u043f\u043b\u0430\u0442\u0438\u0442\u044c \u0431\u0430\u043d\u043a\u043e\u0432\u0441\u043a\u0438\u043c \u043f\u0435\u0440\u0435\u0432\u043e\u0434\u043e\u043c.<\/p><p><strong>\u041c\u043e\u0433\u0443 \u043b\u0438 \u044f \u0432\u0435\u0440\u043d\u0443\u0442\u044c \u0442\u043e\u0432\u0430\u0440\u044b, \u043f\u0440\u0438\u043e\u0431\u0440\u0435\u0442\u0435\u043d\u043d\u044b\u0435 \u043d\u0430 \u0441\u0430\u0439\u0442\u0435 \u0438\u043d\u0442\u0435\u0440\u043d\u0435\u0442-\u043c\u0430\u0433\u0430\u0437\u0438\u043d\u0430?<\/strong><\/p><p>\u0414\u043b\u044f \u043f\u043e\u043b\u0443\u0447\u0435\u043d\u0438\u044f \u043f\u0440\u0430\u0432\u0430 \u043d\u0430 \u0432\u043e\u0437\u0432\u0440\u0430\u0442 \u043a\u043b\u0438\u0435\u043d\u0442 \u043e\u0431\u044f\u0437\u0430\u043d \u0432\u0435\u0440\u043d\u0443\u0442\u044c \u0442\u043e\u0432\u0430\u0440, \u043d\u0435 \u0438\u0441\u043f\u043e\u043b\u044c\u0437\u0443\u044f \u0435\u0433\u043e. \u0414\u043b\u044f \u0432\u043e\u0437\u0432\u0440\u0430\u0442\u0430 \u043d\u0435\u043e\u0431\u0445\u043e\u0434\u0438\u043c\u043e \u0441\u0432\u044f\u0437\u0430\u0442\u044c\u0441\u044f \u0441 \u043d\u0430\u0448\u0435\u0439 \u043a\u043e\u043c\u043f\u0430\u043d\u0438\u0435\u0439 \u043f\u043e \u0442\u0435\u043b\u0435\u0444\u043e\u043d\u0443 \u0438\u043b\u0438 \u044d\u043b\u0435\u043a\u0442\u0440\u043e\u043d\u043d\u043e\u0439 \u043f\u043e\u0447\u0442\u0435 \u0432 \u0442\u0435\u0447\u0435\u043d\u0438\u0435 14 \u0434\u043d\u0435\u0439 \u0441 \u043c\u043e\u043c\u0435\u043d\u0442\u0430 \u043f\u043e\u043b\u0443\u0447\u0435\u043d\u0438\u044f \u0442\u043e\u0432\u0430\u0440\u0430. \u0412\u043e\u0437\u0432\u0440\u0430\u0449\u0430\u0435\u043c\u044b\u0439 \u0442\u043e\u0432\u0430\u0440 \u0434\u043e\u043b\u0436\u0435\u043d \u0431\u044b\u0442\u044c \u0443\u043f\u0430\u043a\u043e\u0432\u0430\u043d \u0442\u0430\u043a\u0438\u043c \u043e\u0431\u0440\u0430\u0437\u043e\u043c, \u0447\u0442\u043e\u0431\u044b \u043e\u043d \u043d\u0435 \u0431\u044b\u043b \u0441\u043b\u043e\u043c\u0430\u043d \u0432\u043e \u0432\u0440\u0435\u043c\u044f \u0442\u0440\u0430\u043d\u0441\u043f\u043e\u0440\u0442\u0438\u0440\u043e\u0432\u043a\u0438. \u0423\u0442\u0440\u0430\u0442\u0430 \u0442\u043e\u0432\u0430\u0440\u043d\u043e\u0439 \u0441\u0442\u043e\u0438\u043c\u043e\u0441\u0442\u0438 \u0442\u043e\u0432\u0430\u0440\u0430, \u0440\u0430\u0437\u0431\u0438\u0442\u043e\u0433\u043e \u0432\u043e \u0432\u0440\u0435\u043c\u044f \u0442\u0440\u0430\u043d\u0441\u043f\u043e\u0440\u0442\u0438\u0440\u043e\u0432\u043a\u0438, \u0432\u043e\u0437\u043b\u0430\u0433\u0430\u0435\u0442\u0441\u044f \u043d\u0430 \u043f\u043e\u043a\u0443\u043f\u0430\u0442\u0435\u043b\u044f. \u0412\u0441\u0435 \u0432\u043e\u0437\u0432\u0440\u0430\u0442\u044b \u0434\u043e\u043b\u0436\u043d\u044b \u043e\u0441\u0443\u0449\u0435\u0441\u0442\u0432\u043b\u044f\u0442\u044c\u0441\u044f \u0447\u0435\u0440\u0435\u0437 \u0433\u0440\u0443\u0437\u043e\u0432\u0443\u044e \u043a\u043e\u043c\u043f\u0430\u043d\u0438\u044e, \u0434\u043e\u0441\u0442\u0430\u0432\u0438\u0432\u0448\u0443\u044e \u0442\u043e\u0432\u0430\u0440 \u043f\u043e \u0430\u0434\u0440\u0435\u0441\u0443 www.gaceramic.com. \u0422\u043e\u0432\u0430\u0440\u044b, \u043e\u0442\u043f\u0440\u0430\u0432\u043b\u0435\u043d\u043d\u044b\u0435 \u0447\u0435\u0440\u0435\u0437 \u0440\u0430\u0437\u043d\u044b\u0435 \u0433\u0440\u0443\u0437\u043e\u0432\u044b\u0435 \u043a\u043e\u043c\u043f\u0430\u043d\u0438\u0438, \u043d\u0435 \u043f\u0440\u0438\u043d\u0438\u043c\u0430\u044e\u0442\u0441\u044f. \u041f\u043b\u0430\u0442\u0430 \u0437\u0430 \u043e\u0431\u0440\u0430\u0442\u043d\u0443\u044e \u0434\u043e\u0441\u0442\u0430\u0432\u043a\u0443 \u043b\u043e\u0436\u0438\u0442\u0441\u044f \u043d\u0430 \u043f\u043e\u043a\u0443\u043f\u0430\u0442\u0435\u043b\u044f.<\/p><p><strong>\u0415\u0441\u0442\u044c \u043b\u0438 \u0443 \u0432\u0430\u0441 \u0432\u043e\u0437\u043c\u043e\u0436\u043d\u043e\u0441\u0442\u044c \u043d\u0430\u043b\u043e\u0436\u0435\u043d\u043d\u043e\u0433\u043e \u043f\u043b\u0430\u0442\u0435\u0436\u0430?<\/strong><\/p><p>\u0412\u044b \u043c\u043e\u0436\u0435\u0442\u0435 \u043e\u043f\u043b\u0430\u0442\u0438\u0442\u044c \u0437\u0430\u043a\u0430\u0437 \u0442\u043e\u043b\u044c\u043a\u043e \u043a\u0440\u0435\u0434\u0438\u0442\u043d\u043e\u0439 \u0438\u043b\u0438 \u0434\u0435\u0431\u0435\u0442\u043e\u0432\u043e\u0439 \u043a\u0430\u0440\u0442\u043e\u0439 \u043d\u0430 \u044d\u0442\u0430\u043f\u0435 \u0441\u043e\u0437\u0434\u0430\u043d\u0438\u044f \u0437\u0430\u043a\u0430\u0437\u0430.<\/p><p><strong>\u0412\u043e\u0437\u043c\u043e\u0436\u043d\u0430 \u043b\u0438 \u0440\u0430\u0441\u0441\u0440\u043e\u0447\u043a\u0430 \u043f\u043e \u043a\u0440\u0435\u0434\u0438\u0442\u043d\u043e\u0439 \u043a\u0430\u0440\u0442\u0435?<\/strong><\/p><p>\u0420\u0430\u0441\u0441\u0440\u043e\u0447\u043a\u0430 \u0434\u043e\u0441\u0442\u0443\u043f\u043d\u0430 \u0434\u043b\u044f \u043a\u0440\u0435\u0434\u0438\u0442\u043d\u044b\u0445 \u043a\u0430\u0440\u0442 World, Bonus, Axess, Maximum, CardFinans \u0438 Paraf.<\/p>\t\t\t\t\t\t<\/div>\n\t\t\t\t<\/div>\n\t\t\t\t\t<\/div>\n\t\t<\/div>\n\t\t\t\t\t<\/div>\n\t\t<\/section>\n\t\t\t\t<\/div>","protected":false},"excerpt":{"rendered":"<p>S\u0131k\u00e7a Sorulan Sorular Nas\u0131l \u00fcye olabilirim? Web sitemizin \u2018\u2019Giri\u015f yap\u2019\u2019 k\u0131sm\u0131ndan kolayca yeni \u00fcyelik olu\u015fturabilirsiniz. Sipari\u015f verirken \u00fcye olmak zorunda m\u0131y\u0131m? Hay\u0131r, \u00fcye olmadan diledi\u011finiz \u00fcr\u00fcn\u00fc sepete ekleyip sipari\u015finizi olu\u015fturabilirsiniz. Kredi Kart\u0131 bilgilerim g\u00fcvende mi? Banka kart\u0131 ile yapt\u0131\u011f\u0131n\u0131z i\u015flemlerde 3D Secure sistemi kullan\u0131l\u0131r. 3D Secure, online al\u0131\u015fveri\u015flerin g\u00fcvenli\u011fini sa\u011flamak amac\u0131yla kart kurulu\u015flar\u0131 taraf\u0131ndan geli\u015ftirilmi\u015f [&hellip;]<\/p>","protected":false},"author":1,"featured_media":0,"parent":0,"menu_order":0,"comment_status":"closed","ping_status":"closed","template":"","meta":{"_uag_custom_page_level_css":"","site-sidebar-layout":"no-sidebar","site-content-layout":"page-builder","ast-site-content-layout":"","site-content-style":"default","site-sidebar-style":"default","ast-global-header-display":"","ast-banner-title-visibility":"","ast-main-header-display":"","ast-hfb-above-header-display":"","ast-hfb-below-header-display":"","ast-hfb-mobile-header-display":"","site-post-title":"disabled","ast-breadcrumbs-content":"","ast-featured-img":"disabled","footer-sml-layout":"","theme-transparent-header-meta":"default","adv-header-id-meta":"","stick-header-meta":"","header-above-stick-meta":"","header-main-stick-meta":"","header-below-stick-meta":"","astra-migrate-meta-layouts":"default","ast-page-background-enabled":"default","ast-page-background-meta":{"desktop":{"background-color":"","background-image":"","background-repeat":"repeat","background-position":"center center","background-size":"auto","background-attachment":"scroll","background-type":"","background-media":"","overlay-type":"","overlay-color":"","overlay-opacity":"","overlay-gradient":""},"tablet":{"background-color":"","background-image":"","background-repeat":"repeat","background-position":"center center","background-size":"auto","background-attachment":"scroll","background-type":"","background-media":"","overlay-type":"","overlay-color":"","overlay-opacity":"","overlay-gradient":""},"mobile":{"background-color":"","background-image":"","background-repeat":"repeat","background-position":"center center","background-size":"auto","background-attachment":"scroll","background-type":"","background-media":"","overlay-type":"","overlay-color":"","overlay-opacity":"","overlay-gradient":""}},"ast-content-background-meta":{"desktop":{"background-color":"var(--ast-global-color-5)","background-image":"","background-repeat":"repeat","background-position":"center center","background-size":"auto","background-attachment":"scroll","background-type":"","background-media":"","overlay-type":"","overlay-color":"","overlay-opacity":"","overlay-gradient":""},"tablet":{"background-color":"var(--ast-global-color-5)","background-image":"","background-repeat":"repeat","background-position":"center center","background-size":"auto","background-attachment":"scroll","background-type":"","background-media":"","overlay-type":"","overlay-color":"","overlay-opacity":"","overlay-gradient":""},"mobile":{"background-color":"var(--ast-global-color-5)","background-image":"","background-repeat":"repeat","background-position":"center center","background-size":"auto","background-attachment":"scroll","background-type":"","background-media":"","overlay-type":"","overlay-color":"","overlay-opacity":"","overlay-gradient":""}},"footnotes":""},"class_list":["post-2818","page","type-page","status-publish","hentry"],"uagb_featured_image_src":{"full":false,"thumbnail":false,"medium":false,"medium_large":false,"large":false,"1536x1536":false,"2048x2048":false,"trp-custom-language-flag":false,"woocommerce_thumbnail":false,"woocommerce_single":false,"woocommerce_gallery_thumbnail":false,"variation_swatches_image_size":false,"variation_swatches_tooltip_size":false},"uagb_author_info":{"display_name":"gaceramic","author_link":"https:\/\/gaceramic.com\/ru\/author\/gaceramic\/"},"uagb_comment_info":0,"uagb_excerpt":"S\u0131k\u00e7a Sorulan Sorular Nas\u0131l \u00fcye olabilirim? Web sitemizin \u2018\u2019Giri\u015f yap\u2019\u2019 k\u0131sm\u0131ndan kolayca yeni \u00fcyelik olu\u015fturabilirsiniz. Sipari\u015f verirken \u00fcye olmak zorunda m\u0131y\u0131m? Hay\u0131r, \u00fcye olmadan diledi\u011finiz \u00fcr\u00fcn\u00fc sepete ekleyip sipari\u015finizi olu\u015fturabilirsiniz. Kredi Kart\u0131 bilgilerim g\u00fcvende mi? Banka kart\u0131 ile yapt\u0131\u011f\u0131n\u0131z i\u015flemlerde 3D Secure sistemi kullan\u0131l\u0131r. 3D Secure, online al\u0131\u015fveri\u015flerin g\u00fcvenli\u011fini sa\u011flamak amac\u0131yla kart kurulu\u015flar\u0131 taraf\u0131ndan geli\u015ftirilmi\u015f&hellip;","_links":{"self":[{"href":"https:\/\/gaceramic.com\/ru\/wp-json\/wp\/v2\/pages\/2818","targetHints":{"allow":["GET"]}}],"collection":[{"href":"https:\/\/gaceramic.com\/ru\/wp-json\/wp\/v2\/pages"}],"about":[{"href":"https:\/\/gaceramic.com\/ru\/wp-json\/wp\/v2\/types\/page"}],"author":[{"embeddable":true,"href":"https:\/\/gaceramic.com\/ru\/wp-json\/wp\/v2\/users\/1"}],"replies":[{"embeddable":true,"href":"https:\/\/gaceramic.com\/ru\/wp-json\/wp\/v2\/comments?post=2818"}],"version-history":[{"count":0,"href":"https:\/\/gaceramic.com\/ru\/wp-json\/wp\/v2\/pages\/2818\/revisions"}],"wp:attachment":[{"href":"https:\/\/gaceramic.com\/ru\/wp-json\/wp\/v2\/media?parent=2818"}],"curies":[{"name":"wp","href":"https:\/\/api.w.org\/{rel}","templated":true}]}}